{"id":5398,"date":"2023-10-13T12:19:22","date_gmt":"2023-10-13T11:19:22","guid":{"rendered":"https:\/\/pullus-shop.com\/?post_type=product&#038;p=5398"},"modified":"2025-01-22T14:30:30","modified_gmt":"2025-01-22T13:30:30","slug":"pullus-aeternalis","status":"publish","type":"product","link":"https:\/\/www.ptujska-klet.si\/trgovina\/izdelek\/pullus-aeternalis\/","title":{"rendered":"Aeternalis, suho"},"content":{"rendered":"<h4>Opis<\/h4>\n<p>Verjetno bi bilo pogovorno najbolj smotrno re\u010di, da je vino \u00bboran\u017eno\u00ab. Vendar dejstvo je, da nam barvna paleta ponuja kar nekaj razli\u010dnih odtenkov, umestili pa bi jo lahko \u00a0v rang globoko zlata &#8211; ne\u017eno jantarna. Na vonju zaznavne za\u010dimbe ter herbalne note, moker kamen, prezrelo ko\u0161\u010di\u010dasto sadje, v odtenkih tudi sekundarne note, ki spominja na ne\u017eno noto po kruhovi skorji in maslu. V ustih preseneti mineralnost ter kompleksnost samega vina. Rahlo zaznavne za\u010dimbe se vseskozi prepletajo z herbalno noto, ne zmanjka niti avtoliti\u010dnih not, ki jih od za\u010detka do konca oku\u0161anja spremljajo lepo vkomponirani tanini, ter mineralost.<\/p>\n<h6>PODATKI O VINU<\/h6>\n<p><strong>Barva:<\/strong> Belo\/Jantarno<br \/>\n<strong>Sladkorna stopnja:<\/strong>\u00a0Suho<br \/>\n<strong>Sorte:<\/strong> La\u0161ki rizling<br \/>\n<strong>Letnik:<\/strong> 2021<br \/>\n<strong>Enota mere:<\/strong>\u00a0750ml<br \/>\n<strong>\u0160t. buteljk v kartonu:<\/strong>\u00a06<\/p>\n","protected":false},"excerpt":{"rendered":"<p>Opis Verjetno bi bilo pogovorno najbolj smotrno re\u010di, da je vino \u00bboran\u017eno\u00ab. Vendar dejstvo je, da nam barvna paleta ponuja kar nekaj razli\u010dnih odtenkov, umestili pa bi jo lahko \u00a0v rang globoko zlata &#8211; ne\u017eno jantarna. Na vonju zaznavne za\u010dimbe ter herbalne note, moker kamen, prezrelo ko\u0161\u010di\u010dasto sadje, v odtenkih tudi sekundarne note, ki spominja [&hellip;]<\/p>\n","protected":false},"featured_media":5745,"template":"","meta":[],"product_brand":[],"product_cat":[29],"product_tag":[44],"class_list":{"0":"post-5398","1":"product","2":"type-product","3":"status-publish","4":"has-post-thumbnail","6":"product_cat-pullus-artisan","7":"product_tag-laski-rizling","9":"first","10":"instock","11":"taxable","12":"shipping-taxable","13":"purchasable","14":"product-type-simple"},"yoast_head":"<!-- This site is optimized with the Yoast SEO plugin v27.5 - https:\/\/yoast.com\/product\/yoast-seo-wordpress\/ -->\n<title>Aeternalis, suho - Ptujska Klet<\/title>\n<meta name=\"description\" content=\"Rahlo zaznavne za\u010dimbe se vseskozi prepletajo z herbalno noto, ne zmanjka niti avtoliti\u010dnih not, ki jih od za\u010detka do konca oku\u0161\u0161anja\" \/>\n<meta name=\"robots\" content=\"index, follow, max-snippet:-1, max-image-preview:large, max-video-preview:-1\" \/>\n<link rel=\"canonical\" href=\"https:\/\/www.ptujska-klet.si\/trgovina\/izdelek\/pullus-aeternalis\/\" \/>\n<meta property=\"og:locale\" content=\"sl_SI\" \/>\n<meta property=\"og:type\" content=\"article\" \/>\n<meta property=\"og:title\" content=\"Aeternalis, suho - Ptujska Klet\" \/>\n<meta property=\"og:description\" content=\"Rahlo zaznavne za\u010dimbe se vseskozi prepletajo z herbalno noto, ne zmanjka niti avtoliti\u010dnih not, ki jih od za\u010detka do konca oku\u0161\u0161anja\" \/>\n<meta property=\"og:url\" content=\"https:\/\/www.ptujska-klet.si\/trgovina\/izdelek\/pullus-aeternalis\/\" \/>\n<meta property=\"og:site_name\" content=\"Ptujska Klet\" \/>\n<meta property=\"article:modified_time\" content=\"2025-01-22T13:30:30+00:00\" \/>\n<meta property=\"og:image\" content=\"https:\/\/www.ptujska-klet.si\/trgovina\/wp-content\/uploads\/2023\/10\/aertenalis_suho-1.jpg\" \/>\n\t<meta property=\"og:image:width\" content=\"768\" \/>\n\t<meta property=\"og:image:height\" content=\"983\" \/>\n\t<meta property=\"og:image:type\" content=\"image\/jpeg\" \/>\n<meta name=\"twitter:card\" content=\"summary_large_image\" \/>\n<meta name=\"twitter:label1\" content=\"Est. reading time\" \/>\n\t<meta name=\"twitter:data1\" content=\"1 minuta\" \/>\n<script type=\"application\/ld+json\" class=\"yoast-schema-graph\">{\"@context\":\"https:\\\/\\\/schema.org\",\"@graph\":[{\"@type\":\"WebPage\",\"@id\":\"https:\\\/\\\/www.ptujska-klet.si\\\/trgovina\\\/izdelek\\\/pullus-aeternalis\\\/\",\"url\":\"https:\\\/\\\/www.ptujska-klet.si\\\/trgovina\\\/izdelek\\\/pullus-aeternalis\\\/\",\"name\":\"Aeternalis, suho - Ptujska Klet\",\"isPartOf\":{\"@id\":\"https:\\\/\\\/www.ptujska-klet.si\\\/trgovina\\\/#website\"},\"primaryImageOfPage\":{\"@id\":\"https:\\\/\\\/www.ptujska-klet.si\\\/trgovina\\\/izdelek\\\/pullus-aeternalis\\\/#primaryimage\"},\"image\":{\"@id\":\"https:\\\/\\\/www.ptujska-klet.si\\\/trgovina\\\/izdelek\\\/pullus-aeternalis\\\/#primaryimage\"},\"thumbnailUrl\":\"https:\\\/\\\/www.ptujska-klet.si\\\/trgovina\\\/wp-content\\\/uploads\\\/2023\\\/10\\\/aertenalis_suho-1.jpg\",\"datePublished\":\"2023-10-13T11:19:22+00:00\",\"dateModified\":\"2025-01-22T13:30:30+00:00\",\"description\":\"Rahlo zaznavne za\u010dimbe se vseskozi prepletajo z herbalno noto, ne zmanjka niti avtoliti\u010dnih not, ki jih od za\u010detka do konca oku\u0161\u0161anja\",\"breadcrumb\":{\"@id\":\"https:\\\/\\\/www.ptujska-klet.si\\\/trgovina\\\/izdelek\\\/pullus-aeternalis\\\/#breadcrumb\"},\"inLanguage\":\"sl-SI\",\"potentialAction\":[{\"@type\":\"ReadAction\",\"target\":[\"https:\\\/\\\/www.ptujska-klet.si\\\/trgovina\\\/izdelek\\\/pullus-aeternalis\\\/\"]}]},{\"@type\":\"ImageObject\",\"inLanguage\":\"sl-SI\",\"@id\":\"https:\\\/\\\/www.ptujska-klet.si\\\/trgovina\\\/izdelek\\\/pullus-aeternalis\\\/#primaryimage\",\"url\":\"https:\\\/\\\/www.ptujska-klet.si\\\/trgovina\\\/wp-content\\\/uploads\\\/2023\\\/10\\\/aertenalis_suho-1.jpg\",\"contentUrl\":\"https:\\\/\\\/www.ptujska-klet.si\\\/trgovina\\\/wp-content\\\/uploads\\\/2023\\\/10\\\/aertenalis_suho-1.jpg\",\"width\":768,\"height\":983},{\"@type\":\"BreadcrumbList\",\"@id\":\"https:\\\/\\\/www.ptujska-klet.si\\\/trgovina\\\/izdelek\\\/pullus-aeternalis\\\/#breadcrumb\",\"itemListElement\":[{\"@type\":\"ListItem\",\"position\":1,\"name\":\"Home\",\"item\":\"https:\\\/\\\/www.ptujska-klet.si\\\/trgovina\\\/\"},{\"@type\":\"ListItem\",\"position\":2,\"name\":\"Trgovina\",\"item\":\"https:\\\/\\\/www.ptujska-klet.si\\\/trgovina\\\/\"},{\"@type\":\"ListItem\",\"position\":3,\"name\":\"Aeternalis, suho\"}]},{\"@type\":\"WebSite\",\"@id\":\"https:\\\/\\\/www.ptujska-klet.si\\\/trgovina\\\/#website\",\"url\":\"https:\\\/\\\/www.ptujska-klet.si\\\/trgovina\\\/\",\"name\":\"Ptujska Klet\",\"description\":\"Vinska klet z najbolj\u0161imi vini za vse okuse\",\"publisher\":{\"@id\":\"https:\\\/\\\/www.ptujska-klet.si\\\/trgovina\\\/#organization\"},\"potentialAction\":[{\"@type\":\"SearchAction\",\"target\":{\"@type\":\"EntryPoint\",\"urlTemplate\":\"https:\\\/\\\/www.ptujska-klet.si\\\/trgovina\\\/?s={search_term_string}\"},\"query-input\":{\"@type\":\"PropertyValueSpecification\",\"valueRequired\":true,\"valueName\":\"search_term_string\"}}],\"inLanguage\":\"sl-SI\"},{\"@type\":\"Organization\",\"@id\":\"https:\\\/\\\/www.ptujska-klet.si\\\/trgovina\\\/#organization\",\"name\":\"Ptujska Klet\",\"url\":\"https:\\\/\\\/www.ptujska-klet.si\\\/trgovina\\\/\",\"logo\":{\"@type\":\"ImageObject\",\"inLanguage\":\"sl-SI\",\"@id\":\"https:\\\/\\\/www.ptujska-klet.si\\\/trgovina\\\/#\\\/schema\\\/logo\\\/image\\\/\",\"url\":\"https:\\\/\\\/www.ptujska-klet.si\\\/trgovina\\\/wp-content\\\/uploads\\\/2020\\\/04\\\/cropped-pullus_favicon-300x300-1-1.png\",\"contentUrl\":\"https:\\\/\\\/www.ptujska-klet.si\\\/trgovina\\\/wp-content\\\/uploads\\\/2020\\\/04\\\/cropped-pullus_favicon-300x300-1-1.png\",\"width\":300,\"height\":300,\"caption\":\"Ptujska Klet\"},\"image\":{\"@id\":\"https:\\\/\\\/www.ptujska-klet.si\\\/trgovina\\\/#\\\/schema\\\/logo\\\/image\\\/\"}}]}<\/script>\n<!-- \/ Yoast SEO plugin. -->","yoast_head_json":{"title":"Aeternalis, suho - Ptujska Klet","description":"Rahlo zaznavne za\u010dimbe se vseskozi prepletajo z herbalno noto, ne zmanjka niti avtoliti\u010dnih not, ki jih od za\u010detka do konca oku\u0161\u0161anja","robots":{"index":"index","follow":"follow","max-snippet":"max-snippet:-1","max-image-preview":"max-image-preview:large","max-video-preview":"max-video-preview:-1"},"canonical":"https:\/\/www.ptujska-klet.si\/trgovina\/izdelek\/pullus-aeternalis\/","og_locale":"sl_SI","og_type":"article","og_title":"Aeternalis, suho - Ptujska Klet","og_description":"Rahlo zaznavne za\u010dimbe se vseskozi prepletajo z herbalno noto, ne zmanjka niti avtoliti\u010dnih not, ki jih od za\u010detka do konca oku\u0161\u0161anja","og_url":"https:\/\/www.ptujska-klet.si\/trgovina\/izdelek\/pullus-aeternalis\/","og_site_name":"Ptujska Klet","article_modified_time":"2025-01-22T13:30:30+00:00","og_image":[{"width":768,"height":983,"url":"https:\/\/www.ptujska-klet.si\/trgovina\/wp-content\/uploads\/2023\/10\/aertenalis_suho-1.jpg","type":"image\/jpeg"}],"twitter_card":"summary_large_image","twitter_misc":{"Est. reading time":"1 minuta"},"schema":{"@context":"https:\/\/schema.org","@graph":[{"@type":"WebPage","@id":"https:\/\/www.ptujska-klet.si\/trgovina\/izdelek\/pullus-aeternalis\/","url":"https:\/\/www.ptujska-klet.si\/trgovina\/izdelek\/pullus-aeternalis\/","name":"Aeternalis, suho - Ptujska Klet","isPartOf":{"@id":"https:\/\/www.ptujska-klet.si\/trgovina\/#website"},"primaryImageOfPage":{"@id":"https:\/\/www.ptujska-klet.si\/trgovina\/izdelek\/pullus-aeternalis\/#primaryimage"},"image":{"@id":"https:\/\/www.ptujska-klet.si\/trgovina\/izdelek\/pullus-aeternalis\/#primaryimage"},"thumbnailUrl":"https:\/\/www.ptujska-klet.si\/trgovina\/wp-content\/uploads\/2023\/10\/aertenalis_suho-1.jpg","datePublished":"2023-10-13T11:19:22+00:00","dateModified":"2025-01-22T13:30:30+00:00","description":"Rahlo zaznavne za\u010dimbe se vseskozi prepletajo z herbalno noto, ne zmanjka niti avtoliti\u010dnih not, ki jih od za\u010detka do konca oku\u0161\u0161anja","breadcrumb":{"@id":"https:\/\/www.ptujska-klet.si\/trgovina\/izdelek\/pullus-aeternalis\/#breadcrumb"},"inLanguage":"sl-SI","potentialAction":[{"@type":"ReadAction","target":["https:\/\/www.ptujska-klet.si\/trgovina\/izdelek\/pullus-aeternalis\/"]}]},{"@type":"ImageObject","inLanguage":"sl-SI","@id":"https:\/\/www.ptujska-klet.si\/trgovina\/izdelek\/pullus-aeternalis\/#primaryimage","url":"https:\/\/www.ptujska-klet.si\/trgovina\/wp-content\/uploads\/2023\/10\/aertenalis_suho-1.jpg","contentUrl":"https:\/\/www.ptujska-klet.si\/trgovina\/wp-content\/uploads\/2023\/10\/aertenalis_suho-1.jpg","width":768,"height":983},{"@type":"BreadcrumbList","@id":"https:\/\/www.ptujska-klet.si\/trgovina\/izdelek\/pullus-aeternalis\/#breadcrumb","itemListElement":[{"@type":"ListItem","position":1,"name":"Home","item":"https:\/\/www.ptujska-klet.si\/trgovina\/"},{"@type":"ListItem","position":2,"name":"Trgovina","item":"https:\/\/www.ptujska-klet.si\/trgovina\/"},{"@type":"ListItem","position":3,"name":"Aeternalis, suho"}]},{"@type":"WebSite","@id":"https:\/\/www.ptujska-klet.si\/trgovina\/#website","url":"https:\/\/www.ptujska-klet.si\/trgovina\/","name":"Ptujska Klet","description":"Vinska klet z najbolj\u0161imi vini za vse okuse","publisher":{"@id":"https:\/\/www.ptujska-klet.si\/trgovina\/#organization"},"potentialAction":[{"@type":"SearchAction","target":{"@type":"EntryPoint","urlTemplate":"https:\/\/www.ptujska-klet.si\/trgovina\/?s={search_term_string}"},"query-input":{"@type":"PropertyValueSpecification","valueRequired":true,"valueName":"search_term_string"}}],"inLanguage":"sl-SI"},{"@type":"Organization","@id":"https:\/\/www.ptujska-klet.si\/trgovina\/#organization","name":"Ptujska Klet","url":"https:\/\/www.ptujska-klet.si\/trgovina\/","logo":{"@type":"ImageObject","inLanguage":"sl-SI","@id":"https:\/\/www.ptujska-klet.si\/trgovina\/#\/schema\/logo\/image\/","url":"https:\/\/www.ptujska-klet.si\/trgovina\/wp-content\/uploads\/2020\/04\/cropped-pullus_favicon-300x300-1-1.png","contentUrl":"https:\/\/www.ptujska-klet.si\/trgovina\/wp-content\/uploads\/2020\/04\/cropped-pullus_favicon-300x300-1-1.png","width":300,"height":300,"caption":"Ptujska Klet"},"image":{"@id":"https:\/\/www.ptujska-klet.si\/trgovina\/#\/schema\/logo\/image\/"}}]}},"_links":{"self":[{"href":"https:\/\/www.ptujska-klet.si\/trgovina\/wp-json\/wp\/v2\/product\/5398","targetHints":{"allow":["GET"]}}],"collection":[{"href":"https:\/\/www.ptujska-klet.si\/trgovina\/wp-json\/wp\/v2\/product"}],"about":[{"href":"https:\/\/www.ptujska-klet.si\/trgovina\/wp-json\/wp\/v2\/types\/product"}],"wp:featuredmedia":[{"embeddable":true,"href":"https:\/\/www.ptujska-klet.si\/trgovina\/wp-json\/wp\/v2\/media\/5745"}],"wp:attachment":[{"href":"https:\/\/www.ptujska-klet.si\/trgovina\/wp-json\/wp\/v2\/media?parent=5398"}],"wp:term":[{"taxonomy":"product_brand","embeddable":true,"href":"https:\/\/www.ptujska-klet.si\/trgovina\/wp-json\/wp\/v2\/product_brand?post=5398"},{"taxonomy":"product_cat","embeddable":true,"href":"https:\/\/www.ptujska-klet.si\/trgovina\/wp-json\/wp\/v2\/product_cat?post=5398"},{"taxonomy":"product_tag","embeddable":true,"href":"https:\/\/www.ptujska-klet.si\/trgovina\/wp-json\/wp\/v2\/product_tag?post=5398"}],"curies":[{"name":"wp","href":"https:\/\/api.w.org\/{rel}","templated":true}]}}