{"id":5272,"date":"2023-06-15T13:16:46","date_gmt":"2023-06-15T12:16:46","guid":{"rendered":"https:\/\/pullus-shop.com\/?post_type=product&#038;p=5272"},"modified":"2025-05-28T16:32:10","modified_gmt":"2025-05-28T15:32:10","slug":"pullus-rose","status":"publish","type":"product","link":"https:\/\/www.ptujska-klet.si\/trgovina\/izdelek\/pullus-rose\/","title":{"rendered":"Pullus Ros\u00e9"},"content":{"rendered":"<p>Izrazit, \u017eivahten in so\u010den rose je kon\u010dno prispel iz Pullusa! Prelepa, \u017eivo lososova barva s pridihom ro\u017enate, to vino prekipeva z vonjem po jagodi\u010devju, malinah, stepeni smetani in sve\u017eih slivah. Na okusu je vino hrustljavo in osve\u017eujo\u010de, s \u0161e okusi mladih jagod, lubenice, rde\u010dega jagodi\u010devja ter ne\u017eno mineralno noto.<\/p>\n<h6>Podatki o vinu<\/h6>\n<p><strong>Barva:<\/strong> Ros\u00e9<br \/>\n<strong>Sladkorna stopnja:<\/strong> Suho<br \/>\n<strong>Sorte:<\/strong> Modri pinot<br \/>\n<strong>Enota mere:<\/strong> 750ml<br \/>\n<strong>\u0160t. buteljk v kartonu:<\/strong> 6<\/p>\n","protected":false},"excerpt":{"rendered":"<div class=\"page-section__generator page-section__generator--top g12-xs g11-md g10-lg g8-xl\">\n<div class=\"page-generator__text page-generator__text--top js-generator-text\">\n<div id=\"output\" class=\"page-generator__output js-generator-output\">\n<div class=\"page-section__generator page-section__generator--top g12-xs g11-md g10-lg g8-xl\">\n<div class=\"page-generator__text page-generator__text--top js-generator-text\">\n<div id=\"output\" class=\"page-generator__output js-generator-output\">\n<p>Izrazit, \u017eivahten in so\u010den rose je kon\u010dno prispel iz Pullusa! Prelepa, \u017eivo lososova barva s pridihom ro\u017enate, to vino prekipeva z vonjem po jagodi\u010devju, malinah, stepeni smetani in sve\u017eih slivah. Na okusu je vino hrustljavo in osve\u017eujo\u010de, s \u0161e okusi mladih jagod, lubenice, rde\u010dega jagodi\u010devja ter ne\u017eno mineralno noto.<\/p>\n<\/div>\n<\/div>\n<\/div>\n<\/div>\n<\/div>\n<\/div>\n","protected":false},"featured_media":5940,"template":"","meta":[],"product_brand":[],"product_cat":[38],"product_tag":[20],"class_list":{"0":"post-5272","1":"product","2":"type-product","3":"status-publish","4":"has-post-thumbnail","6":"product_cat-rose-2","7":"product_tag-modri-pinot","9":"first","10":"instock","11":"taxable","12":"shipping-taxable","13":"purchasable","14":"product-type-simple"},"yoast_head":"<!-- This site is optimized with the Yoast SEO plugin v27.3 - https:\/\/yoast.com\/product\/yoast-seo-wordpress\/ -->\n<title>Pullus Ros\u00e9 - Ptujska Klet<\/title>\n<meta name=\"description\" content=\"Izrazita, \u017eivahna in so\u010dna rose je kon\u010dno prispela iz Pullusa! Prelepa, \u017eivo lososova barva s pridihom ro\u017enate, to vino prekipeva z vonjem po jagodi\u010devju...\" \/>\n<meta name=\"robots\" content=\"index, follow, max-snippet:-1, max-image-preview:large, max-video-preview:-1\" \/>\n<link rel=\"canonical\" href=\"https:\/\/www.ptujska-klet.si\/trgovina\/izdelek\/pullus-rose\/\" \/>\n<meta property=\"og:locale\" content=\"sl_SI\" \/>\n<meta property=\"og:type\" content=\"article\" \/>\n<meta property=\"og:title\" content=\"Pullus Ros\u00e9 - Ptujska Klet\" \/>\n<meta property=\"og:description\" content=\"Izrazita, \u017eivahna in so\u010dna rose je kon\u010dno prispela iz Pullusa! Prelepa, \u017eivo lososova barva s pridihom ro\u017enate, to vino prekipeva z vonjem po jagodi\u010devju...\" \/>\n<meta property=\"og:url\" content=\"https:\/\/www.ptujska-klet.si\/trgovina\/izdelek\/pullus-rose\/\" \/>\n<meta property=\"og:site_name\" content=\"Ptujska Klet\" \/>\n<meta property=\"article:modified_time\" content=\"2025-05-28T15:32:10+00:00\" \/>\n<meta property=\"og:image\" content=\"https:\/\/www.ptujska-klet.si\/trgovina\/wp-content\/uploads\/2023\/06\/thumbnail_PK_Rose-bela-etiketa_768-x-983.jpg\" \/>\n\t<meta property=\"og:image:width\" content=\"1024\" \/>\n\t<meta property=\"og:image:height\" content=\"1311\" \/>\n\t<meta property=\"og:image:type\" content=\"image\/jpeg\" \/>\n<meta name=\"twitter:card\" content=\"summary_large_image\" \/>\n<meta name=\"twitter:label1\" content=\"Est. reading time\" \/>\n\t<meta name=\"twitter:data1\" content=\"1 minuta\" \/>\n<script type=\"application\/ld+json\" class=\"yoast-schema-graph\">{\"@context\":\"https:\\\/\\\/schema.org\",\"@graph\":[{\"@type\":\"WebPage\",\"@id\":\"https:\\\/\\\/www.ptujska-klet.si\\\/trgovina\\\/izdelek\\\/pullus-rose\\\/\",\"url\":\"https:\\\/\\\/www.ptujska-klet.si\\\/trgovina\\\/izdelek\\\/pullus-rose\\\/\",\"name\":\"Pullus Ros\u00e9 - Ptujska Klet\",\"isPartOf\":{\"@id\":\"https:\\\/\\\/www.ptujska-klet.si\\\/trgovina\\\/#website\"},\"primaryImageOfPage\":{\"@id\":\"https:\\\/\\\/www.ptujska-klet.si\\\/trgovina\\\/izdelek\\\/pullus-rose\\\/#primaryimage\"},\"image\":{\"@id\":\"https:\\\/\\\/www.ptujska-klet.si\\\/trgovina\\\/izdelek\\\/pullus-rose\\\/#primaryimage\"},\"thumbnailUrl\":\"https:\\\/\\\/www.ptujska-klet.si\\\/trgovina\\\/wp-content\\\/uploads\\\/2023\\\/06\\\/thumbnail_PK_Rose-bela-etiketa_768-x-983.jpg\",\"datePublished\":\"2023-06-15T12:16:46+00:00\",\"dateModified\":\"2025-05-28T15:32:10+00:00\",\"description\":\"Izrazita, \u017eivahna in so\u010dna rose je kon\u010dno prispela iz Pullusa! Prelepa, \u017eivo lososova barva s pridihom ro\u017enate, to vino prekipeva z vonjem po jagodi\u010devju...\",\"breadcrumb\":{\"@id\":\"https:\\\/\\\/www.ptujska-klet.si\\\/trgovina\\\/izdelek\\\/pullus-rose\\\/#breadcrumb\"},\"inLanguage\":\"sl-SI\",\"potentialAction\":[{\"@type\":\"ReadAction\",\"target\":[\"https:\\\/\\\/www.ptujska-klet.si\\\/trgovina\\\/izdelek\\\/pullus-rose\\\/\"]}]},{\"@type\":\"ImageObject\",\"inLanguage\":\"sl-SI\",\"@id\":\"https:\\\/\\\/www.ptujska-klet.si\\\/trgovina\\\/izdelek\\\/pullus-rose\\\/#primaryimage\",\"url\":\"https:\\\/\\\/www.ptujska-klet.si\\\/trgovina\\\/wp-content\\\/uploads\\\/2023\\\/06\\\/thumbnail_PK_Rose-bela-etiketa_768-x-983.jpg\",\"contentUrl\":\"https:\\\/\\\/www.ptujska-klet.si\\\/trgovina\\\/wp-content\\\/uploads\\\/2023\\\/06\\\/thumbnail_PK_Rose-bela-etiketa_768-x-983.jpg\",\"width\":1024,\"height\":1311},{\"@type\":\"BreadcrumbList\",\"@id\":\"https:\\\/\\\/www.ptujska-klet.si\\\/trgovina\\\/izdelek\\\/pullus-rose\\\/#breadcrumb\",\"itemListElement\":[{\"@type\":\"ListItem\",\"position\":1,\"name\":\"Home\",\"item\":\"https:\\\/\\\/www.ptujska-klet.si\\\/trgovina\\\/\"},{\"@type\":\"ListItem\",\"position\":2,\"name\":\"Trgovina\",\"item\":\"https:\\\/\\\/www.ptujska-klet.si\\\/trgovina\\\/\"},{\"@type\":\"ListItem\",\"position\":3,\"name\":\"Pullus Ros\u00e9\"}]},{\"@type\":\"WebSite\",\"@id\":\"https:\\\/\\\/www.ptujska-klet.si\\\/trgovina\\\/#website\",\"url\":\"https:\\\/\\\/www.ptujska-klet.si\\\/trgovina\\\/\",\"name\":\"Ptujska Klet\",\"description\":\"Vinska klet z najbolj\u0161imi vini za vse okuse\",\"publisher\":{\"@id\":\"https:\\\/\\\/www.ptujska-klet.si\\\/trgovina\\\/#organization\"},\"potentialAction\":[{\"@type\":\"SearchAction\",\"target\":{\"@type\":\"EntryPoint\",\"urlTemplate\":\"https:\\\/\\\/www.ptujska-klet.si\\\/trgovina\\\/?s={search_term_string}\"},\"query-input\":{\"@type\":\"PropertyValueSpecification\",\"valueRequired\":true,\"valueName\":\"search_term_string\"}}],\"inLanguage\":\"sl-SI\"},{\"@type\":\"Organization\",\"@id\":\"https:\\\/\\\/www.ptujska-klet.si\\\/trgovina\\\/#organization\",\"name\":\"Ptujska Klet\",\"url\":\"https:\\\/\\\/www.ptujska-klet.si\\\/trgovina\\\/\",\"logo\":{\"@type\":\"ImageObject\",\"inLanguage\":\"sl-SI\",\"@id\":\"https:\\\/\\\/www.ptujska-klet.si\\\/trgovina\\\/#\\\/schema\\\/logo\\\/image\\\/\",\"url\":\"https:\\\/\\\/www.ptujska-klet.si\\\/trgovina\\\/wp-content\\\/uploads\\\/2020\\\/04\\\/cropped-pullus_favicon-300x300-1-1.png\",\"contentUrl\":\"https:\\\/\\\/www.ptujska-klet.si\\\/trgovina\\\/wp-content\\\/uploads\\\/2020\\\/04\\\/cropped-pullus_favicon-300x300-1-1.png\",\"width\":300,\"height\":300,\"caption\":\"Ptujska Klet\"},\"image\":{\"@id\":\"https:\\\/\\\/www.ptujska-klet.si\\\/trgovina\\\/#\\\/schema\\\/logo\\\/image\\\/\"}}]}<\/script>\n<!-- \/ Yoast SEO plugin. -->","yoast_head_json":{"title":"Pullus Ros\u00e9 - Ptujska Klet","description":"Izrazita, \u017eivahna in so\u010dna rose je kon\u010dno prispela iz Pullusa! Prelepa, \u017eivo lososova barva s pridihom ro\u017enate, to vino prekipeva z vonjem po jagodi\u010devju...","robots":{"index":"index","follow":"follow","max-snippet":"max-snippet:-1","max-image-preview":"max-image-preview:large","max-video-preview":"max-video-preview:-1"},"canonical":"https:\/\/www.ptujska-klet.si\/trgovina\/izdelek\/pullus-rose\/","og_locale":"sl_SI","og_type":"article","og_title":"Pullus Ros\u00e9 - Ptujska Klet","og_description":"Izrazita, \u017eivahna in so\u010dna rose je kon\u010dno prispela iz Pullusa! Prelepa, \u017eivo lososova barva s pridihom ro\u017enate, to vino prekipeva z vonjem po jagodi\u010devju...","og_url":"https:\/\/www.ptujska-klet.si\/trgovina\/izdelek\/pullus-rose\/","og_site_name":"Ptujska Klet","article_modified_time":"2025-05-28T15:32:10+00:00","og_image":[{"width":1024,"height":1311,"url":"https:\/\/www.ptujska-klet.si\/trgovina\/wp-content\/uploads\/2023\/06\/thumbnail_PK_Rose-bela-etiketa_768-x-983.jpg","type":"image\/jpeg"}],"twitter_card":"summary_large_image","twitter_misc":{"Est. reading time":"1 minuta"},"schema":{"@context":"https:\/\/schema.org","@graph":[{"@type":"WebPage","@id":"https:\/\/www.ptujska-klet.si\/trgovina\/izdelek\/pullus-rose\/","url":"https:\/\/www.ptujska-klet.si\/trgovina\/izdelek\/pullus-rose\/","name":"Pullus Ros\u00e9 - Ptujska Klet","isPartOf":{"@id":"https:\/\/www.ptujska-klet.si\/trgovina\/#website"},"primaryImageOfPage":{"@id":"https:\/\/www.ptujska-klet.si\/trgovina\/izdelek\/pullus-rose\/#primaryimage"},"image":{"@id":"https:\/\/www.ptujska-klet.si\/trgovina\/izdelek\/pullus-rose\/#primaryimage"},"thumbnailUrl":"https:\/\/www.ptujska-klet.si\/trgovina\/wp-content\/uploads\/2023\/06\/thumbnail_PK_Rose-bela-etiketa_768-x-983.jpg","datePublished":"2023-06-15T12:16:46+00:00","dateModified":"2025-05-28T15:32:10+00:00","description":"Izrazita, \u017eivahna in so\u010dna rose je kon\u010dno prispela iz Pullusa! Prelepa, \u017eivo lososova barva s pridihom ro\u017enate, to vino prekipeva z vonjem po jagodi\u010devju...","breadcrumb":{"@id":"https:\/\/www.ptujska-klet.si\/trgovina\/izdelek\/pullus-rose\/#breadcrumb"},"inLanguage":"sl-SI","potentialAction":[{"@type":"ReadAction","target":["https:\/\/www.ptujska-klet.si\/trgovina\/izdelek\/pullus-rose\/"]}]},{"@type":"ImageObject","inLanguage":"sl-SI","@id":"https:\/\/www.ptujska-klet.si\/trgovina\/izdelek\/pullus-rose\/#primaryimage","url":"https:\/\/www.ptujska-klet.si\/trgovina\/wp-content\/uploads\/2023\/06\/thumbnail_PK_Rose-bela-etiketa_768-x-983.jpg","contentUrl":"https:\/\/www.ptujska-klet.si\/trgovina\/wp-content\/uploads\/2023\/06\/thumbnail_PK_Rose-bela-etiketa_768-x-983.jpg","width":1024,"height":1311},{"@type":"BreadcrumbList","@id":"https:\/\/www.ptujska-klet.si\/trgovina\/izdelek\/pullus-rose\/#breadcrumb","itemListElement":[{"@type":"ListItem","position":1,"name":"Home","item":"https:\/\/www.ptujska-klet.si\/trgovina\/"},{"@type":"ListItem","position":2,"name":"Trgovina","item":"https:\/\/www.ptujska-klet.si\/trgovina\/"},{"@type":"ListItem","position":3,"name":"Pullus Ros\u00e9"}]},{"@type":"WebSite","@id":"https:\/\/www.ptujska-klet.si\/trgovina\/#website","url":"https:\/\/www.ptujska-klet.si\/trgovina\/","name":"Ptujska Klet","description":"Vinska klet z najbolj\u0161imi vini za vse okuse","publisher":{"@id":"https:\/\/www.ptujska-klet.si\/trgovina\/#organization"},"potentialAction":[{"@type":"SearchAction","target":{"@type":"EntryPoint","urlTemplate":"https:\/\/www.ptujska-klet.si\/trgovina\/?s={search_term_string}"},"query-input":{"@type":"PropertyValueSpecification","valueRequired":true,"valueName":"search_term_string"}}],"inLanguage":"sl-SI"},{"@type":"Organization","@id":"https:\/\/www.ptujska-klet.si\/trgovina\/#organization","name":"Ptujska Klet","url":"https:\/\/www.ptujska-klet.si\/trgovina\/","logo":{"@type":"ImageObject","inLanguage":"sl-SI","@id":"https:\/\/www.ptujska-klet.si\/trgovina\/#\/schema\/logo\/image\/","url":"https:\/\/www.ptujska-klet.si\/trgovina\/wp-content\/uploads\/2020\/04\/cropped-pullus_favicon-300x300-1-1.png","contentUrl":"https:\/\/www.ptujska-klet.si\/trgovina\/wp-content\/uploads\/2020\/04\/cropped-pullus_favicon-300x300-1-1.png","width":300,"height":300,"caption":"Ptujska Klet"},"image":{"@id":"https:\/\/www.ptujska-klet.si\/trgovina\/#\/schema\/logo\/image\/"}}]}},"_links":{"self":[{"href":"https:\/\/www.ptujska-klet.si\/trgovina\/wp-json\/wp\/v2\/product\/5272","targetHints":{"allow":["GET"]}}],"collection":[{"href":"https:\/\/www.ptujska-klet.si\/trgovina\/wp-json\/wp\/v2\/product"}],"about":[{"href":"https:\/\/www.ptujska-klet.si\/trgovina\/wp-json\/wp\/v2\/types\/product"}],"wp:featuredmedia":[{"embeddable":true,"href":"https:\/\/www.ptujska-klet.si\/trgovina\/wp-json\/wp\/v2\/media\/5940"}],"wp:attachment":[{"href":"https:\/\/www.ptujska-klet.si\/trgovina\/wp-json\/wp\/v2\/media?parent=5272"}],"wp:term":[{"taxonomy":"product_brand","embeddable":true,"href":"https:\/\/www.ptujska-klet.si\/trgovina\/wp-json\/wp\/v2\/product_brand?post=5272"},{"taxonomy":"product_cat","embeddable":true,"href":"https:\/\/www.ptujska-klet.si\/trgovina\/wp-json\/wp\/v2\/product_cat?post=5272"},{"taxonomy":"product_tag","embeddable":true,"href":"https:\/\/www.ptujska-klet.si\/trgovina\/wp-json\/wp\/v2\/product_tag?post=5272"}],"curies":[{"name":"wp","href":"https:\/\/api.w.org\/{rel}","templated":true}]}}