{"id":5231,"date":"2023-05-03T14:50:39","date_gmt":"2023-05-03T13:50:39","guid":{"rendered":"https:\/\/pullus-shop.com\/?post_type=product&#038;p=5231"},"modified":"2024-10-11T12:10:27","modified_gmt":"2024-10-11T11:10:27","slug":"bela-klevna","status":"publish","type":"product","link":"https:\/\/www.ptujska-klet.si\/trgovina\/izdelek\/bela-klevna\/","title":{"rendered":"Bela klevna, suho"},"content":{"rendered":"<h4>Opis<\/h4>\n<p>Intenzivna limonasto-rumena barva. \u017de na vonju je mo\u010d predvideti, da gre za zrel ter bogat chardonnay. Nos spominja na banano, rumena jabolka, nota po pra\u017eenem, dimu, kokosu, prisotna je rahla maslena nota in nota po kruhovi skorji. V ustih vino suho, \u010deprav zaradi nekoliko ni\u017eje kisline ter vi\u0161jega alkohola deluje nekoliko slaj\u0161e. Polno, zaokro\u017eeno vino, ki nam postre\u017ee s \u0161iroko paleto ko\u0161\u010di\u010dastega ter tropskega sadja z zaznavnim maslenim ter kremastim okusom. V dolgo trajajo\u010dem lepem pookusu se za\u010duti lepo vkomponiran les. Odli\u010dno se poda pe\u010denki iz svinjine in vsem vrstam rakov.<\/p>\n<p>PODATKI O VINU<\/p>\n<p><strong>Barva:<\/strong>\u00a0Belo<br \/>\n<strong>Sladkorna stopnja:<\/strong>\u00a0Suho<br \/>\n<strong>Sorte:<\/strong>\u00a0Chardonnay<br \/>\n<strong>Letnik:<\/strong> 2021<br \/>\n<strong>Enota mere:<\/strong>\u00a0750ml<br \/>\n<strong>\u0160t. buteljk v kartonu:<\/strong>\u00a06<\/p>\n","protected":false},"excerpt":{"rendered":"<p>Opis Intenzivna limonasto-rumena barva. \u017de na vonju je mo\u010d predvideti, da gre za zrel ter bogat chardonnay. Nos spominja na banano, rumena jabolka, nota po pra\u017eenem, dimu, kokosu, prisotna je rahla maslena nota in nota po kruhovi skorji. V ustih vino suho, \u010deprav zaradi nekoliko ni\u017eje kisline ter vi\u0161jega alkohola deluje nekoliko slaj\u0161e. Polno, zaokro\u017eeno [&hellip;]<\/p>\n","protected":false},"featured_media":5749,"template":"","meta":[],"product_brand":[],"product_cat":[29],"product_tag":[43],"class_list":{"0":"post-5231","1":"product","2":"type-product","3":"status-publish","4":"has-post-thumbnail","6":"product_cat-pullus-artisan","7":"product_tag-chardonnay","9":"first","10":"instock","11":"taxable","12":"shipping-taxable","13":"purchasable","14":"product-type-simple"},"yoast_head":"<!-- This site is optimized with the Yoast SEO plugin v27.3 - https:\/\/yoast.com\/product\/yoast-seo-wordpress\/ -->\n<title>Bela klevna, suho - Ptujska Klet<\/title>\n<meta name=\"description\" content=\"Intenzivna limonasto-rumena barva. \u017de na vonju je mo\u010d predvideti, da gre za zrel ter bogat chardonnay. Nos spominja na banano, rumena jabolka, nota po pra\u017eenem, dimu, kokosu, prisotna je rahla maslena nota in nota po kruhovi skorji. V ustih vino suho, \u010deprav zaradi nekoliko ni\u017eje kisline ter vi\u0161jega alkohola deluje nekoliko slaj\u0161e. Polno, zaokro\u017eeno vino, ki nam postre\u017ee s \u0161iroko paleto ko\u0161\u010di\u010dastega ter tropskega sadja z zaznavnim maslenim ter kremastim okusom. V dolgo trajajo\u010dem lepem pookusu se za\u010duti lepo vkomponiran les. Odli\u010dno se poda pe\u010denki iz svinjine in vsem vrstam rakov.\" \/>\n<meta name=\"robots\" content=\"index, follow, max-snippet:-1, max-image-preview:large, max-video-preview:-1\" \/>\n<link rel=\"canonical\" href=\"https:\/\/www.ptujska-klet.si\/trgovina\/izdelek\/bela-klevna\/\" \/>\n<meta property=\"og:locale\" content=\"sl_SI\" \/>\n<meta property=\"og:type\" content=\"article\" \/>\n<meta property=\"og:title\" content=\"Bela klevna, suho - Ptujska Klet\" \/>\n<meta property=\"og:description\" content=\"Intenzivna limonasto-rumena barva. \u017de na vonju je mo\u010d predvideti, da gre za zrel ter bogat chardonnay. Nos spominja na banano, rumena jabolka, nota po pra\u017eenem, dimu, kokosu, prisotna je rahla maslena nota in nota po kruhovi skorji. V ustih vino suho, \u010deprav zaradi nekoliko ni\u017eje kisline ter vi\u0161jega alkohola deluje nekoliko slaj\u0161e. Polno, zaokro\u017eeno vino, ki nam postre\u017ee s \u0161iroko paleto ko\u0161\u010di\u010dastega ter tropskega sadja z zaznavnim maslenim ter kremastim okusom. V dolgo trajajo\u010dem lepem pookusu se za\u010duti lepo vkomponiran les. Odli\u010dno se poda pe\u010denki iz svinjine in vsem vrstam rakov.\" \/>\n<meta property=\"og:url\" content=\"https:\/\/www.ptujska-klet.si\/trgovina\/izdelek\/bela-klevna\/\" \/>\n<meta property=\"og:site_name\" content=\"Ptujska Klet\" \/>\n<meta property=\"article:modified_time\" content=\"2024-10-11T11:10:27+00:00\" \/>\n<meta property=\"og:image\" content=\"https:\/\/www.ptujska-klet.si\/trgovina\/wp-content\/uploads\/2023\/05\/CHA-artsn-bela_WEB_768-x-9838-1.jpg\" \/>\n\t<meta property=\"og:image:width\" content=\"768\" \/>\n\t<meta property=\"og:image:height\" content=\"983\" \/>\n\t<meta property=\"og:image:type\" content=\"image\/jpeg\" \/>\n<meta name=\"twitter:card\" content=\"summary_large_image\" \/>\n<meta name=\"twitter:label1\" content=\"Est. reading time\" \/>\n\t<meta name=\"twitter:data1\" content=\"1 minuta\" \/>\n<script type=\"application\/ld+json\" class=\"yoast-schema-graph\">{\"@context\":\"https:\\\/\\\/schema.org\",\"@graph\":[{\"@type\":\"WebPage\",\"@id\":\"https:\\\/\\\/www.ptujska-klet.si\\\/trgovina\\\/izdelek\\\/bela-klevna\\\/\",\"url\":\"https:\\\/\\\/www.ptujska-klet.si\\\/trgovina\\\/izdelek\\\/bela-klevna\\\/\",\"name\":\"Bela klevna, suho - Ptujska Klet\",\"isPartOf\":{\"@id\":\"https:\\\/\\\/www.ptujska-klet.si\\\/trgovina\\\/#website\"},\"primaryImageOfPage\":{\"@id\":\"https:\\\/\\\/www.ptujska-klet.si\\\/trgovina\\\/izdelek\\\/bela-klevna\\\/#primaryimage\"},\"image\":{\"@id\":\"https:\\\/\\\/www.ptujska-klet.si\\\/trgovina\\\/izdelek\\\/bela-klevna\\\/#primaryimage\"},\"thumbnailUrl\":\"https:\\\/\\\/www.ptujska-klet.si\\\/trgovina\\\/wp-content\\\/uploads\\\/2023\\\/05\\\/CHA-artsn-bela_WEB_768-x-9838-1.jpg\",\"datePublished\":\"2023-05-03T13:50:39+00:00\",\"dateModified\":\"2024-10-11T11:10:27+00:00\",\"description\":\"Intenzivna limonasto-rumena barva. \u017de na vonju je mo\u010d predvideti, da gre za zrel ter bogat chardonnay. Nos spominja na banano, rumena jabolka, nota po pra\u017eenem, dimu, kokosu, prisotna je rahla maslena nota in nota po kruhovi skorji. V ustih vino suho, \u010deprav zaradi nekoliko ni\u017eje kisline ter vi\u0161jega alkohola deluje nekoliko slaj\u0161e. Polno, zaokro\u017eeno vino, ki nam postre\u017ee s \u0161iroko paleto ko\u0161\u010di\u010dastega ter tropskega sadja z zaznavnim maslenim ter kremastim okusom. V dolgo trajajo\u010dem lepem pookusu se za\u010duti lepo vkomponiran les. Odli\u010dno se poda pe\u010denki iz svinjine in vsem vrstam rakov.\",\"breadcrumb\":{\"@id\":\"https:\\\/\\\/www.ptujska-klet.si\\\/trgovina\\\/izdelek\\\/bela-klevna\\\/#breadcrumb\"},\"inLanguage\":\"sl-SI\",\"potentialAction\":[{\"@type\":\"ReadAction\",\"target\":[\"https:\\\/\\\/www.ptujska-klet.si\\\/trgovina\\\/izdelek\\\/bela-klevna\\\/\"]}]},{\"@type\":\"ImageObject\",\"inLanguage\":\"sl-SI\",\"@id\":\"https:\\\/\\\/www.ptujska-klet.si\\\/trgovina\\\/izdelek\\\/bela-klevna\\\/#primaryimage\",\"url\":\"https:\\\/\\\/www.ptujska-klet.si\\\/trgovina\\\/wp-content\\\/uploads\\\/2023\\\/05\\\/CHA-artsn-bela_WEB_768-x-9838-1.jpg\",\"contentUrl\":\"https:\\\/\\\/www.ptujska-klet.si\\\/trgovina\\\/wp-content\\\/uploads\\\/2023\\\/05\\\/CHA-artsn-bela_WEB_768-x-9838-1.jpg\",\"width\":768,\"height\":983},{\"@type\":\"BreadcrumbList\",\"@id\":\"https:\\\/\\\/www.ptujska-klet.si\\\/trgovina\\\/izdelek\\\/bela-klevna\\\/#breadcrumb\",\"itemListElement\":[{\"@type\":\"ListItem\",\"position\":1,\"name\":\"Home\",\"item\":\"https:\\\/\\\/www.ptujska-klet.si\\\/trgovina\\\/\"},{\"@type\":\"ListItem\",\"position\":2,\"name\":\"Trgovina\",\"item\":\"https:\\\/\\\/www.ptujska-klet.si\\\/trgovina\\\/\"},{\"@type\":\"ListItem\",\"position\":3,\"name\":\"Bela klevna, suho\"}]},{\"@type\":\"WebSite\",\"@id\":\"https:\\\/\\\/www.ptujska-klet.si\\\/trgovina\\\/#website\",\"url\":\"https:\\\/\\\/www.ptujska-klet.si\\\/trgovina\\\/\",\"name\":\"Ptujska Klet\",\"description\":\"Vinska klet z najbolj\u0161imi vini za vse okuse\",\"publisher\":{\"@id\":\"https:\\\/\\\/www.ptujska-klet.si\\\/trgovina\\\/#organization\"},\"potentialAction\":[{\"@type\":\"SearchAction\",\"target\":{\"@type\":\"EntryPoint\",\"urlTemplate\":\"https:\\\/\\\/www.ptujska-klet.si\\\/trgovina\\\/?s={search_term_string}\"},\"query-input\":{\"@type\":\"PropertyValueSpecification\",\"valueRequired\":true,\"valueName\":\"search_term_string\"}}],\"inLanguage\":\"sl-SI\"},{\"@type\":\"Organization\",\"@id\":\"https:\\\/\\\/www.ptujska-klet.si\\\/trgovina\\\/#organization\",\"name\":\"Ptujska Klet\",\"url\":\"https:\\\/\\\/www.ptujska-klet.si\\\/trgovina\\\/\",\"logo\":{\"@type\":\"ImageObject\",\"inLanguage\":\"sl-SI\",\"@id\":\"https:\\\/\\\/www.ptujska-klet.si\\\/trgovina\\\/#\\\/schema\\\/logo\\\/image\\\/\",\"url\":\"https:\\\/\\\/www.ptujska-klet.si\\\/trgovina\\\/wp-content\\\/uploads\\\/2020\\\/04\\\/cropped-pullus_favicon-300x300-1-1.png\",\"contentUrl\":\"https:\\\/\\\/www.ptujska-klet.si\\\/trgovina\\\/wp-content\\\/uploads\\\/2020\\\/04\\\/cropped-pullus_favicon-300x300-1-1.png\",\"width\":300,\"height\":300,\"caption\":\"Ptujska Klet\"},\"image\":{\"@id\":\"https:\\\/\\\/www.ptujska-klet.si\\\/trgovina\\\/#\\\/schema\\\/logo\\\/image\\\/\"}}]}<\/script>\n<!-- \/ Yoast SEO plugin. -->","yoast_head_json":{"title":"Bela klevna, suho - Ptujska Klet","description":"Intenzivna limonasto-rumena barva. \u017de na vonju je mo\u010d predvideti, da gre za zrel ter bogat chardonnay. Nos spominja na banano, rumena jabolka, nota po pra\u017eenem, dimu, kokosu, prisotna je rahla maslena nota in nota po kruhovi skorji. V ustih vino suho, \u010deprav zaradi nekoliko ni\u017eje kisline ter vi\u0161jega alkohola deluje nekoliko slaj\u0161e. Polno, zaokro\u017eeno vino, ki nam postre\u017ee s \u0161iroko paleto ko\u0161\u010di\u010dastega ter tropskega sadja z zaznavnim maslenim ter kremastim okusom. V dolgo trajajo\u010dem lepem pookusu se za\u010duti lepo vkomponiran les. Odli\u010dno se poda pe\u010denki iz svinjine in vsem vrstam rakov.","robots":{"index":"index","follow":"follow","max-snippet":"max-snippet:-1","max-image-preview":"max-image-preview:large","max-video-preview":"max-video-preview:-1"},"canonical":"https:\/\/www.ptujska-klet.si\/trgovina\/izdelek\/bela-klevna\/","og_locale":"sl_SI","og_type":"article","og_title":"Bela klevna, suho - Ptujska Klet","og_description":"Intenzivna limonasto-rumena barva. \u017de na vonju je mo\u010d predvideti, da gre za zrel ter bogat chardonnay. Nos spominja na banano, rumena jabolka, nota po pra\u017eenem, dimu, kokosu, prisotna je rahla maslena nota in nota po kruhovi skorji. V ustih vino suho, \u010deprav zaradi nekoliko ni\u017eje kisline ter vi\u0161jega alkohola deluje nekoliko slaj\u0161e. Polno, zaokro\u017eeno vino, ki nam postre\u017ee s \u0161iroko paleto ko\u0161\u010di\u010dastega ter tropskega sadja z zaznavnim maslenim ter kremastim okusom. V dolgo trajajo\u010dem lepem pookusu se za\u010duti lepo vkomponiran les. Odli\u010dno se poda pe\u010denki iz svinjine in vsem vrstam rakov.","og_url":"https:\/\/www.ptujska-klet.si\/trgovina\/izdelek\/bela-klevna\/","og_site_name":"Ptujska Klet","article_modified_time":"2024-10-11T11:10:27+00:00","og_image":[{"width":768,"height":983,"url":"https:\/\/www.ptujska-klet.si\/trgovina\/wp-content\/uploads\/2023\/05\/CHA-artsn-bela_WEB_768-x-9838-1.jpg","type":"image\/jpeg"}],"twitter_card":"summary_large_image","twitter_misc":{"Est. reading time":"1 minuta"},"schema":{"@context":"https:\/\/schema.org","@graph":[{"@type":"WebPage","@id":"https:\/\/www.ptujska-klet.si\/trgovina\/izdelek\/bela-klevna\/","url":"https:\/\/www.ptujska-klet.si\/trgovina\/izdelek\/bela-klevna\/","name":"Bela klevna, suho - Ptujska Klet","isPartOf":{"@id":"https:\/\/www.ptujska-klet.si\/trgovina\/#website"},"primaryImageOfPage":{"@id":"https:\/\/www.ptujska-klet.si\/trgovina\/izdelek\/bela-klevna\/#primaryimage"},"image":{"@id":"https:\/\/www.ptujska-klet.si\/trgovina\/izdelek\/bela-klevna\/#primaryimage"},"thumbnailUrl":"https:\/\/www.ptujska-klet.si\/trgovina\/wp-content\/uploads\/2023\/05\/CHA-artsn-bela_WEB_768-x-9838-1.jpg","datePublished":"2023-05-03T13:50:39+00:00","dateModified":"2024-10-11T11:10:27+00:00","description":"Intenzivna limonasto-rumena barva. \u017de na vonju je mo\u010d predvideti, da gre za zrel ter bogat chardonnay. Nos spominja na banano, rumena jabolka, nota po pra\u017eenem, dimu, kokosu, prisotna je rahla maslena nota in nota po kruhovi skorji. V ustih vino suho, \u010deprav zaradi nekoliko ni\u017eje kisline ter vi\u0161jega alkohola deluje nekoliko slaj\u0161e. Polno, zaokro\u017eeno vino, ki nam postre\u017ee s \u0161iroko paleto ko\u0161\u010di\u010dastega ter tropskega sadja z zaznavnim maslenim ter kremastim okusom. V dolgo trajajo\u010dem lepem pookusu se za\u010duti lepo vkomponiran les. Odli\u010dno se poda pe\u010denki iz svinjine in vsem vrstam rakov.","breadcrumb":{"@id":"https:\/\/www.ptujska-klet.si\/trgovina\/izdelek\/bela-klevna\/#breadcrumb"},"inLanguage":"sl-SI","potentialAction":[{"@type":"ReadAction","target":["https:\/\/www.ptujska-klet.si\/trgovina\/izdelek\/bela-klevna\/"]}]},{"@type":"ImageObject","inLanguage":"sl-SI","@id":"https:\/\/www.ptujska-klet.si\/trgovina\/izdelek\/bela-klevna\/#primaryimage","url":"https:\/\/www.ptujska-klet.si\/trgovina\/wp-content\/uploads\/2023\/05\/CHA-artsn-bela_WEB_768-x-9838-1.jpg","contentUrl":"https:\/\/www.ptujska-klet.si\/trgovina\/wp-content\/uploads\/2023\/05\/CHA-artsn-bela_WEB_768-x-9838-1.jpg","width":768,"height":983},{"@type":"BreadcrumbList","@id":"https:\/\/www.ptujska-klet.si\/trgovina\/izdelek\/bela-klevna\/#breadcrumb","itemListElement":[{"@type":"ListItem","position":1,"name":"Home","item":"https:\/\/www.ptujska-klet.si\/trgovina\/"},{"@type":"ListItem","position":2,"name":"Trgovina","item":"https:\/\/www.ptujska-klet.si\/trgovina\/"},{"@type":"ListItem","position":3,"name":"Bela klevna, suho"}]},{"@type":"WebSite","@id":"https:\/\/www.ptujska-klet.si\/trgovina\/#website","url":"https:\/\/www.ptujska-klet.si\/trgovina\/","name":"Ptujska Klet","description":"Vinska klet z najbolj\u0161imi vini za vse okuse","publisher":{"@id":"https:\/\/www.ptujska-klet.si\/trgovina\/#organization"},"potentialAction":[{"@type":"SearchAction","target":{"@type":"EntryPoint","urlTemplate":"https:\/\/www.ptujska-klet.si\/trgovina\/?s={search_term_string}"},"query-input":{"@type":"PropertyValueSpecification","valueRequired":true,"valueName":"search_term_string"}}],"inLanguage":"sl-SI"},{"@type":"Organization","@id":"https:\/\/www.ptujska-klet.si\/trgovina\/#organization","name":"Ptujska Klet","url":"https:\/\/www.ptujska-klet.si\/trgovina\/","logo":{"@type":"ImageObject","inLanguage":"sl-SI","@id":"https:\/\/www.ptujska-klet.si\/trgovina\/#\/schema\/logo\/image\/","url":"https:\/\/www.ptujska-klet.si\/trgovina\/wp-content\/uploads\/2020\/04\/cropped-pullus_favicon-300x300-1-1.png","contentUrl":"https:\/\/www.ptujska-klet.si\/trgovina\/wp-content\/uploads\/2020\/04\/cropped-pullus_favicon-300x300-1-1.png","width":300,"height":300,"caption":"Ptujska Klet"},"image":{"@id":"https:\/\/www.ptujska-klet.si\/trgovina\/#\/schema\/logo\/image\/"}}]}},"_links":{"self":[{"href":"https:\/\/www.ptujska-klet.si\/trgovina\/wp-json\/wp\/v2\/product\/5231","targetHints":{"allow":["GET"]}}],"collection":[{"href":"https:\/\/www.ptujska-klet.si\/trgovina\/wp-json\/wp\/v2\/product"}],"about":[{"href":"https:\/\/www.ptujska-klet.si\/trgovina\/wp-json\/wp\/v2\/types\/product"}],"wp:featuredmedia":[{"embeddable":true,"href":"https:\/\/www.ptujska-klet.si\/trgovina\/wp-json\/wp\/v2\/media\/5749"}],"wp:attachment":[{"href":"https:\/\/www.ptujska-klet.si\/trgovina\/wp-json\/wp\/v2\/media?parent=5231"}],"wp:term":[{"taxonomy":"product_brand","embeddable":true,"href":"https:\/\/www.ptujska-klet.si\/trgovina\/wp-json\/wp\/v2\/product_brand?post=5231"},{"taxonomy":"product_cat","embeddable":true,"href":"https:\/\/www.ptujska-klet.si\/trgovina\/wp-json\/wp\/v2\/product_cat?post=5231"},{"taxonomy":"product_tag","embeddable":true,"href":"https:\/\/www.ptujska-klet.si\/trgovina\/wp-json\/wp\/v2\/product_tag?post=5231"}],"curies":[{"name":"wp","href":"https:\/\/api.w.org\/{rel}","templated":true}]}}