{"id":5145,"date":"2023-01-05T13:55:16","date_gmt":"2023-01-05T12:55:16","guid":{"rendered":"https:\/\/pullus-shop.com\/?post_type=product&#038;p=5145"},"modified":"2026-02-16T09:05:32","modified_gmt":"2026-02-16T08:05:32","slug":"petovia-domaci-rum-1l","status":"publish","type":"product","link":"https:\/\/www.ptujska-klet.si\/trgovina\/izdelek\/petovia-domaci-rum-1l\/","title":{"rendered":"PETOVIA Doma\u010di Rum 1L"},"content":{"rendered":"<p>Petovia Doma\u010di rum je \u017ee desetletja zvest spremljevalec ve\u010dine slovenskih gospodinj \u00a0pri pripravi tradicionalnih slovenskih sladic in tortic. Njegova prepoznavna aroma in tipi\u010den okus pa bogatita tudi marsikateri topel napitek (\u010daj, pun\u010d, grog, kavo) in tudi koktejle.<\/p>\n<p>&nbsp;<\/p>\n<p>Doma\u010di rum z geografsko ozna\u010dbo je \u017egana pija\u010da, proizvedena v Republiki Sloveniji. Je bistra \u017egana pija\u010da izdelana iz destilata pridobljenega z destilacijo fermentiranega sirupa iz melase ali soka sladkornega trsa, destiliranega do najve\u010d 96 vol. % alkohola, ki sta mu dodana zna\u010dilna aroma po rumu in barvilo, da dobi pija\u010da zna\u010dilno rde\u010dkasto rjavo barvo karamela.<\/p>\n<p>Fizikalne, kemijske lastnosti: Vsebnost alkohola: najmanj 37,5% Tr\u017ei se lahko doma\u010di rum s koli\u010dino alkohola do 80 vol%.<\/p>\n<h6>Podatki o izdelku<\/h6>\n<p><strong>Alkohol: <\/strong>40%<\/p>\n<p style=\"text-align: left;\"><strong>Enota mere:<\/strong> literska \/ 1000ml<br \/>\n<strong>\u0160t. steklenic v kartonu:<\/strong> 6<\/p>\n<p><strong>Koktelji:<\/strong><\/p>\n<p><strong>SLOVENIA LIBRE <\/strong><\/p>\n<ul>\n<li>0,06 Petovia Doma\u010di rum<\/li>\n<li>1,5dcl\u00a0 Cockta<\/li>\n<li>\u00bc limete<\/li>\n<li>OPCIJSKO Korenina ingverja &#8211; kolobar\u010dek<\/li>\n<li>Led<\/li>\n<\/ul>\n","protected":false},"excerpt":{"rendered":"<p>Petovia Doma\u010di rum je \u017ee desetletja zvest spremljevalec ve\u010dine slovenskih gospodinj \u00a0pri pripravi tradicionalnih slovenskih sladic in tortic. Njegova prepoznavna aroma in tipi\u010den okus pa bogatita tudi marsikateri topel napitek (\u010daj, pun\u010d, grog, kavo) in tudi koktejle. &nbsp; Doma\u010di rum z geografsko ozna\u010dbo je \u017egana pija\u010da, proizvedena v Republiki Sloveniji. Je bistra \u017egana pija\u010da izdelana [&hellip;]<\/p>\n","protected":false},"featured_media":6121,"template":"","meta":[],"product_brand":[],"product_cat":[41],"product_tag":[42],"class_list":{"0":"post-5145","1":"product","2":"type-product","3":"status-publish","4":"has-post-thumbnail","6":"product_cat-petovia","7":"product_tag-zgane-pijace","9":"first","10":"instock","11":"taxable","12":"shipping-taxable","13":"purchasable","14":"product-type-simple"},"yoast_head":"<!-- This site is optimized with the Yoast SEO plugin v27.3 - https:\/\/yoast.com\/product\/yoast-seo-wordpress\/ -->\n<title>PETOVIA Doma\u010di Rum 1L - Ptujska Klet<\/title>\n<meta name=\"description\" content=\"Petovia Doma\u010di rum je \u017ee desetletja zvest spremljevalec ve\u010dine slovenskih gospodinj \u00a0pri pripravi tradicionalnih slovenskih sladic in tortic. Njegova prepoznavna aroma in tipi\u010den okus pa bogatita tudi marsikateri topel napitek (\u010daj, pun\u010d, grog, kavo) in tudi koktejle.\" \/>\n<meta name=\"robots\" content=\"index, follow, max-snippet:-1, max-image-preview:large, max-video-preview:-1\" \/>\n<link rel=\"canonical\" href=\"https:\/\/www.ptujska-klet.si\/trgovina\/izdelek\/petovia-domaci-rum-1l\/\" \/>\n<meta property=\"og:locale\" content=\"sl_SI\" \/>\n<meta property=\"og:type\" content=\"article\" \/>\n<meta property=\"og:title\" content=\"PETOVIA Doma\u010di Rum 1L - Ptujska Klet\" \/>\n<meta property=\"og:description\" content=\"Petovia Doma\u010di rum je \u017ee desetletja zvest spremljevalec ve\u010dine slovenskih gospodinj \u00a0pri pripravi tradicionalnih slovenskih sladic in tortic. Njegova prepoznavna aroma in tipi\u010den okus pa bogatita tudi marsikateri topel napitek (\u010daj, pun\u010d, grog, kavo) in tudi koktejle.\" \/>\n<meta property=\"og:url\" content=\"https:\/\/www.ptujska-klet.si\/trgovina\/izdelek\/petovia-domaci-rum-1l\/\" \/>\n<meta property=\"og:site_name\" content=\"Ptujska Klet\" \/>\n<meta property=\"article:modified_time\" content=\"2026-02-16T08:05:32+00:00\" \/>\n<meta property=\"og:image\" content=\"https:\/\/www.ptujska-klet.si\/trgovina\/wp-content\/uploads\/2023\/01\/Domaci-rum.jpg\" \/>\n\t<meta property=\"og:image:width\" content=\"768\" \/>\n\t<meta property=\"og:image:height\" content=\"983\" \/>\n\t<meta property=\"og:image:type\" content=\"image\/jpeg\" \/>\n<meta name=\"twitter:card\" content=\"summary_large_image\" \/>\n<meta name=\"twitter:label1\" content=\"Est. reading time\" \/>\n\t<meta name=\"twitter:data1\" content=\"1 minuta\" \/>\n<script type=\"application\/ld+json\" class=\"yoast-schema-graph\">{\"@context\":\"https:\\\/\\\/schema.org\",\"@graph\":[{\"@type\":\"WebPage\",\"@id\":\"https:\\\/\\\/www.ptujska-klet.si\\\/trgovina\\\/izdelek\\\/petovia-domaci-rum-1l\\\/\",\"url\":\"https:\\\/\\\/www.ptujska-klet.si\\\/trgovina\\\/izdelek\\\/petovia-domaci-rum-1l\\\/\",\"name\":\"PETOVIA Doma\u010di Rum 1L - Ptujska Klet\",\"isPartOf\":{\"@id\":\"https:\\\/\\\/www.ptujska-klet.si\\\/trgovina\\\/#website\"},\"primaryImageOfPage\":{\"@id\":\"https:\\\/\\\/www.ptujska-klet.si\\\/trgovina\\\/izdelek\\\/petovia-domaci-rum-1l\\\/#primaryimage\"},\"image\":{\"@id\":\"https:\\\/\\\/www.ptujska-klet.si\\\/trgovina\\\/izdelek\\\/petovia-domaci-rum-1l\\\/#primaryimage\"},\"thumbnailUrl\":\"https:\\\/\\\/www.ptujska-klet.si\\\/trgovina\\\/wp-content\\\/uploads\\\/2023\\\/01\\\/Domaci-rum.jpg\",\"datePublished\":\"2023-01-05T12:55:16+00:00\",\"dateModified\":\"2026-02-16T08:05:32+00:00\",\"description\":\"Petovia Doma\u010di rum je \u017ee desetletja zvest spremljevalec ve\u010dine slovenskih gospodinj \u00a0pri pripravi tradicionalnih slovenskih sladic in tortic. Njegova prepoznavna aroma in tipi\u010den okus pa bogatita tudi marsikateri topel napitek (\u010daj, pun\u010d, grog, kavo) in tudi koktejle.\",\"breadcrumb\":{\"@id\":\"https:\\\/\\\/www.ptujska-klet.si\\\/trgovina\\\/izdelek\\\/petovia-domaci-rum-1l\\\/#breadcrumb\"},\"inLanguage\":\"sl-SI\",\"potentialAction\":[{\"@type\":\"ReadAction\",\"target\":[\"https:\\\/\\\/www.ptujska-klet.si\\\/trgovina\\\/izdelek\\\/petovia-domaci-rum-1l\\\/\"]}]},{\"@type\":\"ImageObject\",\"inLanguage\":\"sl-SI\",\"@id\":\"https:\\\/\\\/www.ptujska-klet.si\\\/trgovina\\\/izdelek\\\/petovia-domaci-rum-1l\\\/#primaryimage\",\"url\":\"https:\\\/\\\/www.ptujska-klet.si\\\/trgovina\\\/wp-content\\\/uploads\\\/2023\\\/01\\\/Domaci-rum.jpg\",\"contentUrl\":\"https:\\\/\\\/www.ptujska-klet.si\\\/trgovina\\\/wp-content\\\/uploads\\\/2023\\\/01\\\/Domaci-rum.jpg\",\"width\":768,\"height\":983},{\"@type\":\"BreadcrumbList\",\"@id\":\"https:\\\/\\\/www.ptujska-klet.si\\\/trgovina\\\/izdelek\\\/petovia-domaci-rum-1l\\\/#breadcrumb\",\"itemListElement\":[{\"@type\":\"ListItem\",\"position\":1,\"name\":\"Home\",\"item\":\"https:\\\/\\\/www.ptujska-klet.si\\\/trgovina\\\/\"},{\"@type\":\"ListItem\",\"position\":2,\"name\":\"Trgovina\",\"item\":\"https:\\\/\\\/www.ptujska-klet.si\\\/trgovina\\\/\"},{\"@type\":\"ListItem\",\"position\":3,\"name\":\"PETOVIA Doma\u010di Rum 1L\"}]},{\"@type\":\"WebSite\",\"@id\":\"https:\\\/\\\/www.ptujska-klet.si\\\/trgovina\\\/#website\",\"url\":\"https:\\\/\\\/www.ptujska-klet.si\\\/trgovina\\\/\",\"name\":\"Ptujska Klet\",\"description\":\"Vinska klet z najbolj\u0161imi vini za vse okuse\",\"publisher\":{\"@id\":\"https:\\\/\\\/www.ptujska-klet.si\\\/trgovina\\\/#organization\"},\"potentialAction\":[{\"@type\":\"SearchAction\",\"target\":{\"@type\":\"EntryPoint\",\"urlTemplate\":\"https:\\\/\\\/www.ptujska-klet.si\\\/trgovina\\\/?s={search_term_string}\"},\"query-input\":{\"@type\":\"PropertyValueSpecification\",\"valueRequired\":true,\"valueName\":\"search_term_string\"}}],\"inLanguage\":\"sl-SI\"},{\"@type\":\"Organization\",\"@id\":\"https:\\\/\\\/www.ptujska-klet.si\\\/trgovina\\\/#organization\",\"name\":\"Ptujska Klet\",\"url\":\"https:\\\/\\\/www.ptujska-klet.si\\\/trgovina\\\/\",\"logo\":{\"@type\":\"ImageObject\",\"inLanguage\":\"sl-SI\",\"@id\":\"https:\\\/\\\/www.ptujska-klet.si\\\/trgovina\\\/#\\\/schema\\\/logo\\\/image\\\/\",\"url\":\"https:\\\/\\\/www.ptujska-klet.si\\\/trgovina\\\/wp-content\\\/uploads\\\/2020\\\/04\\\/cropped-pullus_favicon-300x300-1-1.png\",\"contentUrl\":\"https:\\\/\\\/www.ptujska-klet.si\\\/trgovina\\\/wp-content\\\/uploads\\\/2020\\\/04\\\/cropped-pullus_favicon-300x300-1-1.png\",\"width\":300,\"height\":300,\"caption\":\"Ptujska Klet\"},\"image\":{\"@id\":\"https:\\\/\\\/www.ptujska-klet.si\\\/trgovina\\\/#\\\/schema\\\/logo\\\/image\\\/\"}}]}<\/script>\n<!-- \/ Yoast SEO plugin. -->","yoast_head_json":{"title":"PETOVIA Doma\u010di Rum 1L - Ptujska Klet","description":"Petovia Doma\u010di rum je \u017ee desetletja zvest spremljevalec ve\u010dine slovenskih gospodinj \u00a0pri pripravi tradicionalnih slovenskih sladic in tortic. Njegova prepoznavna aroma in tipi\u010den okus pa bogatita tudi marsikateri topel napitek (\u010daj, pun\u010d, grog, kavo) in tudi koktejle.","robots":{"index":"index","follow":"follow","max-snippet":"max-snippet:-1","max-image-preview":"max-image-preview:large","max-video-preview":"max-video-preview:-1"},"canonical":"https:\/\/www.ptujska-klet.si\/trgovina\/izdelek\/petovia-domaci-rum-1l\/","og_locale":"sl_SI","og_type":"article","og_title":"PETOVIA Doma\u010di Rum 1L - Ptujska Klet","og_description":"Petovia Doma\u010di rum je \u017ee desetletja zvest spremljevalec ve\u010dine slovenskih gospodinj \u00a0pri pripravi tradicionalnih slovenskih sladic in tortic. Njegova prepoznavna aroma in tipi\u010den okus pa bogatita tudi marsikateri topel napitek (\u010daj, pun\u010d, grog, kavo) in tudi koktejle.","og_url":"https:\/\/www.ptujska-klet.si\/trgovina\/izdelek\/petovia-domaci-rum-1l\/","og_site_name":"Ptujska Klet","article_modified_time":"2026-02-16T08:05:32+00:00","og_image":[{"width":768,"height":983,"url":"https:\/\/www.ptujska-klet.si\/trgovina\/wp-content\/uploads\/2023\/01\/Domaci-rum.jpg","type":"image\/jpeg"}],"twitter_card":"summary_large_image","twitter_misc":{"Est. reading time":"1 minuta"},"schema":{"@context":"https:\/\/schema.org","@graph":[{"@type":"WebPage","@id":"https:\/\/www.ptujska-klet.si\/trgovina\/izdelek\/petovia-domaci-rum-1l\/","url":"https:\/\/www.ptujska-klet.si\/trgovina\/izdelek\/petovia-domaci-rum-1l\/","name":"PETOVIA Doma\u010di Rum 1L - Ptujska Klet","isPartOf":{"@id":"https:\/\/www.ptujska-klet.si\/trgovina\/#website"},"primaryImageOfPage":{"@id":"https:\/\/www.ptujska-klet.si\/trgovina\/izdelek\/petovia-domaci-rum-1l\/#primaryimage"},"image":{"@id":"https:\/\/www.ptujska-klet.si\/trgovina\/izdelek\/petovia-domaci-rum-1l\/#primaryimage"},"thumbnailUrl":"https:\/\/www.ptujska-klet.si\/trgovina\/wp-content\/uploads\/2023\/01\/Domaci-rum.jpg","datePublished":"2023-01-05T12:55:16+00:00","dateModified":"2026-02-16T08:05:32+00:00","description":"Petovia Doma\u010di rum je \u017ee desetletja zvest spremljevalec ve\u010dine slovenskih gospodinj \u00a0pri pripravi tradicionalnih slovenskih sladic in tortic. Njegova prepoznavna aroma in tipi\u010den okus pa bogatita tudi marsikateri topel napitek (\u010daj, pun\u010d, grog, kavo) in tudi koktejle.","breadcrumb":{"@id":"https:\/\/www.ptujska-klet.si\/trgovina\/izdelek\/petovia-domaci-rum-1l\/#breadcrumb"},"inLanguage":"sl-SI","potentialAction":[{"@type":"ReadAction","target":["https:\/\/www.ptujska-klet.si\/trgovina\/izdelek\/petovia-domaci-rum-1l\/"]}]},{"@type":"ImageObject","inLanguage":"sl-SI","@id":"https:\/\/www.ptujska-klet.si\/trgovina\/izdelek\/petovia-domaci-rum-1l\/#primaryimage","url":"https:\/\/www.ptujska-klet.si\/trgovina\/wp-content\/uploads\/2023\/01\/Domaci-rum.jpg","contentUrl":"https:\/\/www.ptujska-klet.si\/trgovina\/wp-content\/uploads\/2023\/01\/Domaci-rum.jpg","width":768,"height":983},{"@type":"BreadcrumbList","@id":"https:\/\/www.ptujska-klet.si\/trgovina\/izdelek\/petovia-domaci-rum-1l\/#breadcrumb","itemListElement":[{"@type":"ListItem","position":1,"name":"Home","item":"https:\/\/www.ptujska-klet.si\/trgovina\/"},{"@type":"ListItem","position":2,"name":"Trgovina","item":"https:\/\/www.ptujska-klet.si\/trgovina\/"},{"@type":"ListItem","position":3,"name":"PETOVIA Doma\u010di Rum 1L"}]},{"@type":"WebSite","@id":"https:\/\/www.ptujska-klet.si\/trgovina\/#website","url":"https:\/\/www.ptujska-klet.si\/trgovina\/","name":"Ptujska Klet","description":"Vinska klet z najbolj\u0161imi vini za vse okuse","publisher":{"@id":"https:\/\/www.ptujska-klet.si\/trgovina\/#organization"},"potentialAction":[{"@type":"SearchAction","target":{"@type":"EntryPoint","urlTemplate":"https:\/\/www.ptujska-klet.si\/trgovina\/?s={search_term_string}"},"query-input":{"@type":"PropertyValueSpecification","valueRequired":true,"valueName":"search_term_string"}}],"inLanguage":"sl-SI"},{"@type":"Organization","@id":"https:\/\/www.ptujska-klet.si\/trgovina\/#organization","name":"Ptujska Klet","url":"https:\/\/www.ptujska-klet.si\/trgovina\/","logo":{"@type":"ImageObject","inLanguage":"sl-SI","@id":"https:\/\/www.ptujska-klet.si\/trgovina\/#\/schema\/logo\/image\/","url":"https:\/\/www.ptujska-klet.si\/trgovina\/wp-content\/uploads\/2020\/04\/cropped-pullus_favicon-300x300-1-1.png","contentUrl":"https:\/\/www.ptujska-klet.si\/trgovina\/wp-content\/uploads\/2020\/04\/cropped-pullus_favicon-300x300-1-1.png","width":300,"height":300,"caption":"Ptujska Klet"},"image":{"@id":"https:\/\/www.ptujska-klet.si\/trgovina\/#\/schema\/logo\/image\/"}}]}},"_links":{"self":[{"href":"https:\/\/www.ptujska-klet.si\/trgovina\/wp-json\/wp\/v2\/product\/5145","targetHints":{"allow":["GET"]}}],"collection":[{"href":"https:\/\/www.ptujska-klet.si\/trgovina\/wp-json\/wp\/v2\/product"}],"about":[{"href":"https:\/\/www.ptujska-klet.si\/trgovina\/wp-json\/wp\/v2\/types\/product"}],"wp:featuredmedia":[{"embeddable":true,"href":"https:\/\/www.ptujska-klet.si\/trgovina\/wp-json\/wp\/v2\/media\/6121"}],"wp:attachment":[{"href":"https:\/\/www.ptujska-klet.si\/trgovina\/wp-json\/wp\/v2\/media?parent=5145"}],"wp:term":[{"taxonomy":"product_brand","embeddable":true,"href":"https:\/\/www.ptujska-klet.si\/trgovina\/wp-json\/wp\/v2\/product_brand?post=5145"},{"taxonomy":"product_cat","embeddable":true,"href":"https:\/\/www.ptujska-klet.si\/trgovina\/wp-json\/wp\/v2\/product_cat?post=5145"},{"taxonomy":"product_tag","embeddable":true,"href":"https:\/\/www.ptujska-klet.si\/trgovina\/wp-json\/wp\/v2\/product_tag?post=5145"}],"curies":[{"name":"wp","href":"https:\/\/api.w.org\/{rel}","templated":true}]}}