{"id":5127,"date":"2023-01-05T13:37:25","date_gmt":"2023-01-05T12:37:25","guid":{"rendered":"https:\/\/pullus-shop.com\/?post_type=product&#038;p=5127"},"modified":"2026-02-16T15:03:37","modified_gmt":"2026-02-16T14:03:37","slug":"petovia-grenki-pelinkovec","status":"publish","type":"product","link":"https:\/\/www.ptujska-klet.si\/trgovina\/izdelek\/petovia-grenki-pelinkovec\/","title":{"rendered":"PETOVIA grenki Pelinkovec"},"content":{"rendered":"<p>tipi\u010den predstavnik tradicionalne slovenske doma\u010de zeli\u0161\u010dne gren\u010dice na osnovi pelinove arome, ki ga Slovenci pijemo \u017ee stoletja. Poleg pristne pelinove aromatike in gren\u010dine Petovia pelinkovec odlikuje unikatna in o\u010darljiva harmonija okusa. Najverjetneje je prav zato eden najbolje prodajanih pelinkovcev na planetu Zemlja.<\/p>\n<p>Pelinkovec z geografsko ozna\u010dbo je liker, proizveden izklju\u010dno v Republiki Sloveniji. Izdelan iz etanola ali destilata kmetijskega izvora oziroma ene ali ve\u010d \u017eganih pija\u010d ali me\u0161anice le-teh, z dodatkom sladkorja in naravnih izvle\u010dkov pelina. Lahko se dodajo tudi izvle\u010dki drugih zeli\u0161\u010d ter arome in naravna barvila. Pelinkovec z geografsko ozna\u010dbo mora imeti intenzivno izra\u017een okus in vonj po pelinu in mora vsebovati\u00a0 najmanj 80g sladkorja na liter in imeti najmanj 25 vol. % alkohola.<\/p>\n<h6>Podatki o izdelku<\/h6>\n<p><strong>Alkohol: <\/strong>25%<\/p>\n<p style=\"text-align: left;\"><strong>Enota mere:<\/strong> literska \/ 1000ml<br \/>\n<strong>\u0160t. steklenic v kartonu:<\/strong> 6<\/p>\n<p><strong>Koktelji:<\/strong><\/p>\n<p><strong>P&#8217;ALE<\/strong><\/p>\n<ul>\n<li>0,06 Pelinkovec grenki<\/li>\n<li>1,5dcl Gingerale<\/li>\n<li>Kolobar\u010dek ingverja<\/li>\n<li>Rezina limete<\/li>\n<li>Led<\/li>\n<\/ul>\n","protected":false},"excerpt":{"rendered":"<p>tipi\u010den predstavnik tradicionalne slovenske doma\u010de zeli\u0161\u010dne gren\u010dice na osnovi pelinove arome, ki ga Slovenci pijemo \u017ee stoletja. Poleg pristne pelinove aromatike in gren\u010dine Petovia pelinkovec odlikuje unikatna in o\u010darljiva harmonija okusa. Najverjetneje je prav zato eden najbolje prodajanih pelinkovcev na planetu Zemlja. Pelinkovec z geografsko ozna\u010dbo je liker, proizveden izklju\u010dno v Republiki Sloveniji. Izdelan iz [&hellip;]<\/p>\n","protected":false},"featured_media":6124,"template":"","meta":[],"product_brand":[],"product_cat":[41],"product_tag":[42],"class_list":{"0":"post-5127","1":"product","2":"type-product","3":"status-publish","4":"has-post-thumbnail","6":"product_cat-petovia","7":"product_tag-zgane-pijace","9":"first","10":"instock","11":"taxable","12":"shipping-taxable","13":"purchasable","14":"product-type-simple"},"yoast_head":"<!-- This site is optimized with the Yoast SEO plugin v27.5 - https:\/\/yoast.com\/product\/yoast-seo-wordpress\/ -->\n<title>PETOVIA grenki Pelinkovec - Ptujska Klet<\/title>\n<meta name=\"description\" content=\"tipi\u010den predstavnik tradicionalne slovenske doma\u010de zeli\u0161\u010dne gren\u010dice na osnovi pelinove arome, ki ga Slovenci pijemo \u017ee stoletja. Poleg pristne pelinove aromatike in gren\u010dine Petovia pelinkovec odlikuje unikatna in o\u010darljiva harmonija okusa. Najverjetneje je prav zato eden najbolje prodajanih pelinkovcev na planetu Zemlja.\" \/>\n<meta name=\"robots\" content=\"index, follow, max-snippet:-1, max-image-preview:large, max-video-preview:-1\" \/>\n<link rel=\"canonical\" href=\"https:\/\/www.ptujska-klet.si\/trgovina\/izdelek\/petovia-grenki-pelinkovec\/\" \/>\n<meta property=\"og:locale\" content=\"sl_SI\" \/>\n<meta property=\"og:type\" content=\"article\" \/>\n<meta property=\"og:title\" content=\"PETOVIA grenki Pelinkovec - Ptujska Klet\" \/>\n<meta property=\"og:description\" content=\"tipi\u010den predstavnik tradicionalne slovenske doma\u010de zeli\u0161\u010dne gren\u010dice na osnovi pelinove arome, ki ga Slovenci pijemo \u017ee stoletja. Poleg pristne pelinove aromatike in gren\u010dine Petovia pelinkovec odlikuje unikatna in o\u010darljiva harmonija okusa. Najverjetneje je prav zato eden najbolje prodajanih pelinkovcev na planetu Zemlja.\" \/>\n<meta property=\"og:url\" content=\"https:\/\/www.ptujska-klet.si\/trgovina\/izdelek\/petovia-grenki-pelinkovec\/\" \/>\n<meta property=\"og:site_name\" content=\"Ptujska Klet\" \/>\n<meta property=\"article:modified_time\" content=\"2026-02-16T14:03:37+00:00\" \/>\n<meta property=\"og:image\" content=\"https:\/\/www.ptujska-klet.si\/trgovina\/wp-content\/uploads\/2023\/01\/Pelinkovec-1.jpg\" \/>\n\t<meta property=\"og:image:width\" content=\"768\" \/>\n\t<meta property=\"og:image:height\" content=\"983\" \/>\n\t<meta property=\"og:image:type\" content=\"image\/jpeg\" \/>\n<meta name=\"twitter:card\" content=\"summary_large_image\" \/>\n<meta name=\"twitter:label1\" content=\"Est. reading time\" \/>\n\t<meta name=\"twitter:data1\" content=\"1 minuta\" \/>\n<script type=\"application\/ld+json\" class=\"yoast-schema-graph\">{\"@context\":\"https:\\\/\\\/schema.org\",\"@graph\":[{\"@type\":\"WebPage\",\"@id\":\"https:\\\/\\\/www.ptujska-klet.si\\\/trgovina\\\/izdelek\\\/petovia-grenki-pelinkovec\\\/\",\"url\":\"https:\\\/\\\/www.ptujska-klet.si\\\/trgovina\\\/izdelek\\\/petovia-grenki-pelinkovec\\\/\",\"name\":\"PETOVIA grenki Pelinkovec - Ptujska Klet\",\"isPartOf\":{\"@id\":\"https:\\\/\\\/www.ptujska-klet.si\\\/trgovina\\\/#website\"},\"primaryImageOfPage\":{\"@id\":\"https:\\\/\\\/www.ptujska-klet.si\\\/trgovina\\\/izdelek\\\/petovia-grenki-pelinkovec\\\/#primaryimage\"},\"image\":{\"@id\":\"https:\\\/\\\/www.ptujska-klet.si\\\/trgovina\\\/izdelek\\\/petovia-grenki-pelinkovec\\\/#primaryimage\"},\"thumbnailUrl\":\"https:\\\/\\\/www.ptujska-klet.si\\\/trgovina\\\/wp-content\\\/uploads\\\/2023\\\/01\\\/Pelinkovec-1.jpg\",\"datePublished\":\"2023-01-05T12:37:25+00:00\",\"dateModified\":\"2026-02-16T14:03:37+00:00\",\"description\":\"tipi\u010den predstavnik tradicionalne slovenske doma\u010de zeli\u0161\u010dne gren\u010dice na osnovi pelinove arome, ki ga Slovenci pijemo \u017ee stoletja. Poleg pristne pelinove aromatike in gren\u010dine Petovia pelinkovec odlikuje unikatna in o\u010darljiva harmonija okusa. Najverjetneje je prav zato eden najbolje prodajanih pelinkovcev na planetu Zemlja.\",\"breadcrumb\":{\"@id\":\"https:\\\/\\\/www.ptujska-klet.si\\\/trgovina\\\/izdelek\\\/petovia-grenki-pelinkovec\\\/#breadcrumb\"},\"inLanguage\":\"sl-SI\",\"potentialAction\":[{\"@type\":\"ReadAction\",\"target\":[\"https:\\\/\\\/www.ptujska-klet.si\\\/trgovina\\\/izdelek\\\/petovia-grenki-pelinkovec\\\/\"]}]},{\"@type\":\"ImageObject\",\"inLanguage\":\"sl-SI\",\"@id\":\"https:\\\/\\\/www.ptujska-klet.si\\\/trgovina\\\/izdelek\\\/petovia-grenki-pelinkovec\\\/#primaryimage\",\"url\":\"https:\\\/\\\/www.ptujska-klet.si\\\/trgovina\\\/wp-content\\\/uploads\\\/2023\\\/01\\\/Pelinkovec-1.jpg\",\"contentUrl\":\"https:\\\/\\\/www.ptujska-klet.si\\\/trgovina\\\/wp-content\\\/uploads\\\/2023\\\/01\\\/Pelinkovec-1.jpg\",\"width\":768,\"height\":983},{\"@type\":\"BreadcrumbList\",\"@id\":\"https:\\\/\\\/www.ptujska-klet.si\\\/trgovina\\\/izdelek\\\/petovia-grenki-pelinkovec\\\/#breadcrumb\",\"itemListElement\":[{\"@type\":\"ListItem\",\"position\":1,\"name\":\"Home\",\"item\":\"https:\\\/\\\/www.ptujska-klet.si\\\/trgovina\\\/\"},{\"@type\":\"ListItem\",\"position\":2,\"name\":\"Trgovina\",\"item\":\"https:\\\/\\\/www.ptujska-klet.si\\\/trgovina\\\/\"},{\"@type\":\"ListItem\",\"position\":3,\"name\":\"PETOVIA grenki Pelinkovec\"}]},{\"@type\":\"WebSite\",\"@id\":\"https:\\\/\\\/www.ptujska-klet.si\\\/trgovina\\\/#website\",\"url\":\"https:\\\/\\\/www.ptujska-klet.si\\\/trgovina\\\/\",\"name\":\"Ptujska Klet\",\"description\":\"Vinska klet z najbolj\u0161imi vini za vse okuse\",\"publisher\":{\"@id\":\"https:\\\/\\\/www.ptujska-klet.si\\\/trgovina\\\/#organization\"},\"potentialAction\":[{\"@type\":\"SearchAction\",\"target\":{\"@type\":\"EntryPoint\",\"urlTemplate\":\"https:\\\/\\\/www.ptujska-klet.si\\\/trgovina\\\/?s={search_term_string}\"},\"query-input\":{\"@type\":\"PropertyValueSpecification\",\"valueRequired\":true,\"valueName\":\"search_term_string\"}}],\"inLanguage\":\"sl-SI\"},{\"@type\":\"Organization\",\"@id\":\"https:\\\/\\\/www.ptujska-klet.si\\\/trgovina\\\/#organization\",\"name\":\"Ptujska Klet\",\"url\":\"https:\\\/\\\/www.ptujska-klet.si\\\/trgovina\\\/\",\"logo\":{\"@type\":\"ImageObject\",\"inLanguage\":\"sl-SI\",\"@id\":\"https:\\\/\\\/www.ptujska-klet.si\\\/trgovina\\\/#\\\/schema\\\/logo\\\/image\\\/\",\"url\":\"https:\\\/\\\/www.ptujska-klet.si\\\/trgovina\\\/wp-content\\\/uploads\\\/2020\\\/04\\\/cropped-pullus_favicon-300x300-1-1.png\",\"contentUrl\":\"https:\\\/\\\/www.ptujska-klet.si\\\/trgovina\\\/wp-content\\\/uploads\\\/2020\\\/04\\\/cropped-pullus_favicon-300x300-1-1.png\",\"width\":300,\"height\":300,\"caption\":\"Ptujska Klet\"},\"image\":{\"@id\":\"https:\\\/\\\/www.ptujska-klet.si\\\/trgovina\\\/#\\\/schema\\\/logo\\\/image\\\/\"}}]}<\/script>\n<!-- \/ Yoast SEO plugin. -->","yoast_head_json":{"title":"PETOVIA grenki Pelinkovec - Ptujska Klet","description":"tipi\u010den predstavnik tradicionalne slovenske doma\u010de zeli\u0161\u010dne gren\u010dice na osnovi pelinove arome, ki ga Slovenci pijemo \u017ee stoletja. Poleg pristne pelinove aromatike in gren\u010dine Petovia pelinkovec odlikuje unikatna in o\u010darljiva harmonija okusa. Najverjetneje je prav zato eden najbolje prodajanih pelinkovcev na planetu Zemlja.","robots":{"index":"index","follow":"follow","max-snippet":"max-snippet:-1","max-image-preview":"max-image-preview:large","max-video-preview":"max-video-preview:-1"},"canonical":"https:\/\/www.ptujska-klet.si\/trgovina\/izdelek\/petovia-grenki-pelinkovec\/","og_locale":"sl_SI","og_type":"article","og_title":"PETOVIA grenki Pelinkovec - Ptujska Klet","og_description":"tipi\u010den predstavnik tradicionalne slovenske doma\u010de zeli\u0161\u010dne gren\u010dice na osnovi pelinove arome, ki ga Slovenci pijemo \u017ee stoletja. Poleg pristne pelinove aromatike in gren\u010dine Petovia pelinkovec odlikuje unikatna in o\u010darljiva harmonija okusa. Najverjetneje je prav zato eden najbolje prodajanih pelinkovcev na planetu Zemlja.","og_url":"https:\/\/www.ptujska-klet.si\/trgovina\/izdelek\/petovia-grenki-pelinkovec\/","og_site_name":"Ptujska Klet","article_modified_time":"2026-02-16T14:03:37+00:00","og_image":[{"width":768,"height":983,"url":"https:\/\/www.ptujska-klet.si\/trgovina\/wp-content\/uploads\/2023\/01\/Pelinkovec-1.jpg","type":"image\/jpeg"}],"twitter_card":"summary_large_image","twitter_misc":{"Est. reading time":"1 minuta"},"schema":{"@context":"https:\/\/schema.org","@graph":[{"@type":"WebPage","@id":"https:\/\/www.ptujska-klet.si\/trgovina\/izdelek\/petovia-grenki-pelinkovec\/","url":"https:\/\/www.ptujska-klet.si\/trgovina\/izdelek\/petovia-grenki-pelinkovec\/","name":"PETOVIA grenki Pelinkovec - Ptujska Klet","isPartOf":{"@id":"https:\/\/www.ptujska-klet.si\/trgovina\/#website"},"primaryImageOfPage":{"@id":"https:\/\/www.ptujska-klet.si\/trgovina\/izdelek\/petovia-grenki-pelinkovec\/#primaryimage"},"image":{"@id":"https:\/\/www.ptujska-klet.si\/trgovina\/izdelek\/petovia-grenki-pelinkovec\/#primaryimage"},"thumbnailUrl":"https:\/\/www.ptujska-klet.si\/trgovina\/wp-content\/uploads\/2023\/01\/Pelinkovec-1.jpg","datePublished":"2023-01-05T12:37:25+00:00","dateModified":"2026-02-16T14:03:37+00:00","description":"tipi\u010den predstavnik tradicionalne slovenske doma\u010de zeli\u0161\u010dne gren\u010dice na osnovi pelinove arome, ki ga Slovenci pijemo \u017ee stoletja. Poleg pristne pelinove aromatike in gren\u010dine Petovia pelinkovec odlikuje unikatna in o\u010darljiva harmonija okusa. Najverjetneje je prav zato eden najbolje prodajanih pelinkovcev na planetu Zemlja.","breadcrumb":{"@id":"https:\/\/www.ptujska-klet.si\/trgovina\/izdelek\/petovia-grenki-pelinkovec\/#breadcrumb"},"inLanguage":"sl-SI","potentialAction":[{"@type":"ReadAction","target":["https:\/\/www.ptujska-klet.si\/trgovina\/izdelek\/petovia-grenki-pelinkovec\/"]}]},{"@type":"ImageObject","inLanguage":"sl-SI","@id":"https:\/\/www.ptujska-klet.si\/trgovina\/izdelek\/petovia-grenki-pelinkovec\/#primaryimage","url":"https:\/\/www.ptujska-klet.si\/trgovina\/wp-content\/uploads\/2023\/01\/Pelinkovec-1.jpg","contentUrl":"https:\/\/www.ptujska-klet.si\/trgovina\/wp-content\/uploads\/2023\/01\/Pelinkovec-1.jpg","width":768,"height":983},{"@type":"BreadcrumbList","@id":"https:\/\/www.ptujska-klet.si\/trgovina\/izdelek\/petovia-grenki-pelinkovec\/#breadcrumb","itemListElement":[{"@type":"ListItem","position":1,"name":"Home","item":"https:\/\/www.ptujska-klet.si\/trgovina\/"},{"@type":"ListItem","position":2,"name":"Trgovina","item":"https:\/\/www.ptujska-klet.si\/trgovina\/"},{"@type":"ListItem","position":3,"name":"PETOVIA grenki Pelinkovec"}]},{"@type":"WebSite","@id":"https:\/\/www.ptujska-klet.si\/trgovina\/#website","url":"https:\/\/www.ptujska-klet.si\/trgovina\/","name":"Ptujska Klet","description":"Vinska klet z najbolj\u0161imi vini za vse okuse","publisher":{"@id":"https:\/\/www.ptujska-klet.si\/trgovina\/#organization"},"potentialAction":[{"@type":"SearchAction","target":{"@type":"EntryPoint","urlTemplate":"https:\/\/www.ptujska-klet.si\/trgovina\/?s={search_term_string}"},"query-input":{"@type":"PropertyValueSpecification","valueRequired":true,"valueName":"search_term_string"}}],"inLanguage":"sl-SI"},{"@type":"Organization","@id":"https:\/\/www.ptujska-klet.si\/trgovina\/#organization","name":"Ptujska Klet","url":"https:\/\/www.ptujska-klet.si\/trgovina\/","logo":{"@type":"ImageObject","inLanguage":"sl-SI","@id":"https:\/\/www.ptujska-klet.si\/trgovina\/#\/schema\/logo\/image\/","url":"https:\/\/www.ptujska-klet.si\/trgovina\/wp-content\/uploads\/2020\/04\/cropped-pullus_favicon-300x300-1-1.png","contentUrl":"https:\/\/www.ptujska-klet.si\/trgovina\/wp-content\/uploads\/2020\/04\/cropped-pullus_favicon-300x300-1-1.png","width":300,"height":300,"caption":"Ptujska Klet"},"image":{"@id":"https:\/\/www.ptujska-klet.si\/trgovina\/#\/schema\/logo\/image\/"}}]}},"_links":{"self":[{"href":"https:\/\/www.ptujska-klet.si\/trgovina\/wp-json\/wp\/v2\/product\/5127","targetHints":{"allow":["GET"]}}],"collection":[{"href":"https:\/\/www.ptujska-klet.si\/trgovina\/wp-json\/wp\/v2\/product"}],"about":[{"href":"https:\/\/www.ptujska-klet.si\/trgovina\/wp-json\/wp\/v2\/types\/product"}],"wp:featuredmedia":[{"embeddable":true,"href":"https:\/\/www.ptujska-klet.si\/trgovina\/wp-json\/wp\/v2\/media\/6124"}],"wp:attachment":[{"href":"https:\/\/www.ptujska-klet.si\/trgovina\/wp-json\/wp\/v2\/media?parent=5127"}],"wp:term":[{"taxonomy":"product_brand","embeddable":true,"href":"https:\/\/www.ptujska-klet.si\/trgovina\/wp-json\/wp\/v2\/product_brand?post=5127"},{"taxonomy":"product_cat","embeddable":true,"href":"https:\/\/www.ptujska-klet.si\/trgovina\/wp-json\/wp\/v2\/product_cat?post=5127"},{"taxonomy":"product_tag","embeddable":true,"href":"https:\/\/www.ptujska-klet.si\/trgovina\/wp-json\/wp\/v2\/product_tag?post=5127"}],"curies":[{"name":"wp","href":"https:\/\/api.w.org\/{rel}","templated":true}]}}