{"id":4793,"date":"2021-12-03T08:51:59","date_gmt":"2021-12-03T07:51:59","guid":{"rendered":"https:\/\/pullus-shop.com\/?post_type=product&#038;p=4793"},"modified":"2024-10-11T12:15:20","modified_gmt":"2024-10-11T11:15:20","slug":"kultni-spricar-sodcek-6x","status":"publish","type":"product","link":"https:\/\/www.ptujska-klet.si\/trgovina\/izdelek\/kultni-spricar-sodcek-6x\/","title":{"rendered":"Kultni \u0160priCAR! sod\u010dek 6x"},"content":{"rendered":"<p>Paket s \u0161estimi ikonskimi 200ml kozarci \/&#8221;sod\u010dki&#8221;\/ za \u0161pricar (brizganec, \u0161pricer).<\/p>\n","protected":false},"excerpt":{"rendered":"<div class=\"page-section__generator page-section__generator--top g12-xs g11-md g10-lg g8-xl\">\n<div class=\"page-generator__text page-generator__text--top js-generator-text\">\n<div id=\"output\" class=\"page-generator__output js-generator-output\">\n<div class=\"page-section__generator page-section__generator--top g12-xs g11-md g10-lg g8-xl\">\n<div class=\"page-generator__text page-generator__text--top js-generator-text\">\n<div id=\"output\" class=\"page-generator__output js-generator-output\">\n<p>Paket s \u0161estimi ikonskimi 200ml kozarci \/&#8221;sod\u010dki&#8221;\/ za \u0161pricar (brizganec, \u0161pricer).<\/p>\n<\/div>\n<\/div>\n<\/div>\n<\/div>\n<\/div>\n<\/div>\n","protected":false},"featured_media":5761,"template":"","meta":[],"product_brand":[],"product_cat":[36],"product_tag":[40],"class_list":{"0":"post-4793","1":"product","2":"type-product","3":"status-publish","4":"has-post-thumbnail","6":"product_cat-darilna-embalaza-co","7":"product_tag-kozarec","9":"first","10":"instock","11":"taxable","12":"shipping-taxable","13":"purchasable","14":"product-type-simple"},"yoast_head":"<!-- This site is optimized with the Yoast SEO plugin v27.3 - https:\/\/yoast.com\/product\/yoast-seo-wordpress\/ -->\n<title>Kultni \u0160priCAR! sod\u010dek 6x - Ptujska Klet<\/title>\n<meta name=\"robots\" content=\"index, follow, max-snippet:-1, max-image-preview:large, max-video-preview:-1\" \/>\n<link rel=\"canonical\" href=\"https:\/\/www.ptujska-klet.si\/trgovina\/izdelek\/kultni-spricar-sodcek-6x\/\" \/>\n<meta property=\"og:locale\" content=\"sl_SI\" \/>\n<meta property=\"og:type\" content=\"article\" \/>\n<meta property=\"og:title\" content=\"Kultni \u0160priCAR! sod\u010dek 6x - Ptujska Klet\" \/>\n<meta property=\"og:description\" content=\"Paket s \u0161estimi ikonskimi 200ml kozarci \/&quot;sod\u010dki&quot;\/ za \u0161pricar (brizganec, \u0161pricer).\" \/>\n<meta property=\"og:url\" content=\"https:\/\/www.ptujska-klet.si\/trgovina\/izdelek\/kultni-spricar-sodcek-6x\/\" \/>\n<meta property=\"og:site_name\" content=\"Ptujska Klet\" \/>\n<meta property=\"article:modified_time\" content=\"2024-10-11T11:15:20+00:00\" \/>\n<meta property=\"og:image\" content=\"https:\/\/www.ptujska-klet.si\/trgovina\/wp-content\/uploads\/2021\/12\/SpriCAR_kozarci_mali-1.jpg\" \/>\n\t<meta property=\"og:image:width\" content=\"500\" \/>\n\t<meta property=\"og:image:height\" content=\"500\" \/>\n\t<meta property=\"og:image:type\" content=\"image\/jpeg\" \/>\n<meta name=\"twitter:card\" content=\"summary_large_image\" \/>\n<meta name=\"twitter:label1\" content=\"Est. reading time\" \/>\n\t<meta name=\"twitter:data1\" content=\"1 minuta\" \/>\n<script type=\"application\/ld+json\" class=\"yoast-schema-graph\">{\"@context\":\"https:\\\/\\\/schema.org\",\"@graph\":[{\"@type\":\"WebPage\",\"@id\":\"https:\\\/\\\/www.ptujska-klet.si\\\/trgovina\\\/izdelek\\\/kultni-spricar-sodcek-6x\\\/\",\"url\":\"https:\\\/\\\/www.ptujska-klet.si\\\/trgovina\\\/izdelek\\\/kultni-spricar-sodcek-6x\\\/\",\"name\":\"Kultni \u0160priCAR! sod\u010dek 6x - Ptujska Klet\",\"isPartOf\":{\"@id\":\"https:\\\/\\\/www.ptujska-klet.si\\\/trgovina\\\/#website\"},\"primaryImageOfPage\":{\"@id\":\"https:\\\/\\\/www.ptujska-klet.si\\\/trgovina\\\/izdelek\\\/kultni-spricar-sodcek-6x\\\/#primaryimage\"},\"image\":{\"@id\":\"https:\\\/\\\/www.ptujska-klet.si\\\/trgovina\\\/izdelek\\\/kultni-spricar-sodcek-6x\\\/#primaryimage\"},\"thumbnailUrl\":\"https:\\\/\\\/www.ptujska-klet.si\\\/trgovina\\\/wp-content\\\/uploads\\\/2021\\\/12\\\/SpriCAR_kozarci_mali-1.jpg\",\"datePublished\":\"2021-12-03T07:51:59+00:00\",\"dateModified\":\"2024-10-11T11:15:20+00:00\",\"breadcrumb\":{\"@id\":\"https:\\\/\\\/www.ptujska-klet.si\\\/trgovina\\\/izdelek\\\/kultni-spricar-sodcek-6x\\\/#breadcrumb\"},\"inLanguage\":\"sl-SI\",\"potentialAction\":[{\"@type\":\"ReadAction\",\"target\":[\"https:\\\/\\\/www.ptujska-klet.si\\\/trgovina\\\/izdelek\\\/kultni-spricar-sodcek-6x\\\/\"]}]},{\"@type\":\"ImageObject\",\"inLanguage\":\"sl-SI\",\"@id\":\"https:\\\/\\\/www.ptujska-klet.si\\\/trgovina\\\/izdelek\\\/kultni-spricar-sodcek-6x\\\/#primaryimage\",\"url\":\"https:\\\/\\\/www.ptujska-klet.si\\\/trgovina\\\/wp-content\\\/uploads\\\/2021\\\/12\\\/SpriCAR_kozarci_mali-1.jpg\",\"contentUrl\":\"https:\\\/\\\/www.ptujska-klet.si\\\/trgovina\\\/wp-content\\\/uploads\\\/2021\\\/12\\\/SpriCAR_kozarci_mali-1.jpg\",\"width\":500,\"height\":500},{\"@type\":\"BreadcrumbList\",\"@id\":\"https:\\\/\\\/www.ptujska-klet.si\\\/trgovina\\\/izdelek\\\/kultni-spricar-sodcek-6x\\\/#breadcrumb\",\"itemListElement\":[{\"@type\":\"ListItem\",\"position\":1,\"name\":\"Home\",\"item\":\"https:\\\/\\\/www.ptujska-klet.si\\\/trgovina\\\/\"},{\"@type\":\"ListItem\",\"position\":2,\"name\":\"Trgovina\",\"item\":\"https:\\\/\\\/www.ptujska-klet.si\\\/trgovina\\\/\"},{\"@type\":\"ListItem\",\"position\":3,\"name\":\"Kultni \u0160priCAR! sod\u010dek 6x\"}]},{\"@type\":\"WebSite\",\"@id\":\"https:\\\/\\\/www.ptujska-klet.si\\\/trgovina\\\/#website\",\"url\":\"https:\\\/\\\/www.ptujska-klet.si\\\/trgovina\\\/\",\"name\":\"Ptujska Klet\",\"description\":\"Vinska klet z najbolj\u0161imi vini za vse okuse\",\"publisher\":{\"@id\":\"https:\\\/\\\/www.ptujska-klet.si\\\/trgovina\\\/#organization\"},\"potentialAction\":[{\"@type\":\"SearchAction\",\"target\":{\"@type\":\"EntryPoint\",\"urlTemplate\":\"https:\\\/\\\/www.ptujska-klet.si\\\/trgovina\\\/?s={search_term_string}\"},\"query-input\":{\"@type\":\"PropertyValueSpecification\",\"valueRequired\":true,\"valueName\":\"search_term_string\"}}],\"inLanguage\":\"sl-SI\"},{\"@type\":\"Organization\",\"@id\":\"https:\\\/\\\/www.ptujska-klet.si\\\/trgovina\\\/#organization\",\"name\":\"Ptujska Klet\",\"url\":\"https:\\\/\\\/www.ptujska-klet.si\\\/trgovina\\\/\",\"logo\":{\"@type\":\"ImageObject\",\"inLanguage\":\"sl-SI\",\"@id\":\"https:\\\/\\\/www.ptujska-klet.si\\\/trgovina\\\/#\\\/schema\\\/logo\\\/image\\\/\",\"url\":\"https:\\\/\\\/www.ptujska-klet.si\\\/trgovina\\\/wp-content\\\/uploads\\\/2020\\\/04\\\/cropped-pullus_favicon-300x300-1-1.png\",\"contentUrl\":\"https:\\\/\\\/www.ptujska-klet.si\\\/trgovina\\\/wp-content\\\/uploads\\\/2020\\\/04\\\/cropped-pullus_favicon-300x300-1-1.png\",\"width\":300,\"height\":300,\"caption\":\"Ptujska Klet\"},\"image\":{\"@id\":\"https:\\\/\\\/www.ptujska-klet.si\\\/trgovina\\\/#\\\/schema\\\/logo\\\/image\\\/\"}}]}<\/script>\n<!-- \/ Yoast SEO plugin. -->","yoast_head_json":{"title":"Kultni \u0160priCAR! sod\u010dek 6x - Ptujska Klet","robots":{"index":"index","follow":"follow","max-snippet":"max-snippet:-1","max-image-preview":"max-image-preview:large","max-video-preview":"max-video-preview:-1"},"canonical":"https:\/\/www.ptujska-klet.si\/trgovina\/izdelek\/kultni-spricar-sodcek-6x\/","og_locale":"sl_SI","og_type":"article","og_title":"Kultni \u0160priCAR! sod\u010dek 6x - Ptujska Klet","og_description":"Paket s \u0161estimi ikonskimi 200ml kozarci \/\"sod\u010dki\"\/ za \u0161pricar (brizganec, \u0161pricer).","og_url":"https:\/\/www.ptujska-klet.si\/trgovina\/izdelek\/kultni-spricar-sodcek-6x\/","og_site_name":"Ptujska Klet","article_modified_time":"2024-10-11T11:15:20+00:00","og_image":[{"width":500,"height":500,"url":"https:\/\/www.ptujska-klet.si\/trgovina\/wp-content\/uploads\/2021\/12\/SpriCAR_kozarci_mali-1.jpg","type":"image\/jpeg"}],"twitter_card":"summary_large_image","twitter_misc":{"Est. reading time":"1 minuta"},"schema":{"@context":"https:\/\/schema.org","@graph":[{"@type":"WebPage","@id":"https:\/\/www.ptujska-klet.si\/trgovina\/izdelek\/kultni-spricar-sodcek-6x\/","url":"https:\/\/www.ptujska-klet.si\/trgovina\/izdelek\/kultni-spricar-sodcek-6x\/","name":"Kultni \u0160priCAR! sod\u010dek 6x - Ptujska Klet","isPartOf":{"@id":"https:\/\/www.ptujska-klet.si\/trgovina\/#website"},"primaryImageOfPage":{"@id":"https:\/\/www.ptujska-klet.si\/trgovina\/izdelek\/kultni-spricar-sodcek-6x\/#primaryimage"},"image":{"@id":"https:\/\/www.ptujska-klet.si\/trgovina\/izdelek\/kultni-spricar-sodcek-6x\/#primaryimage"},"thumbnailUrl":"https:\/\/www.ptujska-klet.si\/trgovina\/wp-content\/uploads\/2021\/12\/SpriCAR_kozarci_mali-1.jpg","datePublished":"2021-12-03T07:51:59+00:00","dateModified":"2024-10-11T11:15:20+00:00","breadcrumb":{"@id":"https:\/\/www.ptujska-klet.si\/trgovina\/izdelek\/kultni-spricar-sodcek-6x\/#breadcrumb"},"inLanguage":"sl-SI","potentialAction":[{"@type":"ReadAction","target":["https:\/\/www.ptujska-klet.si\/trgovina\/izdelek\/kultni-spricar-sodcek-6x\/"]}]},{"@type":"ImageObject","inLanguage":"sl-SI","@id":"https:\/\/www.ptujska-klet.si\/trgovina\/izdelek\/kultni-spricar-sodcek-6x\/#primaryimage","url":"https:\/\/www.ptujska-klet.si\/trgovina\/wp-content\/uploads\/2021\/12\/SpriCAR_kozarci_mali-1.jpg","contentUrl":"https:\/\/www.ptujska-klet.si\/trgovina\/wp-content\/uploads\/2021\/12\/SpriCAR_kozarci_mali-1.jpg","width":500,"height":500},{"@type":"BreadcrumbList","@id":"https:\/\/www.ptujska-klet.si\/trgovina\/izdelek\/kultni-spricar-sodcek-6x\/#breadcrumb","itemListElement":[{"@type":"ListItem","position":1,"name":"Home","item":"https:\/\/www.ptujska-klet.si\/trgovina\/"},{"@type":"ListItem","position":2,"name":"Trgovina","item":"https:\/\/www.ptujska-klet.si\/trgovina\/"},{"@type":"ListItem","position":3,"name":"Kultni \u0160priCAR! sod\u010dek 6x"}]},{"@type":"WebSite","@id":"https:\/\/www.ptujska-klet.si\/trgovina\/#website","url":"https:\/\/www.ptujska-klet.si\/trgovina\/","name":"Ptujska Klet","description":"Vinska klet z najbolj\u0161imi vini za vse okuse","publisher":{"@id":"https:\/\/www.ptujska-klet.si\/trgovina\/#organization"},"potentialAction":[{"@type":"SearchAction","target":{"@type":"EntryPoint","urlTemplate":"https:\/\/www.ptujska-klet.si\/trgovina\/?s={search_term_string}"},"query-input":{"@type":"PropertyValueSpecification","valueRequired":true,"valueName":"search_term_string"}}],"inLanguage":"sl-SI"},{"@type":"Organization","@id":"https:\/\/www.ptujska-klet.si\/trgovina\/#organization","name":"Ptujska Klet","url":"https:\/\/www.ptujska-klet.si\/trgovina\/","logo":{"@type":"ImageObject","inLanguage":"sl-SI","@id":"https:\/\/www.ptujska-klet.si\/trgovina\/#\/schema\/logo\/image\/","url":"https:\/\/www.ptujska-klet.si\/trgovina\/wp-content\/uploads\/2020\/04\/cropped-pullus_favicon-300x300-1-1.png","contentUrl":"https:\/\/www.ptujska-klet.si\/trgovina\/wp-content\/uploads\/2020\/04\/cropped-pullus_favicon-300x300-1-1.png","width":300,"height":300,"caption":"Ptujska Klet"},"image":{"@id":"https:\/\/www.ptujska-klet.si\/trgovina\/#\/schema\/logo\/image\/"}}]}},"_links":{"self":[{"href":"https:\/\/www.ptujska-klet.si\/trgovina\/wp-json\/wp\/v2\/product\/4793","targetHints":{"allow":["GET"]}}],"collection":[{"href":"https:\/\/www.ptujska-klet.si\/trgovina\/wp-json\/wp\/v2\/product"}],"about":[{"href":"https:\/\/www.ptujska-klet.si\/trgovina\/wp-json\/wp\/v2\/types\/product"}],"wp:featuredmedia":[{"embeddable":true,"href":"https:\/\/www.ptujska-klet.si\/trgovina\/wp-json\/wp\/v2\/media\/5761"}],"wp:attachment":[{"href":"https:\/\/www.ptujska-klet.si\/trgovina\/wp-json\/wp\/v2\/media?parent=4793"}],"wp:term":[{"taxonomy":"product_brand","embeddable":true,"href":"https:\/\/www.ptujska-klet.si\/trgovina\/wp-json\/wp\/v2\/product_brand?post=4793"},{"taxonomy":"product_cat","embeddable":true,"href":"https:\/\/www.ptujska-klet.si\/trgovina\/wp-json\/wp\/v2\/product_cat?post=4793"},{"taxonomy":"product_tag","embeddable":true,"href":"https:\/\/www.ptujska-klet.si\/trgovina\/wp-json\/wp\/v2\/product_tag?post=4793"}],"curies":[{"name":"wp","href":"https:\/\/api.w.org\/{rel}","templated":true}]}}