{"id":3547,"date":"2020-05-12T16:45:34","date_gmt":"2020-05-12T15:45:34","guid":{"rendered":"https:\/\/pullus-shop.com\/?post_type=product&#038;p=3547"},"modified":"2024-10-11T12:18:39","modified_gmt":"2024-10-11T11:18:39","slug":"mistik-kurentovo-vino-2019","status":"publish","type":"product","link":"https:\/\/www.ptujska-klet.si\/trgovina\/izdelek\/mistik-kurentovo-vino-2019\/","title":{"rendered":"Mistik, kurentovo vino, 2019"},"content":{"rendered":"<p>Mistik kurentovo vino je misti\u010dno vino. Vsak letnik je poseben, druga\u010den in misti\u010den. Vsako leto grozje iz enega vinograda (single vineyard) in tudi iz drugih sort, pridelan in donegovan po razli\u010dnih tehnolo\u0161kih postopkih\u2026. 2016 modri pinot &#8211; samotok brez stistkanja in maceracije, ro\u010dno trgano v vinogradu dru\u017eine Lovrec v Jir\u0161ovcih (vinorodni podokoli\u0161: Srednje slovenske gorice), 2018 zeleni silvanec, ro\u010dno trgano v vinogradu dru\u017eine Kmetec v Vareji ( Haloze) , Mistik kurentovo vino 2019 je zvrst sauvignona, belega pinota in rumenega mu\u0161kata trgano v vinogradu dru\u017eine Soko pod gradom Vurberk (Srednje slovenske gorice).<\/p>\n<h6>Podatki o vinu<\/h6>\n<p><strong>Barva:<\/strong> Belo<br \/>\n<strong>Sladkorna stopnja:<\/strong> Polsuho<br \/>\n<strong>Sorte:<\/strong> Sauvignon, Beli pinot, Rumeni mu\u0161kat<br \/>\n<strong>Letnik:<\/strong> 2019<br \/>\n<strong>Enota mere:<\/strong> 750ml<br \/>\n<strong>\u0160t. buteljk v kartonu:<\/strong> 6<\/p>\n<p><strong>Priznanja:<\/strong> ZLATA MEDALJA, Mundus vini, Nem\u010dija, 2020, SREBRNA MEDALJA, AWC Dunaj, 2020<\/p>\n","protected":false},"excerpt":{"rendered":"<div class=\"page-section__generator page-section__generator--top g12-xs g11-md g10-lg g8-xl\">\n<div class=\"page-generator__text page-generator__text--top js-generator-text\">\n<div id=\"output\" class=\"page-generator__output js-generator-output\">\n<div class=\"page-section__generator page-section__generator--top g12-xs g11-md g10-lg g8-xl\">\n<div class=\"page-generator__text page-generator__text--top js-generator-text\">\n<div id=\"output\" class=\"page-generator__output js-generator-output\">\n<p>Vino Mistik je misti\u010dno vino. Vsak letnik je poseben, druga\u010den in misti\u010den. Vsako leto grozje iz enega vinograda (single vineyard) in tudi iz drugih sort, pridelan in donegovan po razli\u010dnih tehnolo\u0161kih postopkih\u2026. 2016 modri pinot &#8211; samotok brez stistkanja in maceracije, ro\u010dno trgano v vinogradu dru\u017eine Lovrec v Jir\u0161ovcih (vinorodni podokoli\u0161: Srednje slovenske gorice), 2018 zeleni silvanec, ro\u010dno trgano v vinogradu dru\u017eine Kmetec v Vareji ( Haloze) , 2019 zvrst sauvignona, belega pinota in rumenega mu\u0161kata trgano v vinogradu dru\u017eine Soko pod gradom Vurberk (Srednje slovenske gorice).<\/p>\n<\/div>\n<\/div>\n<\/div>\n<\/div>\n<\/div>\n<\/div>\n","protected":false},"featured_media":5768,"template":"","meta":[],"product_brand":[],"product_cat":[26],"product_tag":[23],"class_list":{"0":"post-3547","1":"product","2":"type-product","3":"status-publish","4":"has-post-thumbnail","6":"product_cat-mistik","7":"product_tag-zvrst","9":"first","10":"instock","11":"taxable","12":"shipping-taxable","13":"purchasable","14":"product-type-simple"},"yoast_head":"<!-- This site is optimized with the Yoast SEO plugin v27.3 - https:\/\/yoast.com\/product\/yoast-seo-wordpress\/ -->\n<title>Mistik, kurentovo vino, 2019 - Ptujska Klet<\/title>\n<meta name=\"description\" content=\"PRIDE TUDI NA DOM! Naro\u010dite ga lahko tukaj. V uradni spletni trgovini Ptujske kleti! Mistik kurentovo vino 2019 je misti\u010dno vino. Vsak letnik je poseben.\" \/>\n<meta name=\"robots\" content=\"index, follow, max-snippet:-1, max-image-preview:large, max-video-preview:-1\" \/>\n<link rel=\"canonical\" href=\"https:\/\/www.ptujska-klet.si\/trgovina\/izdelek\/mistik-kurentovo-vino-2019\/\" \/>\n<meta property=\"og:locale\" content=\"sl_SI\" \/>\n<meta property=\"og:type\" content=\"article\" \/>\n<meta property=\"og:title\" content=\"Mistik, kurentovo vino, 2019 - Ptujska Klet\" \/>\n<meta property=\"og:description\" content=\"PRIDE TUDI NA DOM! Naro\u010dite ga lahko tukaj. V uradni spletni trgovini Ptujske kleti! Mistik kurentovo vino 2019 je misti\u010dno vino. Vsak letnik je poseben.\" \/>\n<meta property=\"og:url\" content=\"https:\/\/www.ptujska-klet.si\/trgovina\/izdelek\/mistik-kurentovo-vino-2019\/\" \/>\n<meta property=\"og:site_name\" content=\"Ptujska Klet\" \/>\n<meta property=\"article:modified_time\" content=\"2024-10-11T11:18:39+00:00\" \/>\n<meta property=\"og:image\" content=\"https:\/\/www.ptujska-klet.si\/trgovina\/wp-content\/uploads\/2020\/05\/Mistik-kurentovo-vino-750ml-2019_Pullus-shop_ptujska-klet.jpg\" \/>\n\t<meta property=\"og:image:width\" content=\"768\" \/>\n\t<meta property=\"og:image:height\" content=\"983\" \/>\n\t<meta property=\"og:image:type\" content=\"image\/jpeg\" \/>\n<meta name=\"twitter:card\" content=\"summary_large_image\" \/>\n<meta name=\"twitter:label1\" content=\"Est. reading time\" \/>\n\t<meta name=\"twitter:data1\" content=\"1 minuta\" \/>\n<script type=\"application\/ld+json\" class=\"yoast-schema-graph\">{\"@context\":\"https:\\\/\\\/schema.org\",\"@graph\":[{\"@type\":\"WebPage\",\"@id\":\"https:\\\/\\\/www.ptujska-klet.si\\\/trgovina\\\/izdelek\\\/mistik-kurentovo-vino-2019\\\/\",\"url\":\"https:\\\/\\\/www.ptujska-klet.si\\\/trgovina\\\/izdelek\\\/mistik-kurentovo-vino-2019\\\/\",\"name\":\"Mistik, kurentovo vino, 2019 - Ptujska Klet\",\"isPartOf\":{\"@id\":\"https:\\\/\\\/www.ptujska-klet.si\\\/trgovina\\\/#website\"},\"primaryImageOfPage\":{\"@id\":\"https:\\\/\\\/www.ptujska-klet.si\\\/trgovina\\\/izdelek\\\/mistik-kurentovo-vino-2019\\\/#primaryimage\"},\"image\":{\"@id\":\"https:\\\/\\\/www.ptujska-klet.si\\\/trgovina\\\/izdelek\\\/mistik-kurentovo-vino-2019\\\/#primaryimage\"},\"thumbnailUrl\":\"https:\\\/\\\/www.ptujska-klet.si\\\/trgovina\\\/wp-content\\\/uploads\\\/2020\\\/05\\\/Mistik-kurentovo-vino-750ml-2019_Pullus-shop_ptujska-klet.jpg\",\"datePublished\":\"2020-05-12T15:45:34+00:00\",\"dateModified\":\"2024-10-11T11:18:39+00:00\",\"description\":\"PRIDE TUDI NA DOM! Naro\u010dite ga lahko tukaj. V uradni spletni trgovini Ptujske kleti! Mistik kurentovo vino 2019 je misti\u010dno vino. Vsak letnik je poseben.\",\"breadcrumb\":{\"@id\":\"https:\\\/\\\/www.ptujska-klet.si\\\/trgovina\\\/izdelek\\\/mistik-kurentovo-vino-2019\\\/#breadcrumb\"},\"inLanguage\":\"sl-SI\",\"potentialAction\":[{\"@type\":\"ReadAction\",\"target\":[\"https:\\\/\\\/www.ptujska-klet.si\\\/trgovina\\\/izdelek\\\/mistik-kurentovo-vino-2019\\\/\"]}]},{\"@type\":\"ImageObject\",\"inLanguage\":\"sl-SI\",\"@id\":\"https:\\\/\\\/www.ptujska-klet.si\\\/trgovina\\\/izdelek\\\/mistik-kurentovo-vino-2019\\\/#primaryimage\",\"url\":\"https:\\\/\\\/www.ptujska-klet.si\\\/trgovina\\\/wp-content\\\/uploads\\\/2020\\\/05\\\/Mistik-kurentovo-vino-750ml-2019_Pullus-shop_ptujska-klet.jpg\",\"contentUrl\":\"https:\\\/\\\/www.ptujska-klet.si\\\/trgovina\\\/wp-content\\\/uploads\\\/2020\\\/05\\\/Mistik-kurentovo-vino-750ml-2019_Pullus-shop_ptujska-klet.jpg\",\"width\":768,\"height\":983},{\"@type\":\"BreadcrumbList\",\"@id\":\"https:\\\/\\\/www.ptujska-klet.si\\\/trgovina\\\/izdelek\\\/mistik-kurentovo-vino-2019\\\/#breadcrumb\",\"itemListElement\":[{\"@type\":\"ListItem\",\"position\":1,\"name\":\"Home\",\"item\":\"https:\\\/\\\/www.ptujska-klet.si\\\/trgovina\\\/\"},{\"@type\":\"ListItem\",\"position\":2,\"name\":\"Trgovina\",\"item\":\"https:\\\/\\\/www.ptujska-klet.si\\\/trgovina\\\/\"},{\"@type\":\"ListItem\",\"position\":3,\"name\":\"Mistik, kurentovo vino, 2019\"}]},{\"@type\":\"WebSite\",\"@id\":\"https:\\\/\\\/www.ptujska-klet.si\\\/trgovina\\\/#website\",\"url\":\"https:\\\/\\\/www.ptujska-klet.si\\\/trgovina\\\/\",\"name\":\"Ptujska Klet\",\"description\":\"Vinska klet z najbolj\u0161imi vini za vse okuse\",\"publisher\":{\"@id\":\"https:\\\/\\\/www.ptujska-klet.si\\\/trgovina\\\/#organization\"},\"potentialAction\":[{\"@type\":\"SearchAction\",\"target\":{\"@type\":\"EntryPoint\",\"urlTemplate\":\"https:\\\/\\\/www.ptujska-klet.si\\\/trgovina\\\/?s={search_term_string}\"},\"query-input\":{\"@type\":\"PropertyValueSpecification\",\"valueRequired\":true,\"valueName\":\"search_term_string\"}}],\"inLanguage\":\"sl-SI\"},{\"@type\":\"Organization\",\"@id\":\"https:\\\/\\\/www.ptujska-klet.si\\\/trgovina\\\/#organization\",\"name\":\"Ptujska Klet\",\"url\":\"https:\\\/\\\/www.ptujska-klet.si\\\/trgovina\\\/\",\"logo\":{\"@type\":\"ImageObject\",\"inLanguage\":\"sl-SI\",\"@id\":\"https:\\\/\\\/www.ptujska-klet.si\\\/trgovina\\\/#\\\/schema\\\/logo\\\/image\\\/\",\"url\":\"https:\\\/\\\/www.ptujska-klet.si\\\/trgovina\\\/wp-content\\\/uploads\\\/2020\\\/04\\\/cropped-pullus_favicon-300x300-1-1.png\",\"contentUrl\":\"https:\\\/\\\/www.ptujska-klet.si\\\/trgovina\\\/wp-content\\\/uploads\\\/2020\\\/04\\\/cropped-pullus_favicon-300x300-1-1.png\",\"width\":300,\"height\":300,\"caption\":\"Ptujska Klet\"},\"image\":{\"@id\":\"https:\\\/\\\/www.ptujska-klet.si\\\/trgovina\\\/#\\\/schema\\\/logo\\\/image\\\/\"}}]}<\/script>\n<!-- \/ Yoast SEO plugin. -->","yoast_head_json":{"title":"Mistik, kurentovo vino, 2019 - Ptujska Klet","description":"PRIDE TUDI NA DOM! Naro\u010dite ga lahko tukaj. V uradni spletni trgovini Ptujske kleti! Mistik kurentovo vino 2019 je misti\u010dno vino. Vsak letnik je poseben.","robots":{"index":"index","follow":"follow","max-snippet":"max-snippet:-1","max-image-preview":"max-image-preview:large","max-video-preview":"max-video-preview:-1"},"canonical":"https:\/\/www.ptujska-klet.si\/trgovina\/izdelek\/mistik-kurentovo-vino-2019\/","og_locale":"sl_SI","og_type":"article","og_title":"Mistik, kurentovo vino, 2019 - Ptujska Klet","og_description":"PRIDE TUDI NA DOM! Naro\u010dite ga lahko tukaj. V uradni spletni trgovini Ptujske kleti! Mistik kurentovo vino 2019 je misti\u010dno vino. Vsak letnik je poseben.","og_url":"https:\/\/www.ptujska-klet.si\/trgovina\/izdelek\/mistik-kurentovo-vino-2019\/","og_site_name":"Ptujska Klet","article_modified_time":"2024-10-11T11:18:39+00:00","og_image":[{"width":768,"height":983,"url":"https:\/\/www.ptujska-klet.si\/trgovina\/wp-content\/uploads\/2020\/05\/Mistik-kurentovo-vino-750ml-2019_Pullus-shop_ptujska-klet.jpg","type":"image\/jpeg"}],"twitter_card":"summary_large_image","twitter_misc":{"Est. reading time":"1 minuta"},"schema":{"@context":"https:\/\/schema.org","@graph":[{"@type":"WebPage","@id":"https:\/\/www.ptujska-klet.si\/trgovina\/izdelek\/mistik-kurentovo-vino-2019\/","url":"https:\/\/www.ptujska-klet.si\/trgovina\/izdelek\/mistik-kurentovo-vino-2019\/","name":"Mistik, kurentovo vino, 2019 - Ptujska Klet","isPartOf":{"@id":"https:\/\/www.ptujska-klet.si\/trgovina\/#website"},"primaryImageOfPage":{"@id":"https:\/\/www.ptujska-klet.si\/trgovina\/izdelek\/mistik-kurentovo-vino-2019\/#primaryimage"},"image":{"@id":"https:\/\/www.ptujska-klet.si\/trgovina\/izdelek\/mistik-kurentovo-vino-2019\/#primaryimage"},"thumbnailUrl":"https:\/\/www.ptujska-klet.si\/trgovina\/wp-content\/uploads\/2020\/05\/Mistik-kurentovo-vino-750ml-2019_Pullus-shop_ptujska-klet.jpg","datePublished":"2020-05-12T15:45:34+00:00","dateModified":"2024-10-11T11:18:39+00:00","description":"PRIDE TUDI NA DOM! Naro\u010dite ga lahko tukaj. V uradni spletni trgovini Ptujske kleti! Mistik kurentovo vino 2019 je misti\u010dno vino. Vsak letnik je poseben.","breadcrumb":{"@id":"https:\/\/www.ptujska-klet.si\/trgovina\/izdelek\/mistik-kurentovo-vino-2019\/#breadcrumb"},"inLanguage":"sl-SI","potentialAction":[{"@type":"ReadAction","target":["https:\/\/www.ptujska-klet.si\/trgovina\/izdelek\/mistik-kurentovo-vino-2019\/"]}]},{"@type":"ImageObject","inLanguage":"sl-SI","@id":"https:\/\/www.ptujska-klet.si\/trgovina\/izdelek\/mistik-kurentovo-vino-2019\/#primaryimage","url":"https:\/\/www.ptujska-klet.si\/trgovina\/wp-content\/uploads\/2020\/05\/Mistik-kurentovo-vino-750ml-2019_Pullus-shop_ptujska-klet.jpg","contentUrl":"https:\/\/www.ptujska-klet.si\/trgovina\/wp-content\/uploads\/2020\/05\/Mistik-kurentovo-vino-750ml-2019_Pullus-shop_ptujska-klet.jpg","width":768,"height":983},{"@type":"BreadcrumbList","@id":"https:\/\/www.ptujska-klet.si\/trgovina\/izdelek\/mistik-kurentovo-vino-2019\/#breadcrumb","itemListElement":[{"@type":"ListItem","position":1,"name":"Home","item":"https:\/\/www.ptujska-klet.si\/trgovina\/"},{"@type":"ListItem","position":2,"name":"Trgovina","item":"https:\/\/www.ptujska-klet.si\/trgovina\/"},{"@type":"ListItem","position":3,"name":"Mistik, kurentovo vino, 2019"}]},{"@type":"WebSite","@id":"https:\/\/www.ptujska-klet.si\/trgovina\/#website","url":"https:\/\/www.ptujska-klet.si\/trgovina\/","name":"Ptujska Klet","description":"Vinska klet z najbolj\u0161imi vini za vse okuse","publisher":{"@id":"https:\/\/www.ptujska-klet.si\/trgovina\/#organization"},"potentialAction":[{"@type":"SearchAction","target":{"@type":"EntryPoint","urlTemplate":"https:\/\/www.ptujska-klet.si\/trgovina\/?s={search_term_string}"},"query-input":{"@type":"PropertyValueSpecification","valueRequired":true,"valueName":"search_term_string"}}],"inLanguage":"sl-SI"},{"@type":"Organization","@id":"https:\/\/www.ptujska-klet.si\/trgovina\/#organization","name":"Ptujska Klet","url":"https:\/\/www.ptujska-klet.si\/trgovina\/","logo":{"@type":"ImageObject","inLanguage":"sl-SI","@id":"https:\/\/www.ptujska-klet.si\/trgovina\/#\/schema\/logo\/image\/","url":"https:\/\/www.ptujska-klet.si\/trgovina\/wp-content\/uploads\/2020\/04\/cropped-pullus_favicon-300x300-1-1.png","contentUrl":"https:\/\/www.ptujska-klet.si\/trgovina\/wp-content\/uploads\/2020\/04\/cropped-pullus_favicon-300x300-1-1.png","width":300,"height":300,"caption":"Ptujska Klet"},"image":{"@id":"https:\/\/www.ptujska-klet.si\/trgovina\/#\/schema\/logo\/image\/"}}]}},"_links":{"self":[{"href":"https:\/\/www.ptujska-klet.si\/trgovina\/wp-json\/wp\/v2\/product\/3547","targetHints":{"allow":["GET"]}}],"collection":[{"href":"https:\/\/www.ptujska-klet.si\/trgovina\/wp-json\/wp\/v2\/product"}],"about":[{"href":"https:\/\/www.ptujska-klet.si\/trgovina\/wp-json\/wp\/v2\/types\/product"}],"wp:featuredmedia":[{"embeddable":true,"href":"https:\/\/www.ptujska-klet.si\/trgovina\/wp-json\/wp\/v2\/media\/5768"}],"wp:attachment":[{"href":"https:\/\/www.ptujska-klet.si\/trgovina\/wp-json\/wp\/v2\/media?parent=3547"}],"wp:term":[{"taxonomy":"product_brand","embeddable":true,"href":"https:\/\/www.ptujska-klet.si\/trgovina\/wp-json\/wp\/v2\/product_brand?post=3547"},{"taxonomy":"product_cat","embeddable":true,"href":"https:\/\/www.ptujska-klet.si\/trgovina\/wp-json\/wp\/v2\/product_cat?post=3547"},{"taxonomy":"product_tag","embeddable":true,"href":"https:\/\/www.ptujska-klet.si\/trgovina\/wp-json\/wp\/v2\/product_tag?post=3547"}],"curies":[{"name":"wp","href":"https:\/\/api.w.org\/{rel}","templated":true}]}}