{"id":3534,"date":"2020-05-12T16:23:47","date_gmt":"2020-05-12T15:23:47","guid":{"rendered":"https:\/\/pullus-shop.com\/?post_type=product&#038;p=3534"},"modified":"2024-10-12T11:35:49","modified_gmt":"2024-10-12T10:35:49","slug":"g-777-sladko","status":"publish","type":"product","link":"https:\/\/www.ptujska-klet.si\/trgovina\/izdelek\/g-777-sladko\/","title":{"rendered":"G 777, sladko"},"content":{"rendered":"<p>Na vonju nas veli\u010dastno pozdravi aromatika suhega sadja, prednja\u010di breskev in tropsko sadje. Diskretno jih obda medena nota, kjer se ji nevsiljivo pridru\u017ei vonj po le\u0161niku, citrusih in kandiranem sadju. Okus je kraljev, bogat, poln, zaokro\u017een in neverjetno harmoni\u010den. \u017divahna kislina ne dovoli sladkorju, da bi se obotavljal, vendar ga pospremi v intenzivno dolg, za G \u2013 vina zna\u010dilen pookus, med suhe sade\u017ee in sve\u017eino agrumov. Za marsikoga popolno vino! Srkamo ga kot sladico, ob sladici, malce bolj drzni tudi z gosjimi jetri.<\/p>\n<h6>Podatki o vinu<\/h6>\n<p><strong>Barva:<\/strong> Belo<br \/>\n<strong>Sladkorna stopnja:<\/strong> Sladko<br \/>\n<strong>Sorte:<\/strong> Rumeni mu\u0161kat, Renski rizling, Chardonnay<br \/>\n<strong>Enota mere:<\/strong> 750ml<br \/>\n<strong>\u0160t. buteljk v kartonu:<\/strong> 6<\/p>\n<p><strong>Priznanja:<\/strong> G sladko 777:\u00a0 ZLATA MEDALJA AWC Vienna 2021, ZLATA MEDALJA AWC Vienna Avstrija 2020, ZLATA MEDALJA AWC Vienna Avstrija 2018; ZLATA MEDALJA Vino Ljubljana 2018; ZLATA MEDALJA Mundus vini 2017; ZLATA MEDALJA AWC Vienna 2016; ZLATA MEDALJA Vino Ljubljana 2016; ZLATA MEDALJA Vino Slovenija 2016; SREBRNA MEDALJA Finger Lakes International Wine Competition USA 2017<\/p>\n","protected":false},"excerpt":{"rendered":"<div class=\"page-section__generator page-section__generator--top g12-xs g11-md g10-lg g8-xl\">\n<div class=\"page-generator__text page-generator__text--top js-generator-text\">\n<div id=\"output\" class=\"page-generator__output js-generator-output\">\n<div class=\"page-section__generator page-section__generator--top g12-xs g11-md g10-lg g8-xl\">\n<div class=\"page-generator__text page-generator__text--top js-generator-text\">\n<div id=\"output\" class=\"page-generator__output js-generator-output\">\n<p>Na vonju nas veli\u010dastno pozdravi aromatika suhega sadja, prednja\u010di breskev in tropsko sadje. Diskretno jih obda medena nota, kjer se ji nevsiljivo pridru\u017ei vonj po le\u0161niku, citrusih in kandiranem sadju. Okus je kraljev, bogat, poln, zaokro\u017een in neverjetno harmoni\u010den. \u017divahna kislina ne dovoli sladkorju, da bi se obotavljal, vendar ga pospremi v intenzivno dolg, za G \u2013 vina zna\u010dilen pookus, med suhe sade\u017ee in sve\u017eino agrumov. Za marsikoga popolno vino! Srkamo ga kot sladico, ob sladici, malce bolj drzni tudi z gosjimi jetri.<\/p>\n<\/div>\n<\/div>\n<\/div>\n<\/div>\n<\/div>\n<\/div>\n","protected":false},"featured_media":5781,"template":"","meta":[],"product_brand":[],"product_cat":[21],"product_tag":[23],"class_list":{"0":"post-3534","1":"product","2":"type-product","3":"status-publish","4":"has-post-thumbnail","6":"product_cat-g-pullus","7":"product_tag-zvrst","9":"first","10":"instock","11":"taxable","12":"shipping-taxable","13":"purchasable","14":"product-type-simple"},"yoast_head":"<!-- This site is optimized with the Yoast SEO plugin v27.5 - https:\/\/yoast.com\/product\/yoast-seo-wordpress\/ -->\n<title>G 777, sladko - Ptujska Klet<\/title>\n<meta name=\"description\" content=\"Pullus g sladko 777 je pravi cuker. A kljub temu elegantno sve\u017e. Za sladico ali ob.\" \/>\n<meta name=\"robots\" content=\"index, follow, max-snippet:-1, max-image-preview:large, max-video-preview:-1\" \/>\n<link rel=\"canonical\" href=\"https:\/\/www.ptujska-klet.si\/trgovina\/izdelek\/g-777-sladko\/\" \/>\n<meta property=\"og:locale\" content=\"sl_SI\" \/>\n<meta property=\"og:type\" content=\"article\" \/>\n<meta property=\"og:title\" content=\"G 777, sladko - Ptujska Klet\" \/>\n<meta property=\"og:description\" content=\"Pullus g sladko 777 je pravi cuker. A kljub temu elegantno sve\u017e. Za sladico ali ob.\" \/>\n<meta property=\"og:url\" content=\"https:\/\/www.ptujska-klet.si\/trgovina\/izdelek\/g-777-sladko\/\" \/>\n<meta property=\"og:site_name\" content=\"Ptujska Klet\" \/>\n<meta property=\"article:modified_time\" content=\"2024-10-12T10:35:49+00:00\" \/>\n<meta property=\"og:image\" content=\"https:\/\/www.ptujska-klet.si\/trgovina\/wp-content\/uploads\/2020\/05\/Zvrst-G-sladko-750ml_Pullus-shop_ptujska-klet.jpg\" \/>\n\t<meta property=\"og:image:width\" content=\"768\" \/>\n\t<meta property=\"og:image:height\" content=\"983\" \/>\n\t<meta property=\"og:image:type\" content=\"image\/jpeg\" \/>\n<meta name=\"twitter:card\" content=\"summary_large_image\" \/>\n<meta name=\"twitter:label1\" content=\"Est. reading time\" \/>\n\t<meta name=\"twitter:data1\" content=\"1 minuta\" \/>\n<script type=\"application\/ld+json\" class=\"yoast-schema-graph\">{\"@context\":\"https:\\\/\\\/schema.org\",\"@graph\":[{\"@type\":\"WebPage\",\"@id\":\"https:\\\/\\\/www.ptujska-klet.si\\\/trgovina\\\/izdelek\\\/g-777-sladko\\\/\",\"url\":\"https:\\\/\\\/www.ptujska-klet.si\\\/trgovina\\\/izdelek\\\/g-777-sladko\\\/\",\"name\":\"G 777, sladko - Ptujska Klet\",\"isPartOf\":{\"@id\":\"https:\\\/\\\/www.ptujska-klet.si\\\/trgovina\\\/#website\"},\"primaryImageOfPage\":{\"@id\":\"https:\\\/\\\/www.ptujska-klet.si\\\/trgovina\\\/izdelek\\\/g-777-sladko\\\/#primaryimage\"},\"image\":{\"@id\":\"https:\\\/\\\/www.ptujska-klet.si\\\/trgovina\\\/izdelek\\\/g-777-sladko\\\/#primaryimage\"},\"thumbnailUrl\":\"https:\\\/\\\/www.ptujska-klet.si\\\/trgovina\\\/wp-content\\\/uploads\\\/2020\\\/05\\\/Zvrst-G-sladko-750ml_Pullus-shop_ptujska-klet.jpg\",\"datePublished\":\"2020-05-12T15:23:47+00:00\",\"dateModified\":\"2024-10-12T10:35:49+00:00\",\"description\":\"Pullus g sladko 777 je pravi cuker. A kljub temu elegantno sve\u017e. Za sladico ali ob.\",\"breadcrumb\":{\"@id\":\"https:\\\/\\\/www.ptujska-klet.si\\\/trgovina\\\/izdelek\\\/g-777-sladko\\\/#breadcrumb\"},\"inLanguage\":\"sl-SI\",\"potentialAction\":[{\"@type\":\"ReadAction\",\"target\":[\"https:\\\/\\\/www.ptujska-klet.si\\\/trgovina\\\/izdelek\\\/g-777-sladko\\\/\"]}]},{\"@type\":\"ImageObject\",\"inLanguage\":\"sl-SI\",\"@id\":\"https:\\\/\\\/www.ptujska-klet.si\\\/trgovina\\\/izdelek\\\/g-777-sladko\\\/#primaryimage\",\"url\":\"https:\\\/\\\/www.ptujska-klet.si\\\/trgovina\\\/wp-content\\\/uploads\\\/2020\\\/05\\\/Zvrst-G-sladko-750ml_Pullus-shop_ptujska-klet.jpg\",\"contentUrl\":\"https:\\\/\\\/www.ptujska-klet.si\\\/trgovina\\\/wp-content\\\/uploads\\\/2020\\\/05\\\/Zvrst-G-sladko-750ml_Pullus-shop_ptujska-klet.jpg\",\"width\":768,\"height\":983},{\"@type\":\"BreadcrumbList\",\"@id\":\"https:\\\/\\\/www.ptujska-klet.si\\\/trgovina\\\/izdelek\\\/g-777-sladko\\\/#breadcrumb\",\"itemListElement\":[{\"@type\":\"ListItem\",\"position\":1,\"name\":\"Home\",\"item\":\"https:\\\/\\\/www.ptujska-klet.si\\\/trgovina\\\/\"},{\"@type\":\"ListItem\",\"position\":2,\"name\":\"Trgovina\",\"item\":\"https:\\\/\\\/www.ptujska-klet.si\\\/trgovina\\\/\"},{\"@type\":\"ListItem\",\"position\":3,\"name\":\"G 777, sladko\"}]},{\"@type\":\"WebSite\",\"@id\":\"https:\\\/\\\/www.ptujska-klet.si\\\/trgovina\\\/#website\",\"url\":\"https:\\\/\\\/www.ptujska-klet.si\\\/trgovina\\\/\",\"name\":\"Ptujska Klet\",\"description\":\"Vinska klet z najbolj\u0161imi vini za vse okuse\",\"publisher\":{\"@id\":\"https:\\\/\\\/www.ptujska-klet.si\\\/trgovina\\\/#organization\"},\"potentialAction\":[{\"@type\":\"SearchAction\",\"target\":{\"@type\":\"EntryPoint\",\"urlTemplate\":\"https:\\\/\\\/www.ptujska-klet.si\\\/trgovina\\\/?s={search_term_string}\"},\"query-input\":{\"@type\":\"PropertyValueSpecification\",\"valueRequired\":true,\"valueName\":\"search_term_string\"}}],\"inLanguage\":\"sl-SI\"},{\"@type\":\"Organization\",\"@id\":\"https:\\\/\\\/www.ptujska-klet.si\\\/trgovina\\\/#organization\",\"name\":\"Ptujska Klet\",\"url\":\"https:\\\/\\\/www.ptujska-klet.si\\\/trgovina\\\/\",\"logo\":{\"@type\":\"ImageObject\",\"inLanguage\":\"sl-SI\",\"@id\":\"https:\\\/\\\/www.ptujska-klet.si\\\/trgovina\\\/#\\\/schema\\\/logo\\\/image\\\/\",\"url\":\"https:\\\/\\\/www.ptujska-klet.si\\\/trgovina\\\/wp-content\\\/uploads\\\/2020\\\/04\\\/cropped-pullus_favicon-300x300-1-1.png\",\"contentUrl\":\"https:\\\/\\\/www.ptujska-klet.si\\\/trgovina\\\/wp-content\\\/uploads\\\/2020\\\/04\\\/cropped-pullus_favicon-300x300-1-1.png\",\"width\":300,\"height\":300,\"caption\":\"Ptujska Klet\"},\"image\":{\"@id\":\"https:\\\/\\\/www.ptujska-klet.si\\\/trgovina\\\/#\\\/schema\\\/logo\\\/image\\\/\"}}]}<\/script>\n<!-- \/ Yoast SEO plugin. -->","yoast_head_json":{"title":"G 777, sladko - Ptujska Klet","description":"Pullus g sladko 777 je pravi cuker. A kljub temu elegantno sve\u017e. Za sladico ali ob.","robots":{"index":"index","follow":"follow","max-snippet":"max-snippet:-1","max-image-preview":"max-image-preview:large","max-video-preview":"max-video-preview:-1"},"canonical":"https:\/\/www.ptujska-klet.si\/trgovina\/izdelek\/g-777-sladko\/","og_locale":"sl_SI","og_type":"article","og_title":"G 777, sladko - Ptujska Klet","og_description":"Pullus g sladko 777 je pravi cuker. A kljub temu elegantno sve\u017e. Za sladico ali ob.","og_url":"https:\/\/www.ptujska-klet.si\/trgovina\/izdelek\/g-777-sladko\/","og_site_name":"Ptujska Klet","article_modified_time":"2024-10-12T10:35:49+00:00","og_image":[{"width":768,"height":983,"url":"https:\/\/www.ptujska-klet.si\/trgovina\/wp-content\/uploads\/2020\/05\/Zvrst-G-sladko-750ml_Pullus-shop_ptujska-klet.jpg","type":"image\/jpeg"}],"twitter_card":"summary_large_image","twitter_misc":{"Est. reading time":"1 minuta"},"schema":{"@context":"https:\/\/schema.org","@graph":[{"@type":"WebPage","@id":"https:\/\/www.ptujska-klet.si\/trgovina\/izdelek\/g-777-sladko\/","url":"https:\/\/www.ptujska-klet.si\/trgovina\/izdelek\/g-777-sladko\/","name":"G 777, sladko - Ptujska Klet","isPartOf":{"@id":"https:\/\/www.ptujska-klet.si\/trgovina\/#website"},"primaryImageOfPage":{"@id":"https:\/\/www.ptujska-klet.si\/trgovina\/izdelek\/g-777-sladko\/#primaryimage"},"image":{"@id":"https:\/\/www.ptujska-klet.si\/trgovina\/izdelek\/g-777-sladko\/#primaryimage"},"thumbnailUrl":"https:\/\/www.ptujska-klet.si\/trgovina\/wp-content\/uploads\/2020\/05\/Zvrst-G-sladko-750ml_Pullus-shop_ptujska-klet.jpg","datePublished":"2020-05-12T15:23:47+00:00","dateModified":"2024-10-12T10:35:49+00:00","description":"Pullus g sladko 777 je pravi cuker. A kljub temu elegantno sve\u017e. Za sladico ali ob.","breadcrumb":{"@id":"https:\/\/www.ptujska-klet.si\/trgovina\/izdelek\/g-777-sladko\/#breadcrumb"},"inLanguage":"sl-SI","potentialAction":[{"@type":"ReadAction","target":["https:\/\/www.ptujska-klet.si\/trgovina\/izdelek\/g-777-sladko\/"]}]},{"@type":"ImageObject","inLanguage":"sl-SI","@id":"https:\/\/www.ptujska-klet.si\/trgovina\/izdelek\/g-777-sladko\/#primaryimage","url":"https:\/\/www.ptujska-klet.si\/trgovina\/wp-content\/uploads\/2020\/05\/Zvrst-G-sladko-750ml_Pullus-shop_ptujska-klet.jpg","contentUrl":"https:\/\/www.ptujska-klet.si\/trgovina\/wp-content\/uploads\/2020\/05\/Zvrst-G-sladko-750ml_Pullus-shop_ptujska-klet.jpg","width":768,"height":983},{"@type":"BreadcrumbList","@id":"https:\/\/www.ptujska-klet.si\/trgovina\/izdelek\/g-777-sladko\/#breadcrumb","itemListElement":[{"@type":"ListItem","position":1,"name":"Home","item":"https:\/\/www.ptujska-klet.si\/trgovina\/"},{"@type":"ListItem","position":2,"name":"Trgovina","item":"https:\/\/www.ptujska-klet.si\/trgovina\/"},{"@type":"ListItem","position":3,"name":"G 777, sladko"}]},{"@type":"WebSite","@id":"https:\/\/www.ptujska-klet.si\/trgovina\/#website","url":"https:\/\/www.ptujska-klet.si\/trgovina\/","name":"Ptujska Klet","description":"Vinska klet z najbolj\u0161imi vini za vse okuse","publisher":{"@id":"https:\/\/www.ptujska-klet.si\/trgovina\/#organization"},"potentialAction":[{"@type":"SearchAction","target":{"@type":"EntryPoint","urlTemplate":"https:\/\/www.ptujska-klet.si\/trgovina\/?s={search_term_string}"},"query-input":{"@type":"PropertyValueSpecification","valueRequired":true,"valueName":"search_term_string"}}],"inLanguage":"sl-SI"},{"@type":"Organization","@id":"https:\/\/www.ptujska-klet.si\/trgovina\/#organization","name":"Ptujska Klet","url":"https:\/\/www.ptujska-klet.si\/trgovina\/","logo":{"@type":"ImageObject","inLanguage":"sl-SI","@id":"https:\/\/www.ptujska-klet.si\/trgovina\/#\/schema\/logo\/image\/","url":"https:\/\/www.ptujska-klet.si\/trgovina\/wp-content\/uploads\/2020\/04\/cropped-pullus_favicon-300x300-1-1.png","contentUrl":"https:\/\/www.ptujska-klet.si\/trgovina\/wp-content\/uploads\/2020\/04\/cropped-pullus_favicon-300x300-1-1.png","width":300,"height":300,"caption":"Ptujska Klet"},"image":{"@id":"https:\/\/www.ptujska-klet.si\/trgovina\/#\/schema\/logo\/image\/"}}]}},"_links":{"self":[{"href":"https:\/\/www.ptujska-klet.si\/trgovina\/wp-json\/wp\/v2\/product\/3534","targetHints":{"allow":["GET"]}}],"collection":[{"href":"https:\/\/www.ptujska-klet.si\/trgovina\/wp-json\/wp\/v2\/product"}],"about":[{"href":"https:\/\/www.ptujska-klet.si\/trgovina\/wp-json\/wp\/v2\/types\/product"}],"wp:featuredmedia":[{"embeddable":true,"href":"https:\/\/www.ptujska-klet.si\/trgovina\/wp-json\/wp\/v2\/media\/5781"}],"wp:attachment":[{"href":"https:\/\/www.ptujska-klet.si\/trgovina\/wp-json\/wp\/v2\/media?parent=3534"}],"wp:term":[{"taxonomy":"product_brand","embeddable":true,"href":"https:\/\/www.ptujska-klet.si\/trgovina\/wp-json\/wp\/v2\/product_brand?post=3534"},{"taxonomy":"product_cat","embeddable":true,"href":"https:\/\/www.ptujska-klet.si\/trgovina\/wp-json\/wp\/v2\/product_cat?post=3534"},{"taxonomy":"product_tag","embeddable":true,"href":"https:\/\/www.ptujska-klet.si\/trgovina\/wp-json\/wp\/v2\/product_tag?post=3534"}],"curies":[{"name":"wp","href":"https:\/\/api.w.org\/{rel}","templated":true}]}}