{"id":3521,"date":"2020-05-12T16:11:52","date_gmt":"2020-05-12T15:11:52","guid":{"rendered":"https:\/\/pullus-shop.com\/?post_type=product&#038;p=3521"},"modified":"2025-08-25T12:12:33","modified_gmt":"2025-08-25T11:12:33","slug":"modri-pinot-suho","status":"publish","type":"product","link":"https:\/\/www.ptujska-klet.si\/trgovina\/izdelek\/modri-pinot-suho\/","title":{"rendered":"Modri Pinot, suho"},"content":{"rendered":"<p>Prijetna sortna aromatika nas spominja na \u010de\u0161njo, prezrele gozdne jagode in murvo. Nos je izrazito saden in prav prijetno pikanten, vpliv hrastovega soda elegantno vkomponiran in ne prednja\u010di pred sortnostjo. Eleganca, \u0161e posebej pa so\u010dnost v okusu nas prijetno presenetita in spominjata na gozdno podrast, ki je odlika vsakega pravega modrega burgundca.<\/p>\n<h6>Podatki o vinu<\/h6>\n<p><strong>Barva:<\/strong> Rde\u010de<br \/>\n<strong>Sladkorna stopnja:<\/strong> Suho<br \/>\n<strong>Sorte:<\/strong> Modri pinot<br \/>\n<strong>Letnik:<\/strong> 2020<br \/>\n<strong>Enota mere:<\/strong> 750ml<br \/>\n<strong>\u0160t. buteljk v kartonu:<\/strong> 6<\/p>\n<p><strong>Priznanja:<\/strong> Modri Pinot 2015: SREBRNA MEDALJA Gornja Radgona 2016; BRONASTA MEDALJA Finger Lakes International Wine Competition USA 2017<\/p>\n","protected":false},"excerpt":{"rendered":"<div class=\"page-section__generator page-section__generator--top g12-xs g11-md g10-lg g8-xl\">\n<div class=\"page-generator__text page-generator__text--top js-generator-text\">\n<div id=\"output\" class=\"page-generator__output js-generator-output\">\n<div class=\"page-section__generator page-section__generator--top g12-xs g11-md g10-lg g8-xl\">\n<div class=\"page-generator__text page-generator__text--top js-generator-text\">\n<div id=\"output\" class=\"page-generator__output js-generator-output\">\n<p>Prijetna sortna aromatika nas spominja na \u010de\u0161njo, prezrele gozdne jagode in murvo. Nos je izrazito saden in prav prijetno pikanten, vpliv hrastovega soda elegantno vkomponiran in ne prednja\u010di pred sortnostjo. Eleganca, \u0161e posebej pa so\u010dnost v okusu nas prijetno presenetita in spominjata na gozdno podrast, ki je odlika vsakega pravega modrega burgundca.<\/p>\n<\/div>\n<\/div>\n<\/div>\n<\/div>\n<\/div>\n<\/div>\n","protected":false},"featured_media":5995,"template":"","meta":[],"product_brand":[],"product_cat":[16],"product_tag":[20],"class_list":{"0":"post-3521","1":"product","2":"type-product","3":"status-publish","4":"has-post-thumbnail","6":"product_cat-pullus","7":"product_tag-modri-pinot","9":"first","10":"instock","11":"taxable","12":"shipping-taxable","13":"purchasable","14":"product-type-simple"},"yoast_head":"<!-- This site is optimized with the Yoast SEO plugin v27.3 - https:\/\/yoast.com\/product\/yoast-seo-wordpress\/ -->\n<title>Modri Pinot, suho - Ptujska Klet<\/title>\n<meta name=\"description\" content=\"Pullus Modri pinot (pinot noir, modri burgundec) je elegantno rde\u010de vino s so\u010dno sadnostjo, ki omeh\u010da srca \u0161e tako zahtevnega vinoljuba, vpliv hrastovega soda je elegantno vkomponiran in ne prednja\u010di pred sortnostjo.\" \/>\n<meta name=\"robots\" content=\"index, follow, max-snippet:-1, max-image-preview:large, max-video-preview:-1\" \/>\n<link rel=\"canonical\" href=\"https:\/\/www.ptujska-klet.si\/trgovina\/izdelek\/modri-pinot-suho\/\" \/>\n<meta property=\"og:locale\" content=\"sl_SI\" \/>\n<meta property=\"og:type\" content=\"article\" \/>\n<meta property=\"og:title\" content=\"Modri Pinot, suho - Ptujska Klet\" \/>\n<meta property=\"og:description\" content=\"Pullus Modri pinot (pinot noir, modri burgundec) je elegantno rde\u010de vino s so\u010dno sadnostjo, ki omeh\u010da srca \u0161e tako zahtevnega vinoljuba, vpliv hrastovega soda je elegantno vkomponiran in ne prednja\u010di pred sortnostjo.\" \/>\n<meta property=\"og:url\" content=\"https:\/\/www.ptujska-klet.si\/trgovina\/izdelek\/modri-pinot-suho\/\" \/>\n<meta property=\"og:site_name\" content=\"Ptujska Klet\" \/>\n<meta property=\"article:modified_time\" content=\"2025-08-25T11:12:33+00:00\" \/>\n<meta property=\"og:image\" content=\"https:\/\/www.ptujska-klet.si\/trgovina\/wp-content\/uploads\/2020\/05\/pinot-noir-2025.jpg\" \/>\n\t<meta property=\"og:image:width\" content=\"768\" \/>\n\t<meta property=\"og:image:height\" content=\"983\" \/>\n\t<meta property=\"og:image:type\" content=\"image\/jpeg\" \/>\n<meta name=\"twitter:card\" content=\"summary_large_image\" \/>\n<meta name=\"twitter:label1\" content=\"Est. reading time\" \/>\n\t<meta name=\"twitter:data1\" content=\"1 minuta\" \/>\n<script type=\"application\/ld+json\" class=\"yoast-schema-graph\">{\"@context\":\"https:\\\/\\\/schema.org\",\"@graph\":[{\"@type\":\"WebPage\",\"@id\":\"https:\\\/\\\/www.ptujska-klet.si\\\/trgovina\\\/izdelek\\\/modri-pinot-suho\\\/\",\"url\":\"https:\\\/\\\/www.ptujska-klet.si\\\/trgovina\\\/izdelek\\\/modri-pinot-suho\\\/\",\"name\":\"Modri Pinot, suho - Ptujska Klet\",\"isPartOf\":{\"@id\":\"https:\\\/\\\/www.ptujska-klet.si\\\/trgovina\\\/#website\"},\"primaryImageOfPage\":{\"@id\":\"https:\\\/\\\/www.ptujska-klet.si\\\/trgovina\\\/izdelek\\\/modri-pinot-suho\\\/#primaryimage\"},\"image\":{\"@id\":\"https:\\\/\\\/www.ptujska-klet.si\\\/trgovina\\\/izdelek\\\/modri-pinot-suho\\\/#primaryimage\"},\"thumbnailUrl\":\"https:\\\/\\\/www.ptujska-klet.si\\\/trgovina\\\/wp-content\\\/uploads\\\/2020\\\/05\\\/pinot-noir-2025.jpg\",\"datePublished\":\"2020-05-12T15:11:52+00:00\",\"dateModified\":\"2025-08-25T11:12:33+00:00\",\"description\":\"Pullus Modri pinot (pinot noir, modri burgundec) je elegantno rde\u010de vino s so\u010dno sadnostjo, ki omeh\u010da srca \u0161e tako zahtevnega vinoljuba, vpliv hrastovega soda je elegantno vkomponiran in ne prednja\u010di pred sortnostjo.\",\"breadcrumb\":{\"@id\":\"https:\\\/\\\/www.ptujska-klet.si\\\/trgovina\\\/izdelek\\\/modri-pinot-suho\\\/#breadcrumb\"},\"inLanguage\":\"sl-SI\",\"potentialAction\":[{\"@type\":\"ReadAction\",\"target\":[\"https:\\\/\\\/www.ptujska-klet.si\\\/trgovina\\\/izdelek\\\/modri-pinot-suho\\\/\"]}]},{\"@type\":\"ImageObject\",\"inLanguage\":\"sl-SI\",\"@id\":\"https:\\\/\\\/www.ptujska-klet.si\\\/trgovina\\\/izdelek\\\/modri-pinot-suho\\\/#primaryimage\",\"url\":\"https:\\\/\\\/www.ptujska-klet.si\\\/trgovina\\\/wp-content\\\/uploads\\\/2020\\\/05\\\/pinot-noir-2025.jpg\",\"contentUrl\":\"https:\\\/\\\/www.ptujska-klet.si\\\/trgovina\\\/wp-content\\\/uploads\\\/2020\\\/05\\\/pinot-noir-2025.jpg\",\"width\":768,\"height\":983},{\"@type\":\"BreadcrumbList\",\"@id\":\"https:\\\/\\\/www.ptujska-klet.si\\\/trgovina\\\/izdelek\\\/modri-pinot-suho\\\/#breadcrumb\",\"itemListElement\":[{\"@type\":\"ListItem\",\"position\":1,\"name\":\"Home\",\"item\":\"https:\\\/\\\/www.ptujska-klet.si\\\/trgovina\\\/\"},{\"@type\":\"ListItem\",\"position\":2,\"name\":\"Trgovina\",\"item\":\"https:\\\/\\\/www.ptujska-klet.si\\\/trgovina\\\/\"},{\"@type\":\"ListItem\",\"position\":3,\"name\":\"Modri Pinot, suho\"}]},{\"@type\":\"WebSite\",\"@id\":\"https:\\\/\\\/www.ptujska-klet.si\\\/trgovina\\\/#website\",\"url\":\"https:\\\/\\\/www.ptujska-klet.si\\\/trgovina\\\/\",\"name\":\"Ptujska Klet\",\"description\":\"Vinska klet z najbolj\u0161imi vini za vse okuse\",\"publisher\":{\"@id\":\"https:\\\/\\\/www.ptujska-klet.si\\\/trgovina\\\/#organization\"},\"potentialAction\":[{\"@type\":\"SearchAction\",\"target\":{\"@type\":\"EntryPoint\",\"urlTemplate\":\"https:\\\/\\\/www.ptujska-klet.si\\\/trgovina\\\/?s={search_term_string}\"},\"query-input\":{\"@type\":\"PropertyValueSpecification\",\"valueRequired\":true,\"valueName\":\"search_term_string\"}}],\"inLanguage\":\"sl-SI\"},{\"@type\":\"Organization\",\"@id\":\"https:\\\/\\\/www.ptujska-klet.si\\\/trgovina\\\/#organization\",\"name\":\"Ptujska Klet\",\"url\":\"https:\\\/\\\/www.ptujska-klet.si\\\/trgovina\\\/\",\"logo\":{\"@type\":\"ImageObject\",\"inLanguage\":\"sl-SI\",\"@id\":\"https:\\\/\\\/www.ptujska-klet.si\\\/trgovina\\\/#\\\/schema\\\/logo\\\/image\\\/\",\"url\":\"https:\\\/\\\/www.ptujska-klet.si\\\/trgovina\\\/wp-content\\\/uploads\\\/2020\\\/04\\\/cropped-pullus_favicon-300x300-1-1.png\",\"contentUrl\":\"https:\\\/\\\/www.ptujska-klet.si\\\/trgovina\\\/wp-content\\\/uploads\\\/2020\\\/04\\\/cropped-pullus_favicon-300x300-1-1.png\",\"width\":300,\"height\":300,\"caption\":\"Ptujska Klet\"},\"image\":{\"@id\":\"https:\\\/\\\/www.ptujska-klet.si\\\/trgovina\\\/#\\\/schema\\\/logo\\\/image\\\/\"}}]}<\/script>\n<!-- \/ Yoast SEO plugin. -->","yoast_head_json":{"title":"Modri Pinot, suho - Ptujska Klet","description":"Pullus Modri pinot (pinot noir, modri burgundec) je elegantno rde\u010de vino s so\u010dno sadnostjo, ki omeh\u010da srca \u0161e tako zahtevnega vinoljuba, vpliv hrastovega soda je elegantno vkomponiran in ne prednja\u010di pred sortnostjo.","robots":{"index":"index","follow":"follow","max-snippet":"max-snippet:-1","max-image-preview":"max-image-preview:large","max-video-preview":"max-video-preview:-1"},"canonical":"https:\/\/www.ptujska-klet.si\/trgovina\/izdelek\/modri-pinot-suho\/","og_locale":"sl_SI","og_type":"article","og_title":"Modri Pinot, suho - Ptujska Klet","og_description":"Pullus Modri pinot (pinot noir, modri burgundec) je elegantno rde\u010de vino s so\u010dno sadnostjo, ki omeh\u010da srca \u0161e tako zahtevnega vinoljuba, vpliv hrastovega soda je elegantno vkomponiran in ne prednja\u010di pred sortnostjo.","og_url":"https:\/\/www.ptujska-klet.si\/trgovina\/izdelek\/modri-pinot-suho\/","og_site_name":"Ptujska Klet","article_modified_time":"2025-08-25T11:12:33+00:00","og_image":[{"width":768,"height":983,"url":"https:\/\/www.ptujska-klet.si\/trgovina\/wp-content\/uploads\/2020\/05\/pinot-noir-2025.jpg","type":"image\/jpeg"}],"twitter_card":"summary_large_image","twitter_misc":{"Est. reading time":"1 minuta"},"schema":{"@context":"https:\/\/schema.org","@graph":[{"@type":"WebPage","@id":"https:\/\/www.ptujska-klet.si\/trgovina\/izdelek\/modri-pinot-suho\/","url":"https:\/\/www.ptujska-klet.si\/trgovina\/izdelek\/modri-pinot-suho\/","name":"Modri Pinot, suho - Ptujska Klet","isPartOf":{"@id":"https:\/\/www.ptujska-klet.si\/trgovina\/#website"},"primaryImageOfPage":{"@id":"https:\/\/www.ptujska-klet.si\/trgovina\/izdelek\/modri-pinot-suho\/#primaryimage"},"image":{"@id":"https:\/\/www.ptujska-klet.si\/trgovina\/izdelek\/modri-pinot-suho\/#primaryimage"},"thumbnailUrl":"https:\/\/www.ptujska-klet.si\/trgovina\/wp-content\/uploads\/2020\/05\/pinot-noir-2025.jpg","datePublished":"2020-05-12T15:11:52+00:00","dateModified":"2025-08-25T11:12:33+00:00","description":"Pullus Modri pinot (pinot noir, modri burgundec) je elegantno rde\u010de vino s so\u010dno sadnostjo, ki omeh\u010da srca \u0161e tako zahtevnega vinoljuba, vpliv hrastovega soda je elegantno vkomponiran in ne prednja\u010di pred sortnostjo.","breadcrumb":{"@id":"https:\/\/www.ptujska-klet.si\/trgovina\/izdelek\/modri-pinot-suho\/#breadcrumb"},"inLanguage":"sl-SI","potentialAction":[{"@type":"ReadAction","target":["https:\/\/www.ptujska-klet.si\/trgovina\/izdelek\/modri-pinot-suho\/"]}]},{"@type":"ImageObject","inLanguage":"sl-SI","@id":"https:\/\/www.ptujska-klet.si\/trgovina\/izdelek\/modri-pinot-suho\/#primaryimage","url":"https:\/\/www.ptujska-klet.si\/trgovina\/wp-content\/uploads\/2020\/05\/pinot-noir-2025.jpg","contentUrl":"https:\/\/www.ptujska-klet.si\/trgovina\/wp-content\/uploads\/2020\/05\/pinot-noir-2025.jpg","width":768,"height":983},{"@type":"BreadcrumbList","@id":"https:\/\/www.ptujska-klet.si\/trgovina\/izdelek\/modri-pinot-suho\/#breadcrumb","itemListElement":[{"@type":"ListItem","position":1,"name":"Home","item":"https:\/\/www.ptujska-klet.si\/trgovina\/"},{"@type":"ListItem","position":2,"name":"Trgovina","item":"https:\/\/www.ptujska-klet.si\/trgovina\/"},{"@type":"ListItem","position":3,"name":"Modri Pinot, suho"}]},{"@type":"WebSite","@id":"https:\/\/www.ptujska-klet.si\/trgovina\/#website","url":"https:\/\/www.ptujska-klet.si\/trgovina\/","name":"Ptujska Klet","description":"Vinska klet z najbolj\u0161imi vini za vse okuse","publisher":{"@id":"https:\/\/www.ptujska-klet.si\/trgovina\/#organization"},"potentialAction":[{"@type":"SearchAction","target":{"@type":"EntryPoint","urlTemplate":"https:\/\/www.ptujska-klet.si\/trgovina\/?s={search_term_string}"},"query-input":{"@type":"PropertyValueSpecification","valueRequired":true,"valueName":"search_term_string"}}],"inLanguage":"sl-SI"},{"@type":"Organization","@id":"https:\/\/www.ptujska-klet.si\/trgovina\/#organization","name":"Ptujska Klet","url":"https:\/\/www.ptujska-klet.si\/trgovina\/","logo":{"@type":"ImageObject","inLanguage":"sl-SI","@id":"https:\/\/www.ptujska-klet.si\/trgovina\/#\/schema\/logo\/image\/","url":"https:\/\/www.ptujska-klet.si\/trgovina\/wp-content\/uploads\/2020\/04\/cropped-pullus_favicon-300x300-1-1.png","contentUrl":"https:\/\/www.ptujska-klet.si\/trgovina\/wp-content\/uploads\/2020\/04\/cropped-pullus_favicon-300x300-1-1.png","width":300,"height":300,"caption":"Ptujska Klet"},"image":{"@id":"https:\/\/www.ptujska-klet.si\/trgovina\/#\/schema\/logo\/image\/"}}]}},"_links":{"self":[{"href":"https:\/\/www.ptujska-klet.si\/trgovina\/wp-json\/wp\/v2\/product\/3521","targetHints":{"allow":["GET"]}}],"collection":[{"href":"https:\/\/www.ptujska-klet.si\/trgovina\/wp-json\/wp\/v2\/product"}],"about":[{"href":"https:\/\/www.ptujska-klet.si\/trgovina\/wp-json\/wp\/v2\/types\/product"}],"wp:featuredmedia":[{"embeddable":true,"href":"https:\/\/www.ptujska-klet.si\/trgovina\/wp-json\/wp\/v2\/media\/5995"}],"wp:attachment":[{"href":"https:\/\/www.ptujska-klet.si\/trgovina\/wp-json\/wp\/v2\/media?parent=3521"}],"wp:term":[{"taxonomy":"product_brand","embeddable":true,"href":"https:\/\/www.ptujska-klet.si\/trgovina\/wp-json\/wp\/v2\/product_brand?post=3521"},{"taxonomy":"product_cat","embeddable":true,"href":"https:\/\/www.ptujska-klet.si\/trgovina\/wp-json\/wp\/v2\/product_cat?post=3521"},{"taxonomy":"product_tag","embeddable":true,"href":"https:\/\/www.ptujska-klet.si\/trgovina\/wp-json\/wp\/v2\/product_tag?post=3521"}],"curies":[{"name":"wp","href":"https:\/\/api.w.org\/{rel}","templated":true}]}}