{"id":3517,"date":"2020-05-12T16:07:51","date_gmt":"2020-05-12T15:07:51","guid":{"rendered":"https:\/\/pullus-shop.com\/?post_type=product&#038;p=3517"},"modified":"2025-08-25T12:11:01","modified_gmt":"2025-08-25T11:11:01","slug":"modra-frankinja-suho","status":"publish","type":"product","link":"https:\/\/www.ptujska-klet.si\/trgovina\/izdelek\/modra-frankinja-suho\/","title":{"rendered":"Modra Frankinja, suho"},"content":{"rendered":"<p>Vino je sijo\u010de rubinaste barve. Na nosu prepoznamo borovnice, gozdne jagode in ostalo rde\u010de jagodi\u010devje. Dotik lesa je ne\u017een in je izra\u017een, kot vonj po pra\u017eenem in rumu. Okus je \u017eameten, kot so tudi tanini v vinu, je popolnoma suh s prijetno nekoliko ni\u017ejo kislino, kot je zna\u010dilna za to sorto ampak je \u0161e vedno harmoni\u010dna. Nazdravite ob svinjski pe\u010denki in pra\u017eenem krompirju.<\/p>\n<h6>Podatki o vinu<\/h6>\n<p><strong>Barva:<\/strong> Rde\u010de<br \/>\n<strong>Sladkorna stopnja:<\/strong> Suho<br \/>\n<strong>Sorte:<\/strong> Modra frankinja<br \/>\n<strong>Letnik:<\/strong> 2022<br \/>\n<strong>Enota mere:<\/strong> 750ml<br \/>\n<strong>\u0160t. buteljk v kartonu:<\/strong> 6<\/p>\n<p><strong>Priznanja:<\/strong> Modra Frankinja 2015: ZLATA MEDALJA Finger Lakes International Wine Competition 2017; ZLATA MEDALJA Great American International Wine Competition 2017; SREBRNA MEDALJA Gornja radgona 2017; SREBRNA MEDALJA AWC Vienna 2017<\/p>\n","protected":false},"excerpt":{"rendered":"<div class=\"page-section__generator page-section__generator--top g12-xs g11-md g10-lg g8-xl\">\n<div class=\"page-generator__text page-generator__text--top js-generator-text\">\n<div id=\"output\" class=\"page-generator__output js-generator-output\">\n<div class=\"page-section__generator page-section__generator--top g12-xs g11-md g10-lg g8-xl\">\n<div class=\"page-generator__text page-generator__text--top js-generator-text\">\n<div id=\"output\" class=\"page-generator__output js-generator-output\">\n<p>Vino je sijo\u010de rubinaste barve. Na nosu prepoznamo borovnice, gozdne jagode in ostalo rde\u010de jagodi\u010devje. Dotik lesa je ne\u017een in je izra\u017een, kot vonj po pra\u017eenem in rumu. Okus je \u017eameten, kot so tudi tanini v vinu, je popolnoma suh s prijetno nekoliko ni\u017ejo kislino, kot je zna\u010dilna za to sorto ampak je \u0161e vedno harmoni\u010dna. Nazdravite ob svinjski pe\u010denki in pra\u017eenem krompirju.<\/p>\n<\/div>\n<\/div>\n<\/div>\n<\/div>\n<\/div>\n<\/div>\n","protected":false},"featured_media":5994,"template":"","meta":[],"product_brand":[],"product_cat":[16],"product_tag":[19],"class_list":{"0":"post-3517","1":"product","2":"type-product","3":"status-publish","4":"has-post-thumbnail","6":"product_cat-pullus","7":"product_tag-modra-frankinja","9":"first","10":"instock","11":"taxable","12":"shipping-taxable","13":"purchasable","14":"product-type-simple"},"yoast_head":"<!-- This site is optimized with the Yoast SEO plugin v27.3 - https:\/\/yoast.com\/product\/yoast-seo-wordpress\/ -->\n<title>Modra Frankinja, suho - Ptujska Klet<\/title>\n<meta name=\"description\" content=\"Dokazano ta sorta grozdja izhaja iz \u0160tajerske Slovenije, zato smo toliko bolj ponosni nanjo. Na nosu prepoznamo borovnice, gozdne jagode in ostalo rde\u010de jagodi\u010devje. Dotik lesa je ne\u017een in je izra\u017een, kot vonj po pra\u017eenem in rumu. Nazdravite ob svinjski pe\u010denki in pra\u017eenem krompirju.\" \/>\n<meta name=\"robots\" content=\"index, follow, max-snippet:-1, max-image-preview:large, max-video-preview:-1\" \/>\n<link rel=\"canonical\" href=\"https:\/\/www.ptujska-klet.si\/trgovina\/izdelek\/modra-frankinja-suho\/\" \/>\n<meta property=\"og:locale\" content=\"sl_SI\" \/>\n<meta property=\"og:type\" content=\"article\" \/>\n<meta property=\"og:title\" content=\"Modra Frankinja, suho - Ptujska Klet\" \/>\n<meta property=\"og:description\" content=\"Dokazano ta sorta grozdja izhaja iz \u0160tajerske Slovenije, zato smo toliko bolj ponosni nanjo. Na nosu prepoznamo borovnice, gozdne jagode in ostalo rde\u010de jagodi\u010devje. Dotik lesa je ne\u017een in je izra\u017een, kot vonj po pra\u017eenem in rumu. Nazdravite ob svinjski pe\u010denki in pra\u017eenem krompirju.\" \/>\n<meta property=\"og:url\" content=\"https:\/\/www.ptujska-klet.si\/trgovina\/izdelek\/modra-frankinja-suho\/\" \/>\n<meta property=\"og:site_name\" content=\"Ptujska Klet\" \/>\n<meta property=\"article:modified_time\" content=\"2025-08-25T11:11:01+00:00\" \/>\n<meta property=\"og:image\" content=\"https:\/\/www.ptujska-klet.si\/trgovina\/wp-content\/uploads\/2020\/05\/modra-frankinja-2025.jpg\" \/>\n\t<meta property=\"og:image:width\" content=\"768\" \/>\n\t<meta property=\"og:image:height\" content=\"983\" \/>\n\t<meta property=\"og:image:type\" content=\"image\/jpeg\" \/>\n<meta name=\"twitter:card\" content=\"summary_large_image\" \/>\n<meta name=\"twitter:label1\" content=\"Est. reading time\" \/>\n\t<meta name=\"twitter:data1\" content=\"1 minuta\" \/>\n<script type=\"application\/ld+json\" class=\"yoast-schema-graph\">{\"@context\":\"https:\\\/\\\/schema.org\",\"@graph\":[{\"@type\":\"WebPage\",\"@id\":\"https:\\\/\\\/www.ptujska-klet.si\\\/trgovina\\\/izdelek\\\/modra-frankinja-suho\\\/\",\"url\":\"https:\\\/\\\/www.ptujska-klet.si\\\/trgovina\\\/izdelek\\\/modra-frankinja-suho\\\/\",\"name\":\"Modra Frankinja, suho - Ptujska Klet\",\"isPartOf\":{\"@id\":\"https:\\\/\\\/www.ptujska-klet.si\\\/trgovina\\\/#website\"},\"primaryImageOfPage\":{\"@id\":\"https:\\\/\\\/www.ptujska-klet.si\\\/trgovina\\\/izdelek\\\/modra-frankinja-suho\\\/#primaryimage\"},\"image\":{\"@id\":\"https:\\\/\\\/www.ptujska-klet.si\\\/trgovina\\\/izdelek\\\/modra-frankinja-suho\\\/#primaryimage\"},\"thumbnailUrl\":\"https:\\\/\\\/www.ptujska-klet.si\\\/trgovina\\\/wp-content\\\/uploads\\\/2020\\\/05\\\/modra-frankinja-2025.jpg\",\"datePublished\":\"2020-05-12T15:07:51+00:00\",\"dateModified\":\"2025-08-25T11:11:01+00:00\",\"description\":\"Dokazano ta sorta grozdja izhaja iz \u0160tajerske Slovenije, zato smo toliko bolj ponosni nanjo. Na nosu prepoznamo borovnice, gozdne jagode in ostalo rde\u010de jagodi\u010devje. Dotik lesa je ne\u017een in je izra\u017een, kot vonj po pra\u017eenem in rumu. Nazdravite ob svinjski pe\u010denki in pra\u017eenem krompirju.\",\"breadcrumb\":{\"@id\":\"https:\\\/\\\/www.ptujska-klet.si\\\/trgovina\\\/izdelek\\\/modra-frankinja-suho\\\/#breadcrumb\"},\"inLanguage\":\"sl-SI\",\"potentialAction\":[{\"@type\":\"ReadAction\",\"target\":[\"https:\\\/\\\/www.ptujska-klet.si\\\/trgovina\\\/izdelek\\\/modra-frankinja-suho\\\/\"]}]},{\"@type\":\"ImageObject\",\"inLanguage\":\"sl-SI\",\"@id\":\"https:\\\/\\\/www.ptujska-klet.si\\\/trgovina\\\/izdelek\\\/modra-frankinja-suho\\\/#primaryimage\",\"url\":\"https:\\\/\\\/www.ptujska-klet.si\\\/trgovina\\\/wp-content\\\/uploads\\\/2020\\\/05\\\/modra-frankinja-2025.jpg\",\"contentUrl\":\"https:\\\/\\\/www.ptujska-klet.si\\\/trgovina\\\/wp-content\\\/uploads\\\/2020\\\/05\\\/modra-frankinja-2025.jpg\",\"width\":768,\"height\":983},{\"@type\":\"BreadcrumbList\",\"@id\":\"https:\\\/\\\/www.ptujska-klet.si\\\/trgovina\\\/izdelek\\\/modra-frankinja-suho\\\/#breadcrumb\",\"itemListElement\":[{\"@type\":\"ListItem\",\"position\":1,\"name\":\"Home\",\"item\":\"https:\\\/\\\/www.ptujska-klet.si\\\/trgovina\\\/\"},{\"@type\":\"ListItem\",\"position\":2,\"name\":\"Trgovina\",\"item\":\"https:\\\/\\\/www.ptujska-klet.si\\\/trgovina\\\/\"},{\"@type\":\"ListItem\",\"position\":3,\"name\":\"Modra Frankinja, suho\"}]},{\"@type\":\"WebSite\",\"@id\":\"https:\\\/\\\/www.ptujska-klet.si\\\/trgovina\\\/#website\",\"url\":\"https:\\\/\\\/www.ptujska-klet.si\\\/trgovina\\\/\",\"name\":\"Ptujska Klet\",\"description\":\"Vinska klet z najbolj\u0161imi vini za vse okuse\",\"publisher\":{\"@id\":\"https:\\\/\\\/www.ptujska-klet.si\\\/trgovina\\\/#organization\"},\"potentialAction\":[{\"@type\":\"SearchAction\",\"target\":{\"@type\":\"EntryPoint\",\"urlTemplate\":\"https:\\\/\\\/www.ptujska-klet.si\\\/trgovina\\\/?s={search_term_string}\"},\"query-input\":{\"@type\":\"PropertyValueSpecification\",\"valueRequired\":true,\"valueName\":\"search_term_string\"}}],\"inLanguage\":\"sl-SI\"},{\"@type\":\"Organization\",\"@id\":\"https:\\\/\\\/www.ptujska-klet.si\\\/trgovina\\\/#organization\",\"name\":\"Ptujska Klet\",\"url\":\"https:\\\/\\\/www.ptujska-klet.si\\\/trgovina\\\/\",\"logo\":{\"@type\":\"ImageObject\",\"inLanguage\":\"sl-SI\",\"@id\":\"https:\\\/\\\/www.ptujska-klet.si\\\/trgovina\\\/#\\\/schema\\\/logo\\\/image\\\/\",\"url\":\"https:\\\/\\\/www.ptujska-klet.si\\\/trgovina\\\/wp-content\\\/uploads\\\/2020\\\/04\\\/cropped-pullus_favicon-300x300-1-1.png\",\"contentUrl\":\"https:\\\/\\\/www.ptujska-klet.si\\\/trgovina\\\/wp-content\\\/uploads\\\/2020\\\/04\\\/cropped-pullus_favicon-300x300-1-1.png\",\"width\":300,\"height\":300,\"caption\":\"Ptujska Klet\"},\"image\":{\"@id\":\"https:\\\/\\\/www.ptujska-klet.si\\\/trgovina\\\/#\\\/schema\\\/logo\\\/image\\\/\"}}]}<\/script>\n<!-- \/ Yoast SEO plugin. -->","yoast_head_json":{"title":"Modra Frankinja, suho - Ptujska Klet","description":"Dokazano ta sorta grozdja izhaja iz \u0160tajerske Slovenije, zato smo toliko bolj ponosni nanjo. Na nosu prepoznamo borovnice, gozdne jagode in ostalo rde\u010de jagodi\u010devje. Dotik lesa je ne\u017een in je izra\u017een, kot vonj po pra\u017eenem in rumu. Nazdravite ob svinjski pe\u010denki in pra\u017eenem krompirju.","robots":{"index":"index","follow":"follow","max-snippet":"max-snippet:-1","max-image-preview":"max-image-preview:large","max-video-preview":"max-video-preview:-1"},"canonical":"https:\/\/www.ptujska-klet.si\/trgovina\/izdelek\/modra-frankinja-suho\/","og_locale":"sl_SI","og_type":"article","og_title":"Modra Frankinja, suho - Ptujska Klet","og_description":"Dokazano ta sorta grozdja izhaja iz \u0160tajerske Slovenije, zato smo toliko bolj ponosni nanjo. Na nosu prepoznamo borovnice, gozdne jagode in ostalo rde\u010de jagodi\u010devje. Dotik lesa je ne\u017een in je izra\u017een, kot vonj po pra\u017eenem in rumu. Nazdravite ob svinjski pe\u010denki in pra\u017eenem krompirju.","og_url":"https:\/\/www.ptujska-klet.si\/trgovina\/izdelek\/modra-frankinja-suho\/","og_site_name":"Ptujska Klet","article_modified_time":"2025-08-25T11:11:01+00:00","og_image":[{"width":768,"height":983,"url":"https:\/\/www.ptujska-klet.si\/trgovina\/wp-content\/uploads\/2020\/05\/modra-frankinja-2025.jpg","type":"image\/jpeg"}],"twitter_card":"summary_large_image","twitter_misc":{"Est. reading time":"1 minuta"},"schema":{"@context":"https:\/\/schema.org","@graph":[{"@type":"WebPage","@id":"https:\/\/www.ptujska-klet.si\/trgovina\/izdelek\/modra-frankinja-suho\/","url":"https:\/\/www.ptujska-klet.si\/trgovina\/izdelek\/modra-frankinja-suho\/","name":"Modra Frankinja, suho - Ptujska Klet","isPartOf":{"@id":"https:\/\/www.ptujska-klet.si\/trgovina\/#website"},"primaryImageOfPage":{"@id":"https:\/\/www.ptujska-klet.si\/trgovina\/izdelek\/modra-frankinja-suho\/#primaryimage"},"image":{"@id":"https:\/\/www.ptujska-klet.si\/trgovina\/izdelek\/modra-frankinja-suho\/#primaryimage"},"thumbnailUrl":"https:\/\/www.ptujska-klet.si\/trgovina\/wp-content\/uploads\/2020\/05\/modra-frankinja-2025.jpg","datePublished":"2020-05-12T15:07:51+00:00","dateModified":"2025-08-25T11:11:01+00:00","description":"Dokazano ta sorta grozdja izhaja iz \u0160tajerske Slovenije, zato smo toliko bolj ponosni nanjo. Na nosu prepoznamo borovnice, gozdne jagode in ostalo rde\u010de jagodi\u010devje. Dotik lesa je ne\u017een in je izra\u017een, kot vonj po pra\u017eenem in rumu. Nazdravite ob svinjski pe\u010denki in pra\u017eenem krompirju.","breadcrumb":{"@id":"https:\/\/www.ptujska-klet.si\/trgovina\/izdelek\/modra-frankinja-suho\/#breadcrumb"},"inLanguage":"sl-SI","potentialAction":[{"@type":"ReadAction","target":["https:\/\/www.ptujska-klet.si\/trgovina\/izdelek\/modra-frankinja-suho\/"]}]},{"@type":"ImageObject","inLanguage":"sl-SI","@id":"https:\/\/www.ptujska-klet.si\/trgovina\/izdelek\/modra-frankinja-suho\/#primaryimage","url":"https:\/\/www.ptujska-klet.si\/trgovina\/wp-content\/uploads\/2020\/05\/modra-frankinja-2025.jpg","contentUrl":"https:\/\/www.ptujska-klet.si\/trgovina\/wp-content\/uploads\/2020\/05\/modra-frankinja-2025.jpg","width":768,"height":983},{"@type":"BreadcrumbList","@id":"https:\/\/www.ptujska-klet.si\/trgovina\/izdelek\/modra-frankinja-suho\/#breadcrumb","itemListElement":[{"@type":"ListItem","position":1,"name":"Home","item":"https:\/\/www.ptujska-klet.si\/trgovina\/"},{"@type":"ListItem","position":2,"name":"Trgovina","item":"https:\/\/www.ptujska-klet.si\/trgovina\/"},{"@type":"ListItem","position":3,"name":"Modra Frankinja, suho"}]},{"@type":"WebSite","@id":"https:\/\/www.ptujska-klet.si\/trgovina\/#website","url":"https:\/\/www.ptujska-klet.si\/trgovina\/","name":"Ptujska Klet","description":"Vinska klet z najbolj\u0161imi vini za vse okuse","publisher":{"@id":"https:\/\/www.ptujska-klet.si\/trgovina\/#organization"},"potentialAction":[{"@type":"SearchAction","target":{"@type":"EntryPoint","urlTemplate":"https:\/\/www.ptujska-klet.si\/trgovina\/?s={search_term_string}"},"query-input":{"@type":"PropertyValueSpecification","valueRequired":true,"valueName":"search_term_string"}}],"inLanguage":"sl-SI"},{"@type":"Organization","@id":"https:\/\/www.ptujska-klet.si\/trgovina\/#organization","name":"Ptujska Klet","url":"https:\/\/www.ptujska-klet.si\/trgovina\/","logo":{"@type":"ImageObject","inLanguage":"sl-SI","@id":"https:\/\/www.ptujska-klet.si\/trgovina\/#\/schema\/logo\/image\/","url":"https:\/\/www.ptujska-klet.si\/trgovina\/wp-content\/uploads\/2020\/04\/cropped-pullus_favicon-300x300-1-1.png","contentUrl":"https:\/\/www.ptujska-klet.si\/trgovina\/wp-content\/uploads\/2020\/04\/cropped-pullus_favicon-300x300-1-1.png","width":300,"height":300,"caption":"Ptujska Klet"},"image":{"@id":"https:\/\/www.ptujska-klet.si\/trgovina\/#\/schema\/logo\/image\/"}}]}},"_links":{"self":[{"href":"https:\/\/www.ptujska-klet.si\/trgovina\/wp-json\/wp\/v2\/product\/3517","targetHints":{"allow":["GET"]}}],"collection":[{"href":"https:\/\/www.ptujska-klet.si\/trgovina\/wp-json\/wp\/v2\/product"}],"about":[{"href":"https:\/\/www.ptujska-klet.si\/trgovina\/wp-json\/wp\/v2\/types\/product"}],"wp:featuredmedia":[{"embeddable":true,"href":"https:\/\/www.ptujska-klet.si\/trgovina\/wp-json\/wp\/v2\/media\/5994"}],"wp:attachment":[{"href":"https:\/\/www.ptujska-klet.si\/trgovina\/wp-json\/wp\/v2\/media?parent=3517"}],"wp:term":[{"taxonomy":"product_brand","embeddable":true,"href":"https:\/\/www.ptujska-klet.si\/trgovina\/wp-json\/wp\/v2\/product_brand?post=3517"},{"taxonomy":"product_cat","embeddable":true,"href":"https:\/\/www.ptujska-klet.si\/trgovina\/wp-json\/wp\/v2\/product_cat?post=3517"},{"taxonomy":"product_tag","embeddable":true,"href":"https:\/\/www.ptujska-klet.si\/trgovina\/wp-json\/wp\/v2\/product_tag?post=3517"}],"curies":[{"name":"wp","href":"https:\/\/api.w.org\/{rel}","templated":true}]}}