{"id":3504,"date":"2020-05-12T15:44:45","date_gmt":"2020-05-12T14:44:45","guid":{"rendered":"https:\/\/pullus-shop.com\/?post_type=product&#038;p=3504"},"modified":"2024-10-11T12:08:22","modified_gmt":"2024-10-11T11:08:22","slug":"rumeni-muskat-polsladko","status":"publish","type":"product","link":"https:\/\/www.ptujska-klet.si\/trgovina\/izdelek\/rumeni-muskat-polsladko\/","title":{"rendered":"Rumeni Mu\u0161kat, polsladko"},"content":{"rendered":"<p>Intenzivna aromatika nas spominja na limeto, limonino travo, bezgovo cvetje, pomaran\u010dno skorjo in sve\u017ee nastrgan mu\u0161katni ore\u0161\u010dek, na koncu, predvsem na okusu, se pojavi zrela hru\u0161ka. Okus je prijeten, srednjega telesa, poln sadnosti in ima lepo harmonijo v razmerju ne povretega sladkorja in nekoliko vi\u0161je kisline, ki je zna\u010dilna za rumeni mu\u0161kat. Vino je lepo zaokro\u017eeno, katerega okusi pa ostanejo \u0161e dolgo po zadnjem po\u017eirku. Prija ob: Sadne sladice na osnovi jogurta in smetane.<\/p>\n<h6>Podatki o vinu<\/h6>\n<p><strong>Barva:<\/strong> Belo<br \/>\n<strong>Sladkorna stopnja:<\/strong> Polsladko<br \/>\n<strong>Sorte:<\/strong> Rumeni mu\u0161kat<br \/>\n<strong>Letnik:<\/strong> 2023<br \/>\n<strong>Enota mere:<\/strong> 750ml<br \/>\n<strong>\u0160t. buteljk v kartonu:<\/strong> 6<\/p>\n<p><strong>Priznanja:<\/strong> Rumeni mu\u0161kat 2019, SREBRNA MEDALJA, AWC Dunaj 2020, Rumeni mu\u0161kat 2016: ZLATA MEDALJA Vino Ljubljana 2017; SREBRNA MEDALJA Finger Lakes International Wine Competition USA 2017; SREBRNA MEDALJA Gornja radgona<\/p>\n","protected":false},"excerpt":{"rendered":"<div class=\"page-section__generator page-section__generator--top g12-xs g11-md g10-lg g8-xl\">\n<div class=\"page-generator__text page-generator__text--top js-generator-text\">\n<div id=\"output\" class=\"page-generator__output js-generator-output\">\n<div class=\"page-section__generator page-section__generator--top g12-xs g11-md g10-lg g8-xl\">\n<div class=\"page-generator__text page-generator__text--top js-generator-text\">\n<div id=\"output\" class=\"page-generator__output js-generator-output\">\n<p>Intenzivna aromatika nas spominja na limeto, limonino travo, bezgovo cvetje, pomaran\u010dno skorjo in sve\u017ee nastrgan mu\u0161katni ore\u0161\u010dek, na koncu, predvsem na okusu, se pojavi zrela hru\u0161ka. Okus je prijeten, srednjega telesa, poln sadnosti in ima lepo harmonijo v razmerju ne povretega sladkorja in nekoliko vi\u0161je kisline, ki je zna\u010dilna za rumeni mu\u0161kat. Vino je lepo zaokro\u017eeno, katerega okusi pa ostanejo \u0161e dolgo po zadnjem po\u017eirku. Prija ob: Sadne sladice na osnovi jogurta in smetane.<\/p>\n<\/div>\n<\/div>\n<\/div>\n<\/div>\n<\/div>\n<\/div>\n","protected":false},"featured_media":5744,"template":"","meta":[],"product_brand":[],"product_cat":[16],"product_tag":[17],"class_list":{"0":"post-3504","1":"product","2":"type-product","3":"status-publish","4":"has-post-thumbnail","6":"product_cat-pullus","7":"product_tag-rumeni-muskat","9":"first","10":"instock","11":"taxable","12":"shipping-taxable","13":"purchasable","14":"product-type-simple"},"yoast_head":"<!-- This site is optimized with the Yoast SEO plugin v27.5 - https:\/\/yoast.com\/product\/yoast-seo-wordpress\/ -->\n<title>Rumeni Mu\u0161kat, polsladko - Ptujska Klet<\/title>\n<meta name=\"description\" content=\"Pullus rumeni mu\u0161kat nas s svoj intenzivno aromatika spominja na limeto, limonino travo, bezgovo cvetje, pomaran\u010dno skorjo. Na koncu, predvsem na okusu, se pojavi zrela hru\u0161ka. Z okusom po \u0161e...\" \/>\n<meta name=\"robots\" content=\"index, follow, max-snippet:-1, max-image-preview:large, max-video-preview:-1\" \/>\n<link rel=\"canonical\" href=\"https:\/\/www.ptujska-klet.si\/trgovina\/izdelek\/rumeni-muskat-polsladko\/\" \/>\n<meta property=\"og:locale\" content=\"sl_SI\" \/>\n<meta property=\"og:type\" content=\"article\" \/>\n<meta property=\"og:title\" content=\"Rumeni Mu\u0161kat, polsladko - Ptujska Klet\" \/>\n<meta property=\"og:description\" content=\"Pullus rumeni mu\u0161kat nas s svoj intenzivno aromatika spominja na limeto, limonino travo, bezgovo cvetje, pomaran\u010dno skorjo. Na koncu, predvsem na okusu, se pojavi zrela hru\u0161ka. Z okusom po \u0161e...\" \/>\n<meta property=\"og:url\" content=\"https:\/\/www.ptujska-klet.si\/trgovina\/izdelek\/rumeni-muskat-polsladko\/\" \/>\n<meta property=\"og:site_name\" content=\"Ptujska Klet\" \/>\n<meta property=\"article:modified_time\" content=\"2024-10-11T11:08:22+00:00\" \/>\n<meta property=\"og:image\" content=\"https:\/\/www.ptujska-klet.si\/trgovina\/wp-content\/uploads\/2020\/05\/RM-polsladko_WEB_768-x-9835-1-1.jpg\" \/>\n\t<meta property=\"og:image:width\" content=\"768\" \/>\n\t<meta property=\"og:image:height\" content=\"983\" \/>\n\t<meta property=\"og:image:type\" content=\"image\/jpeg\" \/>\n<meta name=\"twitter:card\" content=\"summary_large_image\" \/>\n<meta name=\"twitter:label1\" content=\"Est. reading time\" \/>\n\t<meta name=\"twitter:data1\" content=\"1 minuta\" \/>\n<script type=\"application\/ld+json\" class=\"yoast-schema-graph\">{\"@context\":\"https:\\\/\\\/schema.org\",\"@graph\":[{\"@type\":\"WebPage\",\"@id\":\"https:\\\/\\\/www.ptujska-klet.si\\\/trgovina\\\/izdelek\\\/rumeni-muskat-polsladko\\\/\",\"url\":\"https:\\\/\\\/www.ptujska-klet.si\\\/trgovina\\\/izdelek\\\/rumeni-muskat-polsladko\\\/\",\"name\":\"Rumeni Mu\u0161kat, polsladko - Ptujska Klet\",\"isPartOf\":{\"@id\":\"https:\\\/\\\/www.ptujska-klet.si\\\/trgovina\\\/#website\"},\"primaryImageOfPage\":{\"@id\":\"https:\\\/\\\/www.ptujska-klet.si\\\/trgovina\\\/izdelek\\\/rumeni-muskat-polsladko\\\/#primaryimage\"},\"image\":{\"@id\":\"https:\\\/\\\/www.ptujska-klet.si\\\/trgovina\\\/izdelek\\\/rumeni-muskat-polsladko\\\/#primaryimage\"},\"thumbnailUrl\":\"https:\\\/\\\/www.ptujska-klet.si\\\/trgovina\\\/wp-content\\\/uploads\\\/2020\\\/05\\\/RM-polsladko_WEB_768-x-9835-1-1.jpg\",\"datePublished\":\"2020-05-12T14:44:45+00:00\",\"dateModified\":\"2024-10-11T11:08:22+00:00\",\"description\":\"Pullus rumeni mu\u0161kat nas s svoj intenzivno aromatika spominja na limeto, limonino travo, bezgovo cvetje, pomaran\u010dno skorjo. Na koncu, predvsem na okusu, se pojavi zrela hru\u0161ka. Z okusom po \u0161e...\",\"breadcrumb\":{\"@id\":\"https:\\\/\\\/www.ptujska-klet.si\\\/trgovina\\\/izdelek\\\/rumeni-muskat-polsladko\\\/#breadcrumb\"},\"inLanguage\":\"sl-SI\",\"potentialAction\":[{\"@type\":\"ReadAction\",\"target\":[\"https:\\\/\\\/www.ptujska-klet.si\\\/trgovina\\\/izdelek\\\/rumeni-muskat-polsladko\\\/\"]}]},{\"@type\":\"ImageObject\",\"inLanguage\":\"sl-SI\",\"@id\":\"https:\\\/\\\/www.ptujska-klet.si\\\/trgovina\\\/izdelek\\\/rumeni-muskat-polsladko\\\/#primaryimage\",\"url\":\"https:\\\/\\\/www.ptujska-klet.si\\\/trgovina\\\/wp-content\\\/uploads\\\/2020\\\/05\\\/RM-polsladko_WEB_768-x-9835-1-1.jpg\",\"contentUrl\":\"https:\\\/\\\/www.ptujska-klet.si\\\/trgovina\\\/wp-content\\\/uploads\\\/2020\\\/05\\\/RM-polsladko_WEB_768-x-9835-1-1.jpg\",\"width\":768,\"height\":983},{\"@type\":\"BreadcrumbList\",\"@id\":\"https:\\\/\\\/www.ptujska-klet.si\\\/trgovina\\\/izdelek\\\/rumeni-muskat-polsladko\\\/#breadcrumb\",\"itemListElement\":[{\"@type\":\"ListItem\",\"position\":1,\"name\":\"Home\",\"item\":\"https:\\\/\\\/www.ptujska-klet.si\\\/trgovina\\\/\"},{\"@type\":\"ListItem\",\"position\":2,\"name\":\"Trgovina\",\"item\":\"https:\\\/\\\/www.ptujska-klet.si\\\/trgovina\\\/\"},{\"@type\":\"ListItem\",\"position\":3,\"name\":\"Rumeni Mu\u0161kat, polsladko\"}]},{\"@type\":\"WebSite\",\"@id\":\"https:\\\/\\\/www.ptujska-klet.si\\\/trgovina\\\/#website\",\"url\":\"https:\\\/\\\/www.ptujska-klet.si\\\/trgovina\\\/\",\"name\":\"Ptujska Klet\",\"description\":\"Vinska klet z najbolj\u0161imi vini za vse okuse\",\"publisher\":{\"@id\":\"https:\\\/\\\/www.ptujska-klet.si\\\/trgovina\\\/#organization\"},\"potentialAction\":[{\"@type\":\"SearchAction\",\"target\":{\"@type\":\"EntryPoint\",\"urlTemplate\":\"https:\\\/\\\/www.ptujska-klet.si\\\/trgovina\\\/?s={search_term_string}\"},\"query-input\":{\"@type\":\"PropertyValueSpecification\",\"valueRequired\":true,\"valueName\":\"search_term_string\"}}],\"inLanguage\":\"sl-SI\"},{\"@type\":\"Organization\",\"@id\":\"https:\\\/\\\/www.ptujska-klet.si\\\/trgovina\\\/#organization\",\"name\":\"Ptujska Klet\",\"url\":\"https:\\\/\\\/www.ptujska-klet.si\\\/trgovina\\\/\",\"logo\":{\"@type\":\"ImageObject\",\"inLanguage\":\"sl-SI\",\"@id\":\"https:\\\/\\\/www.ptujska-klet.si\\\/trgovina\\\/#\\\/schema\\\/logo\\\/image\\\/\",\"url\":\"https:\\\/\\\/www.ptujska-klet.si\\\/trgovina\\\/wp-content\\\/uploads\\\/2020\\\/04\\\/cropped-pullus_favicon-300x300-1-1.png\",\"contentUrl\":\"https:\\\/\\\/www.ptujska-klet.si\\\/trgovina\\\/wp-content\\\/uploads\\\/2020\\\/04\\\/cropped-pullus_favicon-300x300-1-1.png\",\"width\":300,\"height\":300,\"caption\":\"Ptujska Klet\"},\"image\":{\"@id\":\"https:\\\/\\\/www.ptujska-klet.si\\\/trgovina\\\/#\\\/schema\\\/logo\\\/image\\\/\"}}]}<\/script>\n<!-- \/ Yoast SEO plugin. -->","yoast_head_json":{"title":"Rumeni Mu\u0161kat, polsladko - Ptujska Klet","description":"Pullus rumeni mu\u0161kat nas s svoj intenzivno aromatika spominja na limeto, limonino travo, bezgovo cvetje, pomaran\u010dno skorjo. Na koncu, predvsem na okusu, se pojavi zrela hru\u0161ka. Z okusom po \u0161e...","robots":{"index":"index","follow":"follow","max-snippet":"max-snippet:-1","max-image-preview":"max-image-preview:large","max-video-preview":"max-video-preview:-1"},"canonical":"https:\/\/www.ptujska-klet.si\/trgovina\/izdelek\/rumeni-muskat-polsladko\/","og_locale":"sl_SI","og_type":"article","og_title":"Rumeni Mu\u0161kat, polsladko - Ptujska Klet","og_description":"Pullus rumeni mu\u0161kat nas s svoj intenzivno aromatika spominja na limeto, limonino travo, bezgovo cvetje, pomaran\u010dno skorjo. Na koncu, predvsem na okusu, se pojavi zrela hru\u0161ka. Z okusom po \u0161e...","og_url":"https:\/\/www.ptujska-klet.si\/trgovina\/izdelek\/rumeni-muskat-polsladko\/","og_site_name":"Ptujska Klet","article_modified_time":"2024-10-11T11:08:22+00:00","og_image":[{"width":768,"height":983,"url":"https:\/\/www.ptujska-klet.si\/trgovina\/wp-content\/uploads\/2020\/05\/RM-polsladko_WEB_768-x-9835-1-1.jpg","type":"image\/jpeg"}],"twitter_card":"summary_large_image","twitter_misc":{"Est. reading time":"1 minuta"},"schema":{"@context":"https:\/\/schema.org","@graph":[{"@type":"WebPage","@id":"https:\/\/www.ptujska-klet.si\/trgovina\/izdelek\/rumeni-muskat-polsladko\/","url":"https:\/\/www.ptujska-klet.si\/trgovina\/izdelek\/rumeni-muskat-polsladko\/","name":"Rumeni Mu\u0161kat, polsladko - Ptujska Klet","isPartOf":{"@id":"https:\/\/www.ptujska-klet.si\/trgovina\/#website"},"primaryImageOfPage":{"@id":"https:\/\/www.ptujska-klet.si\/trgovina\/izdelek\/rumeni-muskat-polsladko\/#primaryimage"},"image":{"@id":"https:\/\/www.ptujska-klet.si\/trgovina\/izdelek\/rumeni-muskat-polsladko\/#primaryimage"},"thumbnailUrl":"https:\/\/www.ptujska-klet.si\/trgovina\/wp-content\/uploads\/2020\/05\/RM-polsladko_WEB_768-x-9835-1-1.jpg","datePublished":"2020-05-12T14:44:45+00:00","dateModified":"2024-10-11T11:08:22+00:00","description":"Pullus rumeni mu\u0161kat nas s svoj intenzivno aromatika spominja na limeto, limonino travo, bezgovo cvetje, pomaran\u010dno skorjo. Na koncu, predvsem na okusu, se pojavi zrela hru\u0161ka. Z okusom po \u0161e...","breadcrumb":{"@id":"https:\/\/www.ptujska-klet.si\/trgovina\/izdelek\/rumeni-muskat-polsladko\/#breadcrumb"},"inLanguage":"sl-SI","potentialAction":[{"@type":"ReadAction","target":["https:\/\/www.ptujska-klet.si\/trgovina\/izdelek\/rumeni-muskat-polsladko\/"]}]},{"@type":"ImageObject","inLanguage":"sl-SI","@id":"https:\/\/www.ptujska-klet.si\/trgovina\/izdelek\/rumeni-muskat-polsladko\/#primaryimage","url":"https:\/\/www.ptujska-klet.si\/trgovina\/wp-content\/uploads\/2020\/05\/RM-polsladko_WEB_768-x-9835-1-1.jpg","contentUrl":"https:\/\/www.ptujska-klet.si\/trgovina\/wp-content\/uploads\/2020\/05\/RM-polsladko_WEB_768-x-9835-1-1.jpg","width":768,"height":983},{"@type":"BreadcrumbList","@id":"https:\/\/www.ptujska-klet.si\/trgovina\/izdelek\/rumeni-muskat-polsladko\/#breadcrumb","itemListElement":[{"@type":"ListItem","position":1,"name":"Home","item":"https:\/\/www.ptujska-klet.si\/trgovina\/"},{"@type":"ListItem","position":2,"name":"Trgovina","item":"https:\/\/www.ptujska-klet.si\/trgovina\/"},{"@type":"ListItem","position":3,"name":"Rumeni Mu\u0161kat, polsladko"}]},{"@type":"WebSite","@id":"https:\/\/www.ptujska-klet.si\/trgovina\/#website","url":"https:\/\/www.ptujska-klet.si\/trgovina\/","name":"Ptujska Klet","description":"Vinska klet z najbolj\u0161imi vini za vse okuse","publisher":{"@id":"https:\/\/www.ptujska-klet.si\/trgovina\/#organization"},"potentialAction":[{"@type":"SearchAction","target":{"@type":"EntryPoint","urlTemplate":"https:\/\/www.ptujska-klet.si\/trgovina\/?s={search_term_string}"},"query-input":{"@type":"PropertyValueSpecification","valueRequired":true,"valueName":"search_term_string"}}],"inLanguage":"sl-SI"},{"@type":"Organization","@id":"https:\/\/www.ptujska-klet.si\/trgovina\/#organization","name":"Ptujska Klet","url":"https:\/\/www.ptujska-klet.si\/trgovina\/","logo":{"@type":"ImageObject","inLanguage":"sl-SI","@id":"https:\/\/www.ptujska-klet.si\/trgovina\/#\/schema\/logo\/image\/","url":"https:\/\/www.ptujska-klet.si\/trgovina\/wp-content\/uploads\/2020\/04\/cropped-pullus_favicon-300x300-1-1.png","contentUrl":"https:\/\/www.ptujska-klet.si\/trgovina\/wp-content\/uploads\/2020\/04\/cropped-pullus_favicon-300x300-1-1.png","width":300,"height":300,"caption":"Ptujska Klet"},"image":{"@id":"https:\/\/www.ptujska-klet.si\/trgovina\/#\/schema\/logo\/image\/"}}]}},"_links":{"self":[{"href":"https:\/\/www.ptujska-klet.si\/trgovina\/wp-json\/wp\/v2\/product\/3504","targetHints":{"allow":["GET"]}}],"collection":[{"href":"https:\/\/www.ptujska-klet.si\/trgovina\/wp-json\/wp\/v2\/product"}],"about":[{"href":"https:\/\/www.ptujska-klet.si\/trgovina\/wp-json\/wp\/v2\/types\/product"}],"wp:featuredmedia":[{"embeddable":true,"href":"https:\/\/www.ptujska-klet.si\/trgovina\/wp-json\/wp\/v2\/media\/5744"}],"wp:attachment":[{"href":"https:\/\/www.ptujska-klet.si\/trgovina\/wp-json\/wp\/v2\/media?parent=3504"}],"wp:term":[{"taxonomy":"product_brand","embeddable":true,"href":"https:\/\/www.ptujska-klet.si\/trgovina\/wp-json\/wp\/v2\/product_brand?post=3504"},{"taxonomy":"product_cat","embeddable":true,"href":"https:\/\/www.ptujska-klet.si\/trgovina\/wp-json\/wp\/v2\/product_cat?post=3504"},{"taxonomy":"product_tag","embeddable":true,"href":"https:\/\/www.ptujska-klet.si\/trgovina\/wp-json\/wp\/v2\/product_tag?post=3504"}],"curies":[{"name":"wp","href":"https:\/\/api.w.org\/{rel}","templated":true}]}}