{"id":5773,"date":"2024-10-11T12:20:09","date_gmt":"2024-10-11T11:20:09","guid":{"rendered":"https:\/\/www.ptujska-klet.si\/trgovina\/?page_id=5773"},"modified":"2024-10-11T12:20:11","modified_gmt":"2024-10-11T11:20:11","slug":"pravilnik-o-piskotkih","status":"publish","type":"page","link":"https:\/\/www.ptujska-klet.si\/trgovina\/pravilnik-o-piskotkih\/","title":{"rendered":"Pravilnik o pi\u0161kotkih"},"content":{"rendered":"<nav>\n<a href=\"https:\/\/ptujska-klet.si\/trgovina\/splosni-pogoji\/\">Splo\u0161ni pogoji<\/a><br \/>\n<a href=\"https:\/\/ptujska-klet.si\/trgovina\/pravilnik-o-zasebnosti\/\">Pravilnik o zasebnosti<\/a><br \/>\n<a href=\"https:\/\/ptujska-klet.si\/trgovina\/pravilnik-o-piskotkih\/\" class=\"active\">Pravilnik o pi\u0161kotkih<\/a><br \/>\n<\/nav>\n<h3>Pravilnik o Pi\u0161kotkih<\/h3>\n<p>Ta Pravilnik opredeljuje, kako zbiramo in obdelujemo podatke o vas na tej spletni strani z uporabo pi\u0161kotkov. Izraz \u201cpi\u0161kotek\u201d v tem Pravilniku uporabljamo za sklicevanje na spletne pi\u0161kotke in podobno tehnologijo, s katero samodejno zbiramo podatke, ko obi\u0161\u010dete to spletno stran (npr. sledilni pi\u0161koti).<\/p>\n<h4>Kaj je pi\u0161kotek?<\/h4>\n<p>Pi\u0161kotek je majhna besedilna datoteka ali del informacij, ki se lahko shrani na va\u0161 ra\u010dunalnik ali mobilno napravo, ko obi\u0161\u010dete spletno stran. Skoraj vsaka spletna stran uporablja pi\u0161kotke. Pi\u0161kotki slu\u017eijo \u0161tevilnim namenom, kot na primer, s pomo\u010djo njih u\u010dinkovito pregledujete spletno stran, zapomnijo si va\u0161e izbire in na splo\u0161no izbolj\u0161ajo va\u0161o uporabni\u0161ko izku\u0161njo. Pi\u0161kotki nam na primer povedo, ali ste na\u0161o spletno stran obiskali \u017ee prej ali pa ste nov obiskovalec. Pomagajo zagotavljati, da so oglasi, ki se vam prika\u017eejo, relevantni za vas in va\u0161e interese. Zaradi tega so pi\u0161koti izjemno uporabni za izbolj\u0161anje uporabni\u0161ke izku\u0161nje, ko ponovno obi\u0161\u010dete neko spletno stran.<\/p>\n<h4>Kako dolga je \u017eivljenjska doba pi\u0161kotkov?<\/h4>\n<p>Pi\u0161kotki lahko na va\u0161em ra\u010dunalniku ali mobilni napravi ostanejo razli\u010dna \u010dasovna obdobja. Nekateri pi\u0161kotki so t.i. za\u010dasni ali sejni pi\u0161kotki. Ti pi\u0161kotki obstajajo zgolj toliko \u010dasa, dokler imate odprt brskalnik, in se samodejno izbri\u0161ejo, ko zaprete brskalnik. Drugi pi\u0161kotki so t.i. trajni ali shranjeni pi\u0161kotki. Ti pi\u0161kotki ostanejo, ko zaprete brskalnik, vse do njihovega datuma zapadlosti. Spletne strani jih uporabljajo, da prepoznajo va\u0161 ra\u010dunalnik, ko odprete brskalnik in brskate po spletu.<\/p>\n<h4>Katere vrste pi\u0161kotkov uporabljamo?<\/h4>\n<p>Obstajata dve ve\u010dji kategoriji pi\u0161kotkov.<\/p>\n<p>Pi\u0161kotki, ki so nujno potrebni za delovanje spletne strani, t.i. nujno potrebni pi\u0161kotki, ki omogo\u010dajo funkcije, brez katerih ne bi mogli uporabljati spletne strani, kot je predvideno. Za uporabo nujno potrebnih pi\u0161kotkov ni potrebno va\u0161e soglasje, zato nujno potrebnih pi\u0161kotkov ni mogo\u010de onemogo\u010diti, saj omogo\u010dajo funkcije oziroma povezave na spletni strani. Vendar imate na voljo mo\u017enost, da v va\u0161em brskalniku kadarkoli v celoti onemogo\u010dite pi\u0161kotke. Druga kategorija pi\u0161kotkov so pi\u0161kotki, ki, gledano s pravnega vidika, niso nujno potrebni za uporabo spletne strani. Ne glede na to ti pi\u0161kotki vseeno opravljajo pomembne funkcije. Katere koli od teh pi\u0161kotkov lahko onemogo\u010dite prek nastavitev va\u0161ega brskalnika oziroma z uporabo spodaj navedenih povezav. Vendar \u010de to storite, razli\u010dne funkcije spletne strani ne bodo na voljo oziroma ne bodo delovale na predviden na\u010din.<\/p>\n<p>Posamezne vrste pi\u0161kotkov, ki se uporabljajo na tej spletni strani, so opisane spodaj:<\/p>\n<p>Pi\u0161kotek: <strong>_fbp<\/strong><br \/>\nUporaba: This cookie is set by Facebook to deliver advertisement when they are on Facebook or a digital platform powered by Facebook advertising after visiting this website.<br \/>\nTrajanje: 2 meseca<\/p>\n<p>Pi\u0161kotek: <strong>_gat<\/strong><\/p>\n<p>Uporaba: Uporablja Google Analytics za zni\u017eanje stopnje zahteve.<\/p>\n<p>Trajanje: 1 dan<\/p>\n<p>Pi\u0161kotek: <strong>_ga<\/strong><br \/>\nUporaba: Registrira edinstven ID, ki se uporablja za ustvarjanje statisti\u010dnih podatkov o tem, kako obiskovalec uporablja spletno mesto.<\/p>\n<p>Trajanje: 2 leti<\/p>\n<p>Pi\u0161kotek: <strong>_gid<\/strong><\/p>\n<p>Uporaba: Registrira edinstven ID, ki se uporablja za ustvarjanje statisti\u010dnih podatkov o tem, kako obiskovalec uporablja spletno mesto.<\/p>\n<p>Trajanje: 1 dan<\/p>\n<p>Pi\u0161kotek: <strong>fr<\/strong><\/p>\n<p>Uporaba: The cookie is set by Facebook to show relevant advertisments to the users and measure and improve the advertisements. The cookie also tracks the behavior of the user across the web on sites that have Facebook pixel or Facebook social plugin.<\/p>\n<p>Trajanje: 2 meseca<\/p>\n<h4>Kako \u0161e uporabljamo pi\u0161kotke?<\/h4>\n<p>Za ve\u010d informacij o uporabi podatkov, zbranih s pi\u0161kotki, glejte Pravilnik o zasebnosti.<\/p>\n<h4>Kako nadzorovati ali izbrisati pi\u0161kotke?<\/h4>\n<p>Pi\u0161kotke lahko nadzorujete prek spletne strani z uporabo slede\u010dih ukrepov:<\/p>\n<p><strong>Povezave za onemogo\u010danje pi\u0161kotkov.<\/strong> Pi\u0161kotke, ki se nahajajo na spletni strani, lahko zavrnete s pomo\u010djo povezav, ki so navedene v zgornji tabeli.<\/p>\n<p><strong>Spletne strani za onemogo\u010danje pi\u0161kotkov.<\/strong> Zavrnete lahko tudi pi\u0161kotke, ki slu\u017eijo ogla\u0161evalskim namenom in ki so jih na spletno stran postavili tretji ogla\u0161evalci, z obiskom spletne strani: http:\/\/www.aboutads.info\/choices\/ ali http:\/\/www.networkadvertising.org\/choices\/.<\/p>\n<p><strong>Nastavitve brskalnika.<\/strong> \u010ceprav ve\u010dina spletnih brskalnikov privzeto sprejema pi\u0161kotke, lahko v nastavitvah va\u0161ega brskalnika dolo\u010dite, da zavrne in\/ali odstrani pi\u0161kotke. Natan\u010den na\u010din, kako to storite, se razlikuje od brskalnika do brskalnika, zato za ve\u010d informacij uporabite funkcijo pomo\u010di va\u0161ega brskalnika.<\/p>\n<p>Zavedajte se, da \u010de izberete zavrnitev ali odstranitev pi\u0161kotkov, dolo\u010dene funkcije ali storitve spletne strani ne bodo delovale, kar bo vplivalo na va\u0161o uporabni\u0161ko izku\u0161njo s to spletno stranjo. Podro\u010dja spletne strani, ki morda vsebujejo vsebino tretjih oseb, ki uporabljajo pi\u0161kotke tretjih oseb, vam ne bodo na voljo. \u010ce pride do tega, boste obve\u0161\u010deni. Ker se va\u0161a izbira onemogo\u010danja pi\u0161kotkov shrani v obliki pi\u0161kotka v va\u0161em spletnem brskalniku, se zavedajte, da morate v primeru, da izbri\u0161ete vse pi\u0161kotke, uporabite drug brskalnik ali kupite nov ra\u010dunalnik, obnoviti va\u0161o izbiro onemogo\u010danja pi\u0161kotkov.<\/p>\n<h4>Spremembe Pravilnika<\/h4>\n<p>Ta Pravilnik je bil zadnji\u010d posodobljen 28. aprila 2020. Z nadaljnjo uporabo te spletne strani potrjujete, da sprejemate ta Pravilnik.<\/p>\n","protected":false},"excerpt":{"rendered":"<p>Splo\u0161ni pogoji Pravilnik o zasebnosti Pravilnik o pi\u0161kotkih Pravilnik o Pi\u0161kotkih Ta Pravilnik opredeljuje, kako zbiramo in obdelujemo podatke o vas na tej spletni strani z uporabo pi\u0161kotkov. Izraz \u201cpi\u0161kotek\u201d v tem Pravilniku uporabljamo za sklicevanje na spletne pi\u0161kotke in podobno tehnologijo, s katero samodejno zbiramo podatke, ko obi\u0161\u010dete to spletno stran (npr. sledilni pi\u0161koti). [&hellip;]<\/p>\n","protected":false},"author":4,"featured_media":0,"parent":0,"menu_order":0,"comment_status":"closed","ping_status":"closed","template":"","meta":{"footnotes":""},"class_list":["post-5773","page","type-page","status-publish","hentry"],"yoast_head":"<!-- This site is optimized with the Yoast SEO plugin v27.3 - https:\/\/yoast.com\/product\/yoast-seo-wordpress\/ -->\n<title>Pravilnik o pi\u0161kotkih - Ptujska Klet<\/title>\n<meta name=\"robots\" content=\"index, follow, max-snippet:-1, max-image-preview:large, max-video-preview:-1\" \/>\n<link rel=\"canonical\" href=\"https:\/\/www.ptujska-klet.si\/trgovina\/pravilnik-o-piskotkih\/\" \/>\n<meta property=\"og:locale\" content=\"sl_SI\" \/>\n<meta property=\"og:type\" content=\"article\" \/>\n<meta property=\"og:title\" content=\"Pravilnik o pi\u0161kotkih - Ptujska Klet\" \/>\n<meta property=\"og:description\" content=\"Splo\u0161ni pogoji Pravilnik o zasebnosti Pravilnik o pi\u0161kotkih Pravilnik o Pi\u0161kotkih Ta Pravilnik opredeljuje, kako zbiramo in obdelujemo podatke o vas na tej spletni strani z uporabo pi\u0161kotkov. Izraz \u201cpi\u0161kotek\u201d v tem Pravilniku uporabljamo za sklicevanje na spletne pi\u0161kotke in podobno tehnologijo, s katero samodejno zbiramo podatke, ko obi\u0161\u010dete to spletno stran (npr. sledilni pi\u0161koti). [&hellip;]\" \/>\n<meta property=\"og:url\" content=\"https:\/\/www.ptujska-klet.si\/trgovina\/pravilnik-o-piskotkih\/\" \/>\n<meta property=\"og:site_name\" content=\"Ptujska Klet\" \/>\n<meta property=\"article:modified_time\" content=\"2024-10-11T11:20:11+00:00\" \/>\n<meta name=\"twitter:card\" content=\"summary_large_image\" \/>\n<meta name=\"twitter:label1\" content=\"Est. reading time\" \/>\n\t<meta name=\"twitter:data1\" content=\"5 minut\" \/>\n<script type=\"application\/ld+json\" class=\"yoast-schema-graph\">{\"@context\":\"https:\\\/\\\/schema.org\",\"@graph\":[{\"@type\":\"WebPage\",\"@id\":\"https:\\\/\\\/www.ptujska-klet.si\\\/trgovina\\\/pravilnik-o-piskotkih\\\/\",\"url\":\"https:\\\/\\\/www.ptujska-klet.si\\\/trgovina\\\/pravilnik-o-piskotkih\\\/\",\"name\":\"Pravilnik o pi\u0161kotkih - Ptujska Klet\",\"isPartOf\":{\"@id\":\"https:\\\/\\\/www.ptujska-klet.si\\\/trgovina\\\/#website\"},\"datePublished\":\"2024-10-11T11:20:09+00:00\",\"dateModified\":\"2024-10-11T11:20:11+00:00\",\"breadcrumb\":{\"@id\":\"https:\\\/\\\/www.ptujska-klet.si\\\/trgovina\\\/pravilnik-o-piskotkih\\\/#breadcrumb\"},\"inLanguage\":\"sl-SI\",\"potentialAction\":[{\"@type\":\"ReadAction\",\"target\":[\"https:\\\/\\\/www.ptujska-klet.si\\\/trgovina\\\/pravilnik-o-piskotkih\\\/\"]}]},{\"@type\":\"BreadcrumbList\",\"@id\":\"https:\\\/\\\/www.ptujska-klet.si\\\/trgovina\\\/pravilnik-o-piskotkih\\\/#breadcrumb\",\"itemListElement\":[{\"@type\":\"ListItem\",\"position\":1,\"name\":\"Home\",\"item\":\"https:\\\/\\\/www.ptujska-klet.si\\\/trgovina\\\/\"},{\"@type\":\"ListItem\",\"position\":2,\"name\":\"Pravilnik o pi\u0161kotkih\"}]},{\"@type\":\"WebSite\",\"@id\":\"https:\\\/\\\/www.ptujska-klet.si\\\/trgovina\\\/#website\",\"url\":\"https:\\\/\\\/www.ptujska-klet.si\\\/trgovina\\\/\",\"name\":\"Ptujska Klet\",\"description\":\"Vinska klet z najbolj\u0161imi vini za vse okuse\",\"publisher\":{\"@id\":\"https:\\\/\\\/www.ptujska-klet.si\\\/trgovina\\\/#organization\"},\"potentialAction\":[{\"@type\":\"SearchAction\",\"target\":{\"@type\":\"EntryPoint\",\"urlTemplate\":\"https:\\\/\\\/www.ptujska-klet.si\\\/trgovina\\\/?s={search_term_string}\"},\"query-input\":{\"@type\":\"PropertyValueSpecification\",\"valueRequired\":true,\"valueName\":\"search_term_string\"}}],\"inLanguage\":\"sl-SI\"},{\"@type\":\"Organization\",\"@id\":\"https:\\\/\\\/www.ptujska-klet.si\\\/trgovina\\\/#organization\",\"name\":\"Ptujska Klet\",\"url\":\"https:\\\/\\\/www.ptujska-klet.si\\\/trgovina\\\/\",\"logo\":{\"@type\":\"ImageObject\",\"inLanguage\":\"sl-SI\",\"@id\":\"https:\\\/\\\/www.ptujska-klet.si\\\/trgovina\\\/#\\\/schema\\\/logo\\\/image\\\/\",\"url\":\"https:\\\/\\\/www.ptujska-klet.si\\\/trgovina\\\/wp-content\\\/uploads\\\/2020\\\/04\\\/cropped-pullus_favicon-300x300-1-1.png\",\"contentUrl\":\"https:\\\/\\\/www.ptujska-klet.si\\\/trgovina\\\/wp-content\\\/uploads\\\/2020\\\/04\\\/cropped-pullus_favicon-300x300-1-1.png\",\"width\":300,\"height\":300,\"caption\":\"Ptujska Klet\"},\"image\":{\"@id\":\"https:\\\/\\\/www.ptujska-klet.si\\\/trgovina\\\/#\\\/schema\\\/logo\\\/image\\\/\"}}]}<\/script>\n<!-- \/ Yoast SEO plugin. -->","yoast_head_json":{"title":"Pravilnik o pi\u0161kotkih - Ptujska Klet","robots":{"index":"index","follow":"follow","max-snippet":"max-snippet:-1","max-image-preview":"max-image-preview:large","max-video-preview":"max-video-preview:-1"},"canonical":"https:\/\/www.ptujska-klet.si\/trgovina\/pravilnik-o-piskotkih\/","og_locale":"sl_SI","og_type":"article","og_title":"Pravilnik o pi\u0161kotkih - Ptujska Klet","og_description":"Splo\u0161ni pogoji Pravilnik o zasebnosti Pravilnik o pi\u0161kotkih Pravilnik o Pi\u0161kotkih Ta Pravilnik opredeljuje, kako zbiramo in obdelujemo podatke o vas na tej spletni strani z uporabo pi\u0161kotkov. Izraz \u201cpi\u0161kotek\u201d v tem Pravilniku uporabljamo za sklicevanje na spletne pi\u0161kotke in podobno tehnologijo, s katero samodejno zbiramo podatke, ko obi\u0161\u010dete to spletno stran (npr. sledilni pi\u0161koti). [&hellip;]","og_url":"https:\/\/www.ptujska-klet.si\/trgovina\/pravilnik-o-piskotkih\/","og_site_name":"Ptujska Klet","article_modified_time":"2024-10-11T11:20:11+00:00","twitter_card":"summary_large_image","twitter_misc":{"Est. reading time":"5 minut"},"schema":{"@context":"https:\/\/schema.org","@graph":[{"@type":"WebPage","@id":"https:\/\/www.ptujska-klet.si\/trgovina\/pravilnik-o-piskotkih\/","url":"https:\/\/www.ptujska-klet.si\/trgovina\/pravilnik-o-piskotkih\/","name":"Pravilnik o pi\u0161kotkih - Ptujska Klet","isPartOf":{"@id":"https:\/\/www.ptujska-klet.si\/trgovina\/#website"},"datePublished":"2024-10-11T11:20:09+00:00","dateModified":"2024-10-11T11:20:11+00:00","breadcrumb":{"@id":"https:\/\/www.ptujska-klet.si\/trgovina\/pravilnik-o-piskotkih\/#breadcrumb"},"inLanguage":"sl-SI","potentialAction":[{"@type":"ReadAction","target":["https:\/\/www.ptujska-klet.si\/trgovina\/pravilnik-o-piskotkih\/"]}]},{"@type":"BreadcrumbList","@id":"https:\/\/www.ptujska-klet.si\/trgovina\/pravilnik-o-piskotkih\/#breadcrumb","itemListElement":[{"@type":"ListItem","position":1,"name":"Home","item":"https:\/\/www.ptujska-klet.si\/trgovina\/"},{"@type":"ListItem","position":2,"name":"Pravilnik o pi\u0161kotkih"}]},{"@type":"WebSite","@id":"https:\/\/www.ptujska-klet.si\/trgovina\/#website","url":"https:\/\/www.ptujska-klet.si\/trgovina\/","name":"Ptujska Klet","description":"Vinska klet z najbolj\u0161imi vini za vse okuse","publisher":{"@id":"https:\/\/www.ptujska-klet.si\/trgovina\/#organization"},"potentialAction":[{"@type":"SearchAction","target":{"@type":"EntryPoint","urlTemplate":"https:\/\/www.ptujska-klet.si\/trgovina\/?s={search_term_string}"},"query-input":{"@type":"PropertyValueSpecification","valueRequired":true,"valueName":"search_term_string"}}],"inLanguage":"sl-SI"},{"@type":"Organization","@id":"https:\/\/www.ptujska-klet.si\/trgovina\/#organization","name":"Ptujska Klet","url":"https:\/\/www.ptujska-klet.si\/trgovina\/","logo":{"@type":"ImageObject","inLanguage":"sl-SI","@id":"https:\/\/www.ptujska-klet.si\/trgovina\/#\/schema\/logo\/image\/","url":"https:\/\/www.ptujska-klet.si\/trgovina\/wp-content\/uploads\/2020\/04\/cropped-pullus_favicon-300x300-1-1.png","contentUrl":"https:\/\/www.ptujska-klet.si\/trgovina\/wp-content\/uploads\/2020\/04\/cropped-pullus_favicon-300x300-1-1.png","width":300,"height":300,"caption":"Ptujska Klet"},"image":{"@id":"https:\/\/www.ptujska-klet.si\/trgovina\/#\/schema\/logo\/image\/"}}]}},"_links":{"self":[{"href":"https:\/\/www.ptujska-klet.si\/trgovina\/wp-json\/wp\/v2\/pages\/5773","targetHints":{"allow":["GET"]}}],"collection":[{"href":"https:\/\/www.ptujska-klet.si\/trgovina\/wp-json\/wp\/v2\/pages"}],"about":[{"href":"https:\/\/www.ptujska-klet.si\/trgovina\/wp-json\/wp\/v2\/types\/page"}],"author":[{"embeddable":true,"href":"https:\/\/www.ptujska-klet.si\/trgovina\/wp-json\/wp\/v2\/users\/4"}],"replies":[{"embeddable":true,"href":"https:\/\/www.ptujska-klet.si\/trgovina\/wp-json\/wp\/v2\/comments?post=5773"}],"version-history":[{"count":1,"href":"https:\/\/www.ptujska-klet.si\/trgovina\/wp-json\/wp\/v2\/pages\/5773\/revisions"}],"predecessor-version":[{"id":5774,"href":"https:\/\/www.ptujska-klet.si\/trgovina\/wp-json\/wp\/v2\/pages\/5773\/revisions\/5774"}],"wp:attachment":[{"href":"https:\/\/www.ptujska-klet.si\/trgovina\/wp-json\/wp\/v2\/media?parent=5773"}],"curies":[{"name":"wp","href":"https:\/\/api.w.org\/{rel}","templated":true}]}}