{"id":5771,"date":"2024-10-11T12:19:56","date_gmt":"2024-10-11T11:19:56","guid":{"rendered":"https:\/\/www.ptujska-klet.si\/trgovina\/?page_id=5771"},"modified":"2025-09-26T10:19:17","modified_gmt":"2025-09-26T09:19:17","slug":"splosni-pogoji","status":"publish","type":"page","link":"https:\/\/www.ptujska-klet.si\/trgovina\/splosni-pogoji\/","title":{"rendered":"Splo\u0161ni pogoji"},"content":{"rendered":"<nav><a class=\"active\" href=\"https:\/\/ptujska-klet.si\/trgovina\/splosni-pogoji\/\">Splo\u0161ni pogoji<\/a><br \/>\n<a href=\"https:\/\/ptujska-klet.si\/trgovina\/pravilnik-o-zasebnosti\/\">Pravilnik o zasebnosti<\/a><br \/>\n<a href=\"https:\/\/ptujska-klet.si\/trgovina\/pravilnik-o-piskotkih\/\">Pravilnik o pi\u0161kotkih<\/a><\/nav>\n<h3>Splo\u0161ni pogoji uporabe spletnega mesta Ptujska-klet.si<\/h3>\n<p>Ti splo\u0161ni pogoji opisujejo, dolo\u010dajo in urejajo uporabo vsebin in storitev spletnega mesta podjetja ptujska-klet.si (v nadaljevanju: spletno mesto).<\/p>\n<p>Splo\u0161ni pogoji predstavljajo pravno veljaven in zavezujo\u010d sporazum med ponudnikom in uporabniki spletnega mesta.<\/p>\n<p>Spletno mesto je v lasti in upravljanju podjetja Ptujska klet vinarstvo d.o.o. (v nadaljevanju: izdajatelj). Izdajatelj si pridr\u017euje pravico do spremembe katerega koli dela spletnega mesta in izbrisa katerega koli dela vsebine. Z nadaljnjo uporabo spletnega mesta se strinjate s spremembami splo\u0161nih pogojev.<\/p>\n<h4>Uporabniki spletnega mesta<\/h4>\n<p>Uporabnik je vsaka oseba, ki obi\u0161\u010de spletno mesto in ga na kakr\u0161en koli na\u010din uporablja. Uporaba se omogo\u010da nedolo\u010denemu \u0161tevilu uporabnikov, ki sprejmejo storitev na na\u010din, pod pogoji in v skladu s temi pogoji.<\/p>\n<h4>Dostopnost spletnega mesta<\/h4>\n<p>Spletno mesto je praviloma dostopno 24 ur na dan in vse dni v letu. Izdajatelj si pridr\u017euje pravico do ustavitev v dostopu do spletnega mesta zaradi tehni\u010dnih razlogov vzdr\u017eevanja in zamenjave opreme. Lastnik storitve ne jam\u010di dostopnosti do spletnega mesta ob morebitnih izpadih v omre\u017ejih ponudnikov dostopnih poti ali kakr\u0161nih koli izpadih, napakah, drugih tehni\u010dnih motnjah ali prekinitvah delovanja tretjih strank ter v primeru vi\u0161je sile.<\/p>\n<h4>Avtorske pravice<\/h4>\n<p>Vsebine, ki jih objavi izdajatelj, je dovoljeno pregledovati in uporabljati v skladu s temi splo\u0161nimi pogoji. Brez predhodnega pisnega dovoljenja izdajatelja se vsebin ne sme reproducirati, spreminjati, prepisovati, znova objavljati in raz\u0161irjati v komercialne ali nekomercialne namene.<\/p>\n<p>V primeru kak\u0161ne dovoljene uporabe vsebin teh strani se morajo ohraniti vse ozna\u010dbe avtorskih pravic industrijske lastnine ter druga obvestila in opozorila. Dovoljeno je, da v primeru citiranja vsebin storitev ali izdelkov uporabnik naredi povezavo na spletno mesto. Povezav ni dovoljeno objavljati na straneh z nezakonito ali nemoralno vsebino. Na zahtevo izdajatelja je lastnik spletnega mesta ali izdelka, na katerem je objavljena povezava, le-to dol\u017ean odstraniti.<\/p>\n<p>Za morebitno nadaljnjo razpolaganje tretjih oseb z vsebinami spletnega mesta izdajatelj ni odgovoren niti nima vpliva na ravnanje tretjih oseb, s \u010dimer je uporabnik seznanjen in se strinja. Uporabnik izrecno zagotavlja, da z objavo svojih vsebin, ki jih objavlja na spletnem mestu, niso kr\u0161ene pravice intelektualne lastnine niti osebnostne pravice tretjih oseb.<\/p>\n<p>Znamke, ki se pojavljajo v storitvi ali ostalih izdelkih, so registrirane znamke, katerih imetnik ali uporabnik licence je izdajatelj, povezane dru\u017ebe ali tretje osebe. Kakr\u0161na koli uporaba teh znamk je izrecno prepovedana brez ustreznega predhodnega pisnega soglasja imetnika pravic. Znaki, ki niso registrirani kot znamke, so za\u0161\u010diteni po pravilih avtorskega prava.<\/p>\n<p>\u010ce uporabnik po\u0161lje gradivo, ki je za\u0161\u010diteno v skladu z Zakonom o industrijski lastnini, Zakonom o avtorski in sorodnih pravicah in s povezanimi predpisi, izdajatelj za kr\u0161enje avtorskih pravic ne odgovarja.<\/p>\n<p>Uporabnik, ki izdajatelju po\u0161lje gradivo, se strinja, da za njegovo objavo ne bo zahteval pla\u010dil ali nadomestil.<\/p>\n<h4>Funkcije dru\u017ebenih omre\u017eij<\/h4>\n<p>Spletno mesto lahko vklju\u010duje funkcionalnost dru\u017ebenih omre\u017eij in mo\u017enost objave na Facebooku ter Twitterju. Lastnik storitve uporabnikom dovoljuje objavo povezav in priporo\u010dil na dru\u017ebena omre\u017eja na na\u010din, ki je sestavni del funkcionalnosti dru\u017ebenih omre\u017eij.<\/p>\n<h4>Politika zasebnosti\/varstvo osebnih podatkov\/GDPR<\/h4>\n<p>Izdajatelj va\u0161e osebne podatke obdeluje v skladu s Splo\u0161no uredbo o varstvu podatkov (GDPR). Ve\u010d o svojih pravicah in varstvu osebnih podatkov izveste\u00a0<a href=\"https:\/\/ptujska-klet.si\/trgovina\/pravilnik-o-zasebnosti\/\">tukaj.<\/a><\/p>\n<h4>Spletni pi\u0161kotki<\/h4>\n<p>Izdajatelj se zavezuje, da bo uporabnikove podatke varoval z ustrezno skrbnostjo in da jih ne bo posredoval tretjim osebam. Podatke o uporabi spletnega mesta, ki se bodo zbirali samodejno in ki ne omogo\u010dajo vpogleda v osebne podatke, bo uporabil z namenom zagotavljanja storitve in izbolj\u0161anja uporabe spletnega mesta, kot je podrobneje dolo\u010deno v obvestilu o pi\u0161kotkih.<\/p>\n<p>Ve\u010d o pi\u0161kotkih in njihovi rabi si lahko preberete\u00a0<a href=\"https:\/\/ptujska-klet.si\/trgovina\/pravilnik-o-piskotkih\/\">tukaj.<\/a><\/p>\n<p>Vse prito\u017ebe in reklamacije v zvezi s temi splo\u0161nimi pogoji in z uporabo spletnega mesta bo obravnaval izdajatelj. Pi\u0161ete nam lahko na elektronski naslov info@ptujska-klet.si. V primeru utemeljenih prito\u017eb se zavezujemo, da jih bomo odpravili v zakonsko dolo\u010denem \u010dasu in o tem obvestili uporabnika.<\/p>\n<p>Ptujska klet vinarstvo d.o.o.<\/p>\n","protected":false},"excerpt":{"rendered":"<p>Splo\u0161ni pogoji Pravilnik o zasebnosti Pravilnik o pi\u0161kotkih Splo\u0161ni pogoji uporabe spletnega mesta Ptujska-klet.si Ti splo\u0161ni pogoji opisujejo, dolo\u010dajo in urejajo uporabo vsebin in storitev spletnega mesta podjetja ptujska-klet.si (v nadaljevanju: spletno mesto). Splo\u0161ni pogoji predstavljajo pravno veljaven in zavezujo\u010d sporazum med ponudnikom in uporabniki spletnega mesta. Spletno mesto je v lasti in upravljanju podjetja [&hellip;]<\/p>\n","protected":false},"author":4,"featured_media":0,"parent":0,"menu_order":0,"comment_status":"closed","ping_status":"closed","template":"","meta":{"footnotes":""},"class_list":["post-5771","page","type-page","status-publish","hentry"],"yoast_head":"<!-- This site is optimized with the Yoast SEO plugin v27.3 - https:\/\/yoast.com\/product\/yoast-seo-wordpress\/ -->\n<title>Splo\u0161ni pogoji - Ptujska Klet<\/title>\n<meta name=\"robots\" content=\"index, follow, max-snippet:-1, max-image-preview:large, max-video-preview:-1\" \/>\n<link rel=\"canonical\" href=\"https:\/\/www.ptujska-klet.si\/trgovina\/splosni-pogoji\/\" \/>\n<meta property=\"og:locale\" content=\"sl_SI\" \/>\n<meta property=\"og:type\" content=\"article\" \/>\n<meta property=\"og:title\" content=\"Splo\u0161ni pogoji - Ptujska Klet\" \/>\n<meta property=\"og:description\" content=\"Splo\u0161ni pogoji Pravilnik o zasebnosti Pravilnik o pi\u0161kotkih Splo\u0161ni pogoji uporabe spletnega mesta Ptujska-klet.si Ti splo\u0161ni pogoji opisujejo, dolo\u010dajo in urejajo uporabo vsebin in storitev spletnega mesta podjetja ptujska-klet.si (v nadaljevanju: spletno mesto). Splo\u0161ni pogoji predstavljajo pravno veljaven in zavezujo\u010d sporazum med ponudnikom in uporabniki spletnega mesta. Spletno mesto je v lasti in upravljanju podjetja [&hellip;]\" \/>\n<meta property=\"og:url\" content=\"https:\/\/www.ptujska-klet.si\/trgovina\/splosni-pogoji\/\" \/>\n<meta property=\"og:site_name\" content=\"Ptujska Klet\" \/>\n<meta property=\"article:modified_time\" content=\"2025-09-26T09:19:17+00:00\" \/>\n<meta name=\"twitter:card\" content=\"summary_large_image\" \/>\n<meta name=\"twitter:label1\" content=\"Est. reading time\" \/>\n\t<meta name=\"twitter:data1\" content=\"4 minute\" \/>\n<script type=\"application\/ld+json\" class=\"yoast-schema-graph\">{\"@context\":\"https:\\\/\\\/schema.org\",\"@graph\":[{\"@type\":\"WebPage\",\"@id\":\"https:\\\/\\\/www.ptujska-klet.si\\\/trgovina\\\/splosni-pogoji\\\/\",\"url\":\"https:\\\/\\\/www.ptujska-klet.si\\\/trgovina\\\/splosni-pogoji\\\/\",\"name\":\"Splo\u0161ni pogoji - Ptujska Klet\",\"isPartOf\":{\"@id\":\"https:\\\/\\\/www.ptujska-klet.si\\\/trgovina\\\/#website\"},\"datePublished\":\"2024-10-11T11:19:56+00:00\",\"dateModified\":\"2025-09-26T09:19:17+00:00\",\"breadcrumb\":{\"@id\":\"https:\\\/\\\/www.ptujska-klet.si\\\/trgovina\\\/splosni-pogoji\\\/#breadcrumb\"},\"inLanguage\":\"sl-SI\",\"potentialAction\":[{\"@type\":\"ReadAction\",\"target\":[\"https:\\\/\\\/www.ptujska-klet.si\\\/trgovina\\\/splosni-pogoji\\\/\"]}]},{\"@type\":\"BreadcrumbList\",\"@id\":\"https:\\\/\\\/www.ptujska-klet.si\\\/trgovina\\\/splosni-pogoji\\\/#breadcrumb\",\"itemListElement\":[{\"@type\":\"ListItem\",\"position\":1,\"name\":\"Home\",\"item\":\"https:\\\/\\\/www.ptujska-klet.si\\\/trgovina\\\/\"},{\"@type\":\"ListItem\",\"position\":2,\"name\":\"Splo\u0161ni pogoji\"}]},{\"@type\":\"WebSite\",\"@id\":\"https:\\\/\\\/www.ptujska-klet.si\\\/trgovina\\\/#website\",\"url\":\"https:\\\/\\\/www.ptujska-klet.si\\\/trgovina\\\/\",\"name\":\"Ptujska Klet\",\"description\":\"Vinska klet z najbolj\u0161imi vini za vse okuse\",\"publisher\":{\"@id\":\"https:\\\/\\\/www.ptujska-klet.si\\\/trgovina\\\/#organization\"},\"potentialAction\":[{\"@type\":\"SearchAction\",\"target\":{\"@type\":\"EntryPoint\",\"urlTemplate\":\"https:\\\/\\\/www.ptujska-klet.si\\\/trgovina\\\/?s={search_term_string}\"},\"query-input\":{\"@type\":\"PropertyValueSpecification\",\"valueRequired\":true,\"valueName\":\"search_term_string\"}}],\"inLanguage\":\"sl-SI\"},{\"@type\":\"Organization\",\"@id\":\"https:\\\/\\\/www.ptujska-klet.si\\\/trgovina\\\/#organization\",\"name\":\"Ptujska Klet\",\"url\":\"https:\\\/\\\/www.ptujska-klet.si\\\/trgovina\\\/\",\"logo\":{\"@type\":\"ImageObject\",\"inLanguage\":\"sl-SI\",\"@id\":\"https:\\\/\\\/www.ptujska-klet.si\\\/trgovina\\\/#\\\/schema\\\/logo\\\/image\\\/\",\"url\":\"https:\\\/\\\/www.ptujska-klet.si\\\/trgovina\\\/wp-content\\\/uploads\\\/2020\\\/04\\\/cropped-pullus_favicon-300x300-1-1.png\",\"contentUrl\":\"https:\\\/\\\/www.ptujska-klet.si\\\/trgovina\\\/wp-content\\\/uploads\\\/2020\\\/04\\\/cropped-pullus_favicon-300x300-1-1.png\",\"width\":300,\"height\":300,\"caption\":\"Ptujska Klet\"},\"image\":{\"@id\":\"https:\\\/\\\/www.ptujska-klet.si\\\/trgovina\\\/#\\\/schema\\\/logo\\\/image\\\/\"}}]}<\/script>\n<!-- \/ Yoast SEO plugin. -->","yoast_head_json":{"title":"Splo\u0161ni pogoji - Ptujska Klet","robots":{"index":"index","follow":"follow","max-snippet":"max-snippet:-1","max-image-preview":"max-image-preview:large","max-video-preview":"max-video-preview:-1"},"canonical":"https:\/\/www.ptujska-klet.si\/trgovina\/splosni-pogoji\/","og_locale":"sl_SI","og_type":"article","og_title":"Splo\u0161ni pogoji - Ptujska Klet","og_description":"Splo\u0161ni pogoji Pravilnik o zasebnosti Pravilnik o pi\u0161kotkih Splo\u0161ni pogoji uporabe spletnega mesta Ptujska-klet.si Ti splo\u0161ni pogoji opisujejo, dolo\u010dajo in urejajo uporabo vsebin in storitev spletnega mesta podjetja ptujska-klet.si (v nadaljevanju: spletno mesto). Splo\u0161ni pogoji predstavljajo pravno veljaven in zavezujo\u010d sporazum med ponudnikom in uporabniki spletnega mesta. Spletno mesto je v lasti in upravljanju podjetja [&hellip;]","og_url":"https:\/\/www.ptujska-klet.si\/trgovina\/splosni-pogoji\/","og_site_name":"Ptujska Klet","article_modified_time":"2025-09-26T09:19:17+00:00","twitter_card":"summary_large_image","twitter_misc":{"Est. reading time":"4 minute"},"schema":{"@context":"https:\/\/schema.org","@graph":[{"@type":"WebPage","@id":"https:\/\/www.ptujska-klet.si\/trgovina\/splosni-pogoji\/","url":"https:\/\/www.ptujska-klet.si\/trgovina\/splosni-pogoji\/","name":"Splo\u0161ni pogoji - Ptujska Klet","isPartOf":{"@id":"https:\/\/www.ptujska-klet.si\/trgovina\/#website"},"datePublished":"2024-10-11T11:19:56+00:00","dateModified":"2025-09-26T09:19:17+00:00","breadcrumb":{"@id":"https:\/\/www.ptujska-klet.si\/trgovina\/splosni-pogoji\/#breadcrumb"},"inLanguage":"sl-SI","potentialAction":[{"@type":"ReadAction","target":["https:\/\/www.ptujska-klet.si\/trgovina\/splosni-pogoji\/"]}]},{"@type":"BreadcrumbList","@id":"https:\/\/www.ptujska-klet.si\/trgovina\/splosni-pogoji\/#breadcrumb","itemListElement":[{"@type":"ListItem","position":1,"name":"Home","item":"https:\/\/www.ptujska-klet.si\/trgovina\/"},{"@type":"ListItem","position":2,"name":"Splo\u0161ni pogoji"}]},{"@type":"WebSite","@id":"https:\/\/www.ptujska-klet.si\/trgovina\/#website","url":"https:\/\/www.ptujska-klet.si\/trgovina\/","name":"Ptujska Klet","description":"Vinska klet z najbolj\u0161imi vini za vse okuse","publisher":{"@id":"https:\/\/www.ptujska-klet.si\/trgovina\/#organization"},"potentialAction":[{"@type":"SearchAction","target":{"@type":"EntryPoint","urlTemplate":"https:\/\/www.ptujska-klet.si\/trgovina\/?s={search_term_string}"},"query-input":{"@type":"PropertyValueSpecification","valueRequired":true,"valueName":"search_term_string"}}],"inLanguage":"sl-SI"},{"@type":"Organization","@id":"https:\/\/www.ptujska-klet.si\/trgovina\/#organization","name":"Ptujska Klet","url":"https:\/\/www.ptujska-klet.si\/trgovina\/","logo":{"@type":"ImageObject","inLanguage":"sl-SI","@id":"https:\/\/www.ptujska-klet.si\/trgovina\/#\/schema\/logo\/image\/","url":"https:\/\/www.ptujska-klet.si\/trgovina\/wp-content\/uploads\/2020\/04\/cropped-pullus_favicon-300x300-1-1.png","contentUrl":"https:\/\/www.ptujska-klet.si\/trgovina\/wp-content\/uploads\/2020\/04\/cropped-pullus_favicon-300x300-1-1.png","width":300,"height":300,"caption":"Ptujska Klet"},"image":{"@id":"https:\/\/www.ptujska-klet.si\/trgovina\/#\/schema\/logo\/image\/"}}]}},"_links":{"self":[{"href":"https:\/\/www.ptujska-klet.si\/trgovina\/wp-json\/wp\/v2\/pages\/5771","targetHints":{"allow":["GET"]}}],"collection":[{"href":"https:\/\/www.ptujska-klet.si\/trgovina\/wp-json\/wp\/v2\/pages"}],"about":[{"href":"https:\/\/www.ptujska-klet.si\/trgovina\/wp-json\/wp\/v2\/types\/page"}],"author":[{"embeddable":true,"href":"https:\/\/www.ptujska-klet.si\/trgovina\/wp-json\/wp\/v2\/users\/4"}],"replies":[{"embeddable":true,"href":"https:\/\/www.ptujska-klet.si\/trgovina\/wp-json\/wp\/v2\/comments?post=5771"}],"version-history":[{"count":2,"href":"https:\/\/www.ptujska-klet.si\/trgovina\/wp-json\/wp\/v2\/pages\/5771\/revisions"}],"predecessor-version":[{"id":6020,"href":"https:\/\/www.ptujska-klet.si\/trgovina\/wp-json\/wp\/v2\/pages\/5771\/revisions\/6020"}],"wp:attachment":[{"href":"https:\/\/www.ptujska-klet.si\/trgovina\/wp-json\/wp\/v2\/media?parent=5771"}],"curies":[{"name":"wp","href":"https:\/\/api.w.org\/{rel}","templated":true}]}}