{"id":5769,"date":"2024-10-11T12:19:39","date_gmt":"2024-10-11T11:19:39","guid":{"rendered":"https:\/\/www.ptujska-klet.si\/trgovina\/?page_id=5769"},"modified":"2025-09-26T10:26:58","modified_gmt":"2025-09-26T09:26:58","slug":"pravilnik-o-zasebnosti","status":"publish","type":"page","link":"https:\/\/www.ptujska-klet.si\/trgovina\/pravilnik-o-zasebnosti\/","title":{"rendered":"Pravilnik o zasebnosti"},"content":{"rendered":"<nav><a href=\"https:\/\/ptujska-klet.si\/trgovina\/splosni-pogoji\/\">Splo\u0161ni pogoji<\/a><br \/>\n<a class=\"active\" href=\"https:\/\/ptujska-klet.si\/trgovina\/pravilnik-o-zasebnosti\/\">Pravilnik o zasebnosti<\/a><br \/>\n<a href=\"https:\/\/ptujska-klet.si\/trgovina\/pravilnik-o-piskotkih\/\">Pravilnik o pi\u0161kotkih<\/a><\/nav>\n<h3>Pravilnik o Zasebnosti<\/h3>\n<h4>1. Izjava o varstvu osebnih podatkov<\/h4>\n<p>V podjetju Ptujska klet vinarstvo d.o.o., Vinarski trg 1, 2250 Ptuj, dav\u010dna \u0161tevilka: SI15804666, mati\u010dna \u0161tevilka: 1482297000 (v nadaljevanju: upravitelj) spo\u0161tujemo va\u0161o zasebnost in se zavezujemo k varovanju osebnih podatkov, ki jih prejmemo od vas. Temu vidiku pri izvajanju na\u0161ih spletnih dejavnosti posve\u010damo veliko pozornost. Na\u0161a politika o varstvu podatkov je zato skladna tako z veljavnimi dolo\u010dbami na podro\u010dju varstva osebnih podatkov kot tudi z drugimi zakonskimi dolo\u010dili. Da bi va\u0161e podatke kar najbolj u\u010dinkovito za\u0161\u010ditili pred naklju\u010dnimi ali namernimi manipulacijami, izgubo podatkov in njihovim uni\u010denjem oziroma dostop do njih onemogo\u010dili nepoobla\u0161\u010denim tretjim osebam. Uporabljamo tehni\u010dne in organizacijske varnostne ukrepe, ki jih nadgrajujemo skladno s tehnolo\u0161kim razvojem in zakonskimi spremembami. V nadaljevanju vas bomo seznanili, katere va\u0161e osebne podatke zbiramo in \u010demu jih uporabljamo, kako varujemo va\u0161e podatke in kako lahko sami spremenite svoje podatke.<\/p>\n<h4>2. Katere va\u0161e podatke zbiramo?<\/h4>\n<p>Na\u0161o spletno mesto lahko obi\u0161\u010dete brez navedbe svojih osebnih podatkov. Navedba osebnih podatkov je potrebna le ob izvedbi naro\u010dila.<\/p>\n<p><strong>Ob izvedenem naro\u010dilu<\/strong><\/p>\n<p>Osebni podatki, ki jih o vas pridobimo so:<\/p>\n<p>Ime in priimek<br \/>\nPodjetje<br \/>\nNaziv<\/p>\n<p>Naslov (ulica in mesto)<br \/>\nTel. \u0161t. \/ GSM<br \/>\nE-naslov<\/p>\n<p>Osebne podatke, prejete ob izvedenem naro\u010dilu, zbiramo, uporabljamo in obdelujemo z namenom vodenja evidence o \u0161tevilu povpra\u0161evanj ter komunikacijo po elektronski po\u0161ti ali telefonu.<\/p>\n<h4>3. Kako varujemo va\u0161e podatke?<\/h4>\n<p>Vsi omenjeni podatki, se na stre\u017eniku v internem CRM sistemu upravitelja shranjujejo dve leti nato so trajno izbrisani, zaradi sledljivosti in zagotavljanja kakovosti storitev. V podjetju Ptujska klet vinarstvo d.o.o lahko osebne podatke v anonimizirani sumarni obliki uporabimo za namene osnovnih analiz zadovoljstva z na\u0161imi storitvami. V nobenem primeru va\u0161ih osebnih podatkov ne bomo predali nepoobla\u0161\u010denim osebam. Podatki, ki jih zbiramo in obdelujemo, bodo razkriti v primeru, \u010de je taka obveznost dolo\u010dena v zakonu, ali v dobri veri, da je tako ukrepanje potrebno za postopke pred sodi\u0161\u010di ali drugimi dr\u017eavnimi organi ter za za\u0161\u010dito in uresni\u010devanje zakonitih interesov upravitelja. Za varovanje osebnih podatkov je odgovoren tudi uporabnik sam in sicer tako, da poskrbi za varnost ra\u010dunalnika in na njem delujo\u010dega sistema s katerim opravlja naro\u010dila.<\/p>\n<h4>4. Pravica dostopanja do informacij<\/h4>\n<p>Pravico imate, da na lastno zahtevo in brezpla\u010dno prejmete informacije o tem, katere va\u0161e osebne podatke smo shranili. Nadalje imate pravico zahtevati popravke, izbris ali prepoved uporabe nepravilnih podatkov. V dolo\u010denih okoli\u0161\u010dinah utegne biti izbris podatkov v nasprotju z zakonskimi predpisi, \u0161e posebej, \u010de so podatki namenjeni za ra\u010dunovodske in knjigovodske namene. Kadarkoli lahko zahtevate:<\/p>\n<p>Popravek svojih osebnih podatkov s posredovanjem pisne zahteve na naslov alenka.gacanovic@ptujska-klet.si.<br \/>\nTrajen izbris osebnih podatkov, ki jih upravitelj hrani o vas, s posredovanjem pisne zahteve na naslov alenka.gacanovic@ptujska-klet.si.<br \/>\nIzvoz in vpogled do osebnih podatkov v elektronski obliki, ki jih upravitelj hrani o vas, s posredovanjem pisne zahteve na naslov alenka.gacanovic@ptujska-klet.si.<\/p>\n<p><strong>POMEMBNO!<\/strong><\/p>\n<p>Zahtevek za popravek, izbris ali izvoz ter vpogled osebnih podatkov mora biti poslan iz enakega e-naslova, kot je bil uporabljen ob izvajanju naro\u010dila na ptujska-klet.si.<\/p>\n<h4>5. Uporaba pi\u0161kotkov<\/h4>\n<p>O politiki pi\u0161kotkov si lahko preberete ve\u010d na tej povezavi \u2013 pravilnik o pi\u0161kotkih.<\/p>\n<h4>6. Retargeting<\/h4>\n<p>Za delovanje na\u0161e spletne ponudbe ter priporo\u010dil izdelkov uporabljamo tehnologijo podjetja Google Inc. (1600 Amphitheatre Parkway, Mountain View, CA 94043, USA; \u201eGoogle\u201c) za izdelavo psevdonimiziranih uporabni\u0161kih profilov o obna\u0161anju spletnih uporabnikov za tr\u017eenjske namene. V ta namen lahko uporabljamo pi\u0161kotke, ki omogo\u010dajo prepoznavanje spletnega brskalnika ob vnovi\u010dnem obisku. Shranjeno obna\u0161anje pri brskanju se analizira na osnovi algoritma, tako da lahko prika\u017eemo po interesih ciljno priporo\u010dene izdelke v obliki reklamnih pasic oz. oglasov na spletnih straneh tretjih oseb. Psevdonimizirani uporabni\u0161ki profili se brez posebnega izrecnega soglasja zadevne osebe ne povezujejo z osebnimi podatki o nosilcu psevdonima. Ustvarjanje psevdonimiziranega uporabni\u0161kega profila za reklame\/oglase glede na interese lahko kadar koli prekli\u010dete na spletni strani <a href=\"https:\/\/support.google.com\/ads\/answer\/2662856?co=GENIE.Platform%3DAndroid&amp;hl=en\">https:\/\/support.google.com\/ads\/answer\/2662856?co=GENIE.Platform%3DAndroid&amp;hl=en<\/a>. Druge informacije glede ogla\u0161evanja po interesih dobite na <a href=\"http:\/\/www.google.com\/policies\/technologies\/ads\/\">http:\/\/www.google.com\/policies\/technologies\/ads\/<\/a>.<\/p>\n<p>To spletno mesto uporablja storitev Retargeting-Pixel Custom Audiences dru\u017ebenega omre\u017eja Facebook, 1601 South California Avenue, Palo Alto, CA 94304, USA. S storitvijo Remarketing-Pixels uporablja podjetje Facebook uporabnike na\u0161ega spletnega mesta kot ciljno skupino za tr\u017eenjske oglase v storitvi Facebook Ads. V ta namen se v va\u0161em osebnem ra\u010dunalniku shrani pi\u0161kotek podjetja Facebook. Ve\u010d informacij o obsegu in namenu zbiranja podatkov ter nadaljnji obdelavi in uporabi podatkov s strani podjetja Facebook ter mo\u017enostih nastavitev za za\u0161\u010dito zasebnosti najdete v smernicah podjetja Facebook za varovanje podatkov na naslovih <a href=\"https:\/\/facebook.com\/policy.php\">https:\/\/facebook.com\/policy.php<\/a> in <a href=\"https:\/\/www.facebook.com\/ads\/settings\">https:\/\/www.facebook.com\/ads\/settings<\/a>. Uporabo storitve Custom Audiences lahko prekli\u010dete na naslovu <a href=\"http:\/\/www.youronlinechoices.com\">www.youronlinechoices.com.<\/a><\/p>\n<h4>7. Spletna analitika<\/h4>\n<p>Ta spletna stran uporablja Google Analytics, storitev za spletno analizo podjetja Google Inc. (\u00bbGoogle\u00ab). Google Analytics uporablja t. i. \u00bbpi\u0161kotke\u00ab, besedilne datoteke, ki se shranijo na va\u0161em ra\u010dunalniku in omogo\u010dajo analizo va\u0161e uporabe spletne strani. Poleg tega ta spletna stran uporablja Google AMP Client ID API, da s storitvijo Google Analytics aktivnosti uporabnikov na straneh AMP pove\u017ee z dejavnostmi na straneh brez AMP. Googlove kode za spletno sledenje te spletne strani uporabljajo funkcijo \u00bb_anonymizeIp()\u00ab. S tem se IP-naslov znotraj dr\u017eav \u010dlanic Evropske unije ali v drugih dr\u017eavah Evropskega gospodarskega prostora obdela le v skraj\u0161ani obliki, da je izklju\u010dena neposredna povezava z osebo. Le izjemoma se celoten IP-naslov prenese na Googlov stre\u017enik v ZDA in se tam skraj\u0161a. Po naro\u010dilu skrbnika te spletne strani bo Google te informacije uporabil, da bo ovrednotil va\u0161o uporabo spletne strani, da bo pripravil poro\u010dilo o aktivnostih na spletni strani in da bo zagotavljal storitve, ki so povezane z uporabo spletne strani in spleta. IP-naslov, ki ga v okviru orodja Google Analytics posredujemo z va\u0161ega brskalnika, se ne zdru\u017euje z drugimi podatki podjetja Google. Shranjevanje pi\u0161kotkov lahko prepre\u010dite z ustrezno nastavitvijo programske opreme brskalnika; opozarjamo vas, da v tem primeru morda ne boste mogli uporabljati vseh funkcij te spletne strani v celoti. Poleg tega lahko podjetju Google prepre\u010dite pridobivanje podatkov s pi\u0161kotki in podatkov, ki so vezani na va\u0161o uporabo spletne strani (vklju\u010dno z va\u0161im IP-naslovom), ter njihovo obdelavo tako, da s spodnje povezave prenesete in namestite vti\u010dnik za brskalnik: <a href=\"https:\/\/tools.google.com\/dlpage\/gaoptout?hl=en\">https:\/\/tools.google.com\/dlpage\/gaoptout?hl=en<\/a><\/p>\n<h4>8. Upravitelj<\/h4>\n<p><strong>Ptujska klet vinarstvo d.o.o.<\/strong><\/p>\n<p>Vinarski trg 1, 2250 Ptuj<\/p>\n<p>t: +386 (0)2 78 79 810<\/p>\n<p>e: info@ptujska-klet.si<\/p>\n<p>Datum: 18.03.2024<\/p>\n","protected":false},"excerpt":{"rendered":"<p>Splo\u0161ni pogoji Pravilnik o zasebnosti Pravilnik o pi\u0161kotkih Pravilnik o Zasebnosti 1. Izjava o varstvu osebnih podatkov V podjetju Ptujska klet vinarstvo d.o.o., Vinarski trg 1, 2250 Ptuj, dav\u010dna \u0161tevilka: SI15804666, mati\u010dna \u0161tevilka: 1482297000 (v nadaljevanju: upravitelj) spo\u0161tujemo va\u0161o zasebnost in se zavezujemo k varovanju osebnih podatkov, ki jih prejmemo od vas. Temu vidiku pri [&hellip;]<\/p>\n","protected":false},"author":4,"featured_media":0,"parent":0,"menu_order":0,"comment_status":"closed","ping_status":"closed","template":"","meta":{"footnotes":""},"class_list":["post-5769","page","type-page","status-publish","hentry"],"yoast_head":"<!-- This site is optimized with the Yoast SEO plugin v27.3 - https:\/\/yoast.com\/product\/yoast-seo-wordpress\/ -->\n<title>Pravilnik o zasebnosti - Ptujska Klet<\/title>\n<meta name=\"robots\" content=\"index, follow, max-snippet:-1, max-image-preview:large, max-video-preview:-1\" \/>\n<link rel=\"canonical\" href=\"https:\/\/www.ptujska-klet.si\/trgovina\/pravilnik-o-zasebnosti\/\" \/>\n<meta property=\"og:locale\" content=\"sl_SI\" \/>\n<meta property=\"og:type\" content=\"article\" \/>\n<meta property=\"og:title\" content=\"Pravilnik o zasebnosti - Ptujska Klet\" \/>\n<meta property=\"og:description\" content=\"Splo\u0161ni pogoji Pravilnik o zasebnosti Pravilnik o pi\u0161kotkih Pravilnik o Zasebnosti 1. Izjava o varstvu osebnih podatkov V podjetju Ptujska klet vinarstvo d.o.o., Vinarski trg 1, 2250 Ptuj, dav\u010dna \u0161tevilka: SI15804666, mati\u010dna \u0161tevilka: 1482297000 (v nadaljevanju: upravitelj) spo\u0161tujemo va\u0161o zasebnost in se zavezujemo k varovanju osebnih podatkov, ki jih prejmemo od vas. Temu vidiku pri [&hellip;]\" \/>\n<meta property=\"og:url\" content=\"https:\/\/www.ptujska-klet.si\/trgovina\/pravilnik-o-zasebnosti\/\" \/>\n<meta property=\"og:site_name\" content=\"Ptujska Klet\" \/>\n<meta property=\"article:modified_time\" content=\"2025-09-26T09:26:58+00:00\" \/>\n<meta name=\"twitter:card\" content=\"summary_large_image\" \/>\n<meta name=\"twitter:label1\" content=\"Est. reading time\" \/>\n\t<meta name=\"twitter:data1\" content=\"6 minut\" \/>\n<script type=\"application\/ld+json\" class=\"yoast-schema-graph\">{\"@context\":\"https:\\\/\\\/schema.org\",\"@graph\":[{\"@type\":\"WebPage\",\"@id\":\"https:\\\/\\\/www.ptujska-klet.si\\\/trgovina\\\/pravilnik-o-zasebnosti\\\/\",\"url\":\"https:\\\/\\\/www.ptujska-klet.si\\\/trgovina\\\/pravilnik-o-zasebnosti\\\/\",\"name\":\"Pravilnik o zasebnosti - Ptujska Klet\",\"isPartOf\":{\"@id\":\"https:\\\/\\\/www.ptujska-klet.si\\\/trgovina\\\/#website\"},\"datePublished\":\"2024-10-11T11:19:39+00:00\",\"dateModified\":\"2025-09-26T09:26:58+00:00\",\"breadcrumb\":{\"@id\":\"https:\\\/\\\/www.ptujska-klet.si\\\/trgovina\\\/pravilnik-o-zasebnosti\\\/#breadcrumb\"},\"inLanguage\":\"sl-SI\",\"potentialAction\":[{\"@type\":\"ReadAction\",\"target\":[\"https:\\\/\\\/www.ptujska-klet.si\\\/trgovina\\\/pravilnik-o-zasebnosti\\\/\"]}]},{\"@type\":\"BreadcrumbList\",\"@id\":\"https:\\\/\\\/www.ptujska-klet.si\\\/trgovina\\\/pravilnik-o-zasebnosti\\\/#breadcrumb\",\"itemListElement\":[{\"@type\":\"ListItem\",\"position\":1,\"name\":\"Home\",\"item\":\"https:\\\/\\\/www.ptujska-klet.si\\\/trgovina\\\/\"},{\"@type\":\"ListItem\",\"position\":2,\"name\":\"Pravilnik o zasebnosti\"}]},{\"@type\":\"WebSite\",\"@id\":\"https:\\\/\\\/www.ptujska-klet.si\\\/trgovina\\\/#website\",\"url\":\"https:\\\/\\\/www.ptujska-klet.si\\\/trgovina\\\/\",\"name\":\"Ptujska Klet\",\"description\":\"Vinska klet z najbolj\u0161imi vini za vse okuse\",\"publisher\":{\"@id\":\"https:\\\/\\\/www.ptujska-klet.si\\\/trgovina\\\/#organization\"},\"potentialAction\":[{\"@type\":\"SearchAction\",\"target\":{\"@type\":\"EntryPoint\",\"urlTemplate\":\"https:\\\/\\\/www.ptujska-klet.si\\\/trgovina\\\/?s={search_term_string}\"},\"query-input\":{\"@type\":\"PropertyValueSpecification\",\"valueRequired\":true,\"valueName\":\"search_term_string\"}}],\"inLanguage\":\"sl-SI\"},{\"@type\":\"Organization\",\"@id\":\"https:\\\/\\\/www.ptujska-klet.si\\\/trgovina\\\/#organization\",\"name\":\"Ptujska Klet\",\"url\":\"https:\\\/\\\/www.ptujska-klet.si\\\/trgovina\\\/\",\"logo\":{\"@type\":\"ImageObject\",\"inLanguage\":\"sl-SI\",\"@id\":\"https:\\\/\\\/www.ptujska-klet.si\\\/trgovina\\\/#\\\/schema\\\/logo\\\/image\\\/\",\"url\":\"https:\\\/\\\/www.ptujska-klet.si\\\/trgovina\\\/wp-content\\\/uploads\\\/2020\\\/04\\\/cropped-pullus_favicon-300x300-1-1.png\",\"contentUrl\":\"https:\\\/\\\/www.ptujska-klet.si\\\/trgovina\\\/wp-content\\\/uploads\\\/2020\\\/04\\\/cropped-pullus_favicon-300x300-1-1.png\",\"width\":300,\"height\":300,\"caption\":\"Ptujska Klet\"},\"image\":{\"@id\":\"https:\\\/\\\/www.ptujska-klet.si\\\/trgovina\\\/#\\\/schema\\\/logo\\\/image\\\/\"}}]}<\/script>\n<!-- \/ Yoast SEO plugin. -->","yoast_head_json":{"title":"Pravilnik o zasebnosti - Ptujska Klet","robots":{"index":"index","follow":"follow","max-snippet":"max-snippet:-1","max-image-preview":"max-image-preview:large","max-video-preview":"max-video-preview:-1"},"canonical":"https:\/\/www.ptujska-klet.si\/trgovina\/pravilnik-o-zasebnosti\/","og_locale":"sl_SI","og_type":"article","og_title":"Pravilnik o zasebnosti - Ptujska Klet","og_description":"Splo\u0161ni pogoji Pravilnik o zasebnosti Pravilnik o pi\u0161kotkih Pravilnik o Zasebnosti 1. Izjava o varstvu osebnih podatkov V podjetju Ptujska klet vinarstvo d.o.o., Vinarski trg 1, 2250 Ptuj, dav\u010dna \u0161tevilka: SI15804666, mati\u010dna \u0161tevilka: 1482297000 (v nadaljevanju: upravitelj) spo\u0161tujemo va\u0161o zasebnost in se zavezujemo k varovanju osebnih podatkov, ki jih prejmemo od vas. Temu vidiku pri [&hellip;]","og_url":"https:\/\/www.ptujska-klet.si\/trgovina\/pravilnik-o-zasebnosti\/","og_site_name":"Ptujska Klet","article_modified_time":"2025-09-26T09:26:58+00:00","twitter_card":"summary_large_image","twitter_misc":{"Est. reading time":"6 minut"},"schema":{"@context":"https:\/\/schema.org","@graph":[{"@type":"WebPage","@id":"https:\/\/www.ptujska-klet.si\/trgovina\/pravilnik-o-zasebnosti\/","url":"https:\/\/www.ptujska-klet.si\/trgovina\/pravilnik-o-zasebnosti\/","name":"Pravilnik o zasebnosti - Ptujska Klet","isPartOf":{"@id":"https:\/\/www.ptujska-klet.si\/trgovina\/#website"},"datePublished":"2024-10-11T11:19:39+00:00","dateModified":"2025-09-26T09:26:58+00:00","breadcrumb":{"@id":"https:\/\/www.ptujska-klet.si\/trgovina\/pravilnik-o-zasebnosti\/#breadcrumb"},"inLanguage":"sl-SI","potentialAction":[{"@type":"ReadAction","target":["https:\/\/www.ptujska-klet.si\/trgovina\/pravilnik-o-zasebnosti\/"]}]},{"@type":"BreadcrumbList","@id":"https:\/\/www.ptujska-klet.si\/trgovina\/pravilnik-o-zasebnosti\/#breadcrumb","itemListElement":[{"@type":"ListItem","position":1,"name":"Home","item":"https:\/\/www.ptujska-klet.si\/trgovina\/"},{"@type":"ListItem","position":2,"name":"Pravilnik o zasebnosti"}]},{"@type":"WebSite","@id":"https:\/\/www.ptujska-klet.si\/trgovina\/#website","url":"https:\/\/www.ptujska-klet.si\/trgovina\/","name":"Ptujska Klet","description":"Vinska klet z najbolj\u0161imi vini za vse okuse","publisher":{"@id":"https:\/\/www.ptujska-klet.si\/trgovina\/#organization"},"potentialAction":[{"@type":"SearchAction","target":{"@type":"EntryPoint","urlTemplate":"https:\/\/www.ptujska-klet.si\/trgovina\/?s={search_term_string}"},"query-input":{"@type":"PropertyValueSpecification","valueRequired":true,"valueName":"search_term_string"}}],"inLanguage":"sl-SI"},{"@type":"Organization","@id":"https:\/\/www.ptujska-klet.si\/trgovina\/#organization","name":"Ptujska Klet","url":"https:\/\/www.ptujska-klet.si\/trgovina\/","logo":{"@type":"ImageObject","inLanguage":"sl-SI","@id":"https:\/\/www.ptujska-klet.si\/trgovina\/#\/schema\/logo\/image\/","url":"https:\/\/www.ptujska-klet.si\/trgovina\/wp-content\/uploads\/2020\/04\/cropped-pullus_favicon-300x300-1-1.png","contentUrl":"https:\/\/www.ptujska-klet.si\/trgovina\/wp-content\/uploads\/2020\/04\/cropped-pullus_favicon-300x300-1-1.png","width":300,"height":300,"caption":"Ptujska Klet"},"image":{"@id":"https:\/\/www.ptujska-klet.si\/trgovina\/#\/schema\/logo\/image\/"}}]}},"_links":{"self":[{"href":"https:\/\/www.ptujska-klet.si\/trgovina\/wp-json\/wp\/v2\/pages\/5769","targetHints":{"allow":["GET"]}}],"collection":[{"href":"https:\/\/www.ptujska-klet.si\/trgovina\/wp-json\/wp\/v2\/pages"}],"about":[{"href":"https:\/\/www.ptujska-klet.si\/trgovina\/wp-json\/wp\/v2\/types\/page"}],"author":[{"embeddable":true,"href":"https:\/\/www.ptujska-klet.si\/trgovina\/wp-json\/wp\/v2\/users\/4"}],"replies":[{"embeddable":true,"href":"https:\/\/www.ptujska-klet.si\/trgovina\/wp-json\/wp\/v2\/comments?post=5769"}],"version-history":[{"count":2,"href":"https:\/\/www.ptujska-klet.si\/trgovina\/wp-json\/wp\/v2\/pages\/5769\/revisions"}],"predecessor-version":[{"id":6021,"href":"https:\/\/www.ptujska-klet.si\/trgovina\/wp-json\/wp\/v2\/pages\/5769\/revisions\/6021"}],"wp:attachment":[{"href":"https:\/\/www.ptujska-klet.si\/trgovina\/wp-json\/wp\/v2\/media?parent=5769"}],"curies":[{"name":"wp","href":"https:\/\/api.w.org\/{rel}","templated":true}]}}