{"id":3283,"date":"2020-04-28T15:08:27","date_gmt":"2020-04-28T15:08:27","guid":{"rendered":"https:\/\/pullus-shop.com\/?page_id=3283"},"modified":"2020-04-28T15:08:27","modified_gmt":"2020-04-28T15:08:27","slug":"kontakt","status":"publish","type":"page","link":"https:\/\/www.ptujska-klet.si\/trgovina\/kontakt\/","title":{"rendered":"Kontakt"},"content":{"rendered":"<h4>Ptujska klet<\/h4>\n<p><a href=\"https:\/\/www.google.com\/search?q=vinoteka%20pullus&amp;oq=vinoteka+pullus&amp;aqs=chrome..69i57j0l6.3661j0j7&amp;sourceid=chrome&amp;ie=UTF-8&amp;sxsrf=ALeKk025D2h9Tz5zZrbs8_Zk5uXqTzC0jg:1590488424384&amp;npsic=0&amp;rflfq=1&amp;rlha=0&amp;rllag=46307485,15024162,66411&amp;tbm=lcl&amp;rldimm=9376293641030147213&amp;lqi=Cg92aW5vdGVrYSBwdWxsdXNaIgoPdmlub3Rla2EgcHVsbHVzIg92aW5vdGVrYSBwdWxsdXM&amp;phdesc=-dlBC0ineSA&amp;ved=2ahUKEwj1xLeMp9HpAhXLAxAIHRYwBcgQvS4wAnoECAwQKw&amp;rldoc=1&amp;tbs=lrf:!1m4!1u3!2m2!3m1!1e1!1m4!1u2!2m2!2m1!1e1!2m1!1e2!2m1!1e3!3sIAE,lf:1,lf_ui:10&amp;rlst=f#rlfi=hd:;si:9376293641030147213,l,Cg92aW5vdGVrYSBwdWxsdXNaIgoPdmlub3Rla2EgcHVsbHVzIg92aW5vdGVrYSBwdWxsdXM,y,-dlBC0ineSA;mv:%5B%5B46.4480831,16.0151696%5D,%5B45.9255748,13.3766654%5D%5D\">Ptujska klet vinarstvo d.o.o.<br \/>\nVinarski trg 1, 2250 Ptuj<br \/>\n<\/a><\/p>\n<p>E-po\u0161ta: <a href=\"mailto:info@ptujska-klet.si\">info@ptujska-klet.si<\/a><br \/>\nTelefon: <a href=\"tel:02-78-79-810\">02 78 79 810<\/a><\/p>\n<h4>Vinoteka<\/h4>\n<p>Telefon: <a href=\"tel:02-78-79-827 \">02 78 79 827<\/a><\/p>\n<p>Odpiralni \u010das:<br \/>\npon. do pet.: 9:00 &#8211; 16:00<br \/>\nsobota: 9:00 &#8211; 12:00<\/p>\n<h4>Vinski hram<\/h4>\n<p>Naro\u010danje ogledov<br \/>\nod pon. do pet. med 9. in 15. uro<\/p>\n<p>Telefon: <a href=\"tel:02-787-98-35\">02 787 98 35<\/a><\/p>\n<p>Ksenja Arbeiter:<br \/>\n<a href=\"mailto:ksenja.arbeiter@ptujska-klet.si\">ksenja.arbeiter@ptujska-klet.si<\/a><\/p>\n","protected":false},"excerpt":{"rendered":"<p>Ptujska klet Ptujska klet vinarstvo d.o.o. Vinarski trg 1, 2250 Ptuj E-po\u0161ta: info@ptujska-klet.si Telefon: 02 78 79 810 Vinoteka Telefon: 02 78 79 827 Odpiralni \u010das: pon. do pet.: 9:00 &#8211; 16:00 sobota: 9:00 &#8211; 12:00 Vinski hram Naro\u010danje ogledov od pon. do pet. med 9. in 15. uro Telefon: 02 787 98 35 Ksenja [&hellip;]<\/p>\n","protected":false},"author":2,"featured_media":0,"parent":0,"menu_order":0,"comment_status":"closed","ping_status":"closed","template":"","meta":{"footnotes":""},"class_list":["post-3283","page","type-page","status-publish","hentry"],"yoast_head":"<!-- This site is optimized with the Yoast SEO plugin v27.5 - https:\/\/yoast.com\/product\/yoast-seo-wordpress\/ -->\n<title>Kontakt - Ptujska Klet<\/title>\n<meta name=\"robots\" content=\"index, follow, max-snippet:-1, max-image-preview:large, max-video-preview:-1\" \/>\n<link rel=\"canonical\" href=\"https:\/\/www.ptujska-klet.si\/trgovina\/kontakt\/\" \/>\n<meta property=\"og:locale\" content=\"sl_SI\" \/>\n<meta property=\"og:type\" content=\"article\" \/>\n<meta property=\"og:title\" content=\"Kontakt - Ptujska Klet\" \/>\n<meta property=\"og:description\" content=\"Ptujska klet Ptujska klet vinarstvo d.o.o. Vinarski trg 1, 2250 Ptuj E-po\u0161ta: info@ptujska-klet.si Telefon: 02 78 79 810 Vinoteka Telefon: 02 78 79 827 Odpiralni \u010das: pon. do pet.: 9:00 &#8211; 16:00 sobota: 9:00 &#8211; 12:00 Vinski hram Naro\u010danje ogledov od pon. do pet. med 9. in 15. uro Telefon: 02 787 98 35 Ksenja [&hellip;]\" \/>\n<meta property=\"og:url\" content=\"https:\/\/www.ptujska-klet.si\/trgovina\/kontakt\/\" \/>\n<meta property=\"og:site_name\" content=\"Ptujska Klet\" \/>\n<meta name=\"twitter:card\" content=\"summary_large_image\" \/>\n<meta name=\"twitter:label1\" content=\"Est. reading time\" \/>\n\t<meta name=\"twitter:data1\" content=\"1 minuta\" \/>\n<script type=\"application\/ld+json\" class=\"yoast-schema-graph\">{\"@context\":\"https:\\\/\\\/schema.org\",\"@graph\":[{\"@type\":\"WebPage\",\"@id\":\"https:\\\/\\\/www.ptujska-klet.si\\\/trgovina\\\/kontakt\\\/\",\"url\":\"https:\\\/\\\/www.ptujska-klet.si\\\/trgovina\\\/kontakt\\\/\",\"name\":\"Kontakt - Ptujska Klet\",\"isPartOf\":{\"@id\":\"https:\\\/\\\/www.ptujska-klet.si\\\/trgovina\\\/#website\"},\"datePublished\":\"2020-04-28T15:08:27+00:00\",\"breadcrumb\":{\"@id\":\"https:\\\/\\\/www.ptujska-klet.si\\\/trgovina\\\/kontakt\\\/#breadcrumb\"},\"inLanguage\":\"sl-SI\",\"potentialAction\":[{\"@type\":\"ReadAction\",\"target\":[\"https:\\\/\\\/www.ptujska-klet.si\\\/trgovina\\\/kontakt\\\/\"]}]},{\"@type\":\"BreadcrumbList\",\"@id\":\"https:\\\/\\\/www.ptujska-klet.si\\\/trgovina\\\/kontakt\\\/#breadcrumb\",\"itemListElement\":[{\"@type\":\"ListItem\",\"position\":1,\"name\":\"Home\",\"item\":\"https:\\\/\\\/www.ptujska-klet.si\\\/trgovina\\\/\"},{\"@type\":\"ListItem\",\"position\":2,\"name\":\"Kontakt\"}]},{\"@type\":\"WebSite\",\"@id\":\"https:\\\/\\\/www.ptujska-klet.si\\\/trgovina\\\/#website\",\"url\":\"https:\\\/\\\/www.ptujska-klet.si\\\/trgovina\\\/\",\"name\":\"Ptujska Klet\",\"description\":\"Vinska klet z najbolj\u0161imi vini za vse okuse\",\"publisher\":{\"@id\":\"https:\\\/\\\/www.ptujska-klet.si\\\/trgovina\\\/#organization\"},\"potentialAction\":[{\"@type\":\"SearchAction\",\"target\":{\"@type\":\"EntryPoint\",\"urlTemplate\":\"https:\\\/\\\/www.ptujska-klet.si\\\/trgovina\\\/?s={search_term_string}\"},\"query-input\":{\"@type\":\"PropertyValueSpecification\",\"valueRequired\":true,\"valueName\":\"search_term_string\"}}],\"inLanguage\":\"sl-SI\"},{\"@type\":\"Organization\",\"@id\":\"https:\\\/\\\/www.ptujska-klet.si\\\/trgovina\\\/#organization\",\"name\":\"Ptujska Klet\",\"url\":\"https:\\\/\\\/www.ptujska-klet.si\\\/trgovina\\\/\",\"logo\":{\"@type\":\"ImageObject\",\"inLanguage\":\"sl-SI\",\"@id\":\"https:\\\/\\\/www.ptujska-klet.si\\\/trgovina\\\/#\\\/schema\\\/logo\\\/image\\\/\",\"url\":\"https:\\\/\\\/www.ptujska-klet.si\\\/trgovina\\\/wp-content\\\/uploads\\\/2020\\\/04\\\/cropped-pullus_favicon-300x300-1-1.png\",\"contentUrl\":\"https:\\\/\\\/www.ptujska-klet.si\\\/trgovina\\\/wp-content\\\/uploads\\\/2020\\\/04\\\/cropped-pullus_favicon-300x300-1-1.png\",\"width\":300,\"height\":300,\"caption\":\"Ptujska Klet\"},\"image\":{\"@id\":\"https:\\\/\\\/www.ptujska-klet.si\\\/trgovina\\\/#\\\/schema\\\/logo\\\/image\\\/\"}}]}<\/script>\n<!-- \/ Yoast SEO plugin. -->","yoast_head_json":{"title":"Kontakt - Ptujska Klet","robots":{"index":"index","follow":"follow","max-snippet":"max-snippet:-1","max-image-preview":"max-image-preview:large","max-video-preview":"max-video-preview:-1"},"canonical":"https:\/\/www.ptujska-klet.si\/trgovina\/kontakt\/","og_locale":"sl_SI","og_type":"article","og_title":"Kontakt - Ptujska Klet","og_description":"Ptujska klet Ptujska klet vinarstvo d.o.o. Vinarski trg 1, 2250 Ptuj E-po\u0161ta: info@ptujska-klet.si Telefon: 02 78 79 810 Vinoteka Telefon: 02 78 79 827 Odpiralni \u010das: pon. do pet.: 9:00 &#8211; 16:00 sobota: 9:00 &#8211; 12:00 Vinski hram Naro\u010danje ogledov od pon. do pet. med 9. in 15. uro Telefon: 02 787 98 35 Ksenja [&hellip;]","og_url":"https:\/\/www.ptujska-klet.si\/trgovina\/kontakt\/","og_site_name":"Ptujska Klet","twitter_card":"summary_large_image","twitter_misc":{"Est. reading time":"1 minuta"},"schema":{"@context":"https:\/\/schema.org","@graph":[{"@type":"WebPage","@id":"https:\/\/www.ptujska-klet.si\/trgovina\/kontakt\/","url":"https:\/\/www.ptujska-klet.si\/trgovina\/kontakt\/","name":"Kontakt - Ptujska Klet","isPartOf":{"@id":"https:\/\/www.ptujska-klet.si\/trgovina\/#website"},"datePublished":"2020-04-28T15:08:27+00:00","breadcrumb":{"@id":"https:\/\/www.ptujska-klet.si\/trgovina\/kontakt\/#breadcrumb"},"inLanguage":"sl-SI","potentialAction":[{"@type":"ReadAction","target":["https:\/\/www.ptujska-klet.si\/trgovina\/kontakt\/"]}]},{"@type":"BreadcrumbList","@id":"https:\/\/www.ptujska-klet.si\/trgovina\/kontakt\/#breadcrumb","itemListElement":[{"@type":"ListItem","position":1,"name":"Home","item":"https:\/\/www.ptujska-klet.si\/trgovina\/"},{"@type":"ListItem","position":2,"name":"Kontakt"}]},{"@type":"WebSite","@id":"https:\/\/www.ptujska-klet.si\/trgovina\/#website","url":"https:\/\/www.ptujska-klet.si\/trgovina\/","name":"Ptujska Klet","description":"Vinska klet z najbolj\u0161imi vini za vse okuse","publisher":{"@id":"https:\/\/www.ptujska-klet.si\/trgovina\/#organization"},"potentialAction":[{"@type":"SearchAction","target":{"@type":"EntryPoint","urlTemplate":"https:\/\/www.ptujska-klet.si\/trgovina\/?s={search_term_string}"},"query-input":{"@type":"PropertyValueSpecification","valueRequired":true,"valueName":"search_term_string"}}],"inLanguage":"sl-SI"},{"@type":"Organization","@id":"https:\/\/www.ptujska-klet.si\/trgovina\/#organization","name":"Ptujska Klet","url":"https:\/\/www.ptujska-klet.si\/trgovina\/","logo":{"@type":"ImageObject","inLanguage":"sl-SI","@id":"https:\/\/www.ptujska-klet.si\/trgovina\/#\/schema\/logo\/image\/","url":"https:\/\/www.ptujska-klet.si\/trgovina\/wp-content\/uploads\/2020\/04\/cropped-pullus_favicon-300x300-1-1.png","contentUrl":"https:\/\/www.ptujska-klet.si\/trgovina\/wp-content\/uploads\/2020\/04\/cropped-pullus_favicon-300x300-1-1.png","width":300,"height":300,"caption":"Ptujska Klet"},"image":{"@id":"https:\/\/www.ptujska-klet.si\/trgovina\/#\/schema\/logo\/image\/"}}]}},"_links":{"self":[{"href":"https:\/\/www.ptujska-klet.si\/trgovina\/wp-json\/wp\/v2\/pages\/3283","targetHints":{"allow":["GET"]}}],"collection":[{"href":"https:\/\/www.ptujska-klet.si\/trgovina\/wp-json\/wp\/v2\/pages"}],"about":[{"href":"https:\/\/www.ptujska-klet.si\/trgovina\/wp-json\/wp\/v2\/types\/page"}],"author":[{"embeddable":true,"href":"https:\/\/www.ptujska-klet.si\/trgovina\/wp-json\/wp\/v2\/users\/2"}],"replies":[{"embeddable":true,"href":"https:\/\/www.ptujska-klet.si\/trgovina\/wp-json\/wp\/v2\/comments?post=3283"}],"version-history":[{"count":0,"href":"https:\/\/www.ptujska-klet.si\/trgovina\/wp-json\/wp\/v2\/pages\/3283\/revisions"}],"wp:attachment":[{"href":"https:\/\/www.ptujska-klet.si\/trgovina\/wp-json\/wp\/v2\/media?parent=3283"}],"curies":[{"name":"wp","href":"https:\/\/api.w.org\/{rel}","templated":true}]}}